{"id":804,"date":"2015-01-21T21:13:19","date_gmt":"2015-01-21T21:13:19","guid":{"rendered":"http:\/\/bugatelier.eu\/?page_id=804"},"modified":"2025-03-17T09:53:44","modified_gmt":"2025-03-17T09:53:44","slug":"atelier","status":"publish","type":"page","link":"https:\/\/bugatelier.eu\/?page_id=804","title":{"rendered":"L&#8217;atelier  historique"},"content":{"rendered":"<p><\/p>\n<p><em>Vous \u00eates ici sur une page du site internet datant de la cr\u00e9ation de l&#8217;atelier. Cette page n&#8217;est plus actualis\u00e9e. Elle est n\u00e9anmoins conserv\u00e9e pour t\u00e9moigner de la vie et de l&#8217;\u00e9volution de Bugatelier.<\/em> ( <a href=\"https:\/\/shop.bugatelier.eu\" data-type=\"URL\" data-id=\"https:\/\/shop.bugatelier.eu\">vers le site actuel<\/a> )<\/p>\n<p><\/p>\n<div class='grid_4 alpha'>\n<p><strong>Une rapide visite guid\u00e9e de Bugatelier tel qu&#8217;il se pr\u00e9sentait \u00e0 cr\u00e9ation de l&#8217;entreprise en 2014.<\/strong><\/p>\n<p>L&#8217;entreprise est install\u00e9e dans un corps de ferme alsacienne du d\u00e9but du 19\u00e8me si\u00e8cle, restaur\u00e9 avec des mat\u00e9riaux anciens. La grange a \u00e9t\u00e9 reconvertie en atelier spacieux et fonctionnel.<\/p>\n<p><strong>L&#8217;atelier a sensiblement \u00e9volu\u00e9 depuis. <\/strong><a href=\"https:\/\/shop.bugatelier.eu\/visite-de-latelier-2\/\"><em>Voici son \u00e9tat actuel<\/em><\/a><\/p>\n<\/div>\n<div class='grid_6 omega'>\n<div style=\"width: 640px;\" class=\"wp-video\"><!--[if lt IE 9]><script>document.createElement('video');<\/script><![endif]-->\n<video class=\"wp-video-shortcode\" id=\"video-804-1\" width=\"640\" height=\"427\" poster=\"http:\/\/bugatelier.eu\/wp-content\/uploads\/2015\/01\/Presentation-Bugatelier_480-m4v-image.jpg\" preload=\"metadata\" controls=\"controls\"><source type=\"video\/mp4\" src=\"http:\/\/bugatelier.eu\/wp-content\/uploads\/2011\/07\/Presentation-Bugatelier_480.m4v?_=1\" \/><a href=\"http:\/\/bugatelier.eu\/wp-content\/uploads\/2011\/07\/Presentation-Bugatelier_480.m4v\">http:\/\/bugatelier.eu\/wp-content\/uploads\/2011\/07\/Presentation-Bugatelier_480.m4v<\/a><\/video><\/div>\n<\/div>\n<div class='clear'><\/div>\n<hr>\n<div class='grid_4 alpha'>\n<p><strong>Remise en condition des moteurs<\/strong><br \/><a href=\"http:\/\/bugatelier.eu\/?portfolio=essai-3\"><img decoding=\"async\" loading=\"lazy\" class=\"alignnone wp-image-742 size-medium\" src=\"http:\/\/bugatelier.eu\/wp-content\/uploads\/2014\/12\/Bugatelier_Acceuil_Moteur_T44-300x200.jpg\" alt=\"\" width=\"300\" height=\"200\" srcset=\"https:\/\/bugatelier.eu\/wp-content\/uploads\/2014\/12\/Bugatelier_Acceuil_Moteur_T44-300x200.jpg 300w, https:\/\/bugatelier.eu\/wp-content\/uploads\/2014\/12\/Bugatelier_Acceuil_Moteur_T44-642x428.jpg 642w, https:\/\/bugatelier.eu\/wp-content\/uploads\/2014\/12\/Bugatelier_Acceuil_Moteur_T44-978x652.jpg 978w, https:\/\/bugatelier.eu\/wp-content\/uploads\/2014\/12\/Bugatelier_Acceuil_Moteur_T44.jpg 1023w\" sizes=\"(max-width: 300px) 100vw, 300px\" \/><\/a><\/p>\n<\/div>\n<div class='grid_4'>\n<p><strong>Usinage, al\u00e9sage, tournage, rectification&#8230;<\/strong><br \/><a href=\"http:\/\/bugatelier.eu\/?portfolio=machine-shop\"><img decoding=\"async\" loading=\"lazy\" class=\"alignnone wp-image-747 size-medium\" src=\"http:\/\/bugatelier.eu\/wp-content\/uploads\/2014\/12\/Bugatelier_Atelier_machines_outil-300x200.jpg\" alt=\"Bugatelier_Atelier_machines_outil\" width=\"300\" height=\"200\" srcset=\"https:\/\/bugatelier.eu\/wp-content\/uploads\/2014\/12\/Bugatelier_Atelier_machines_outil-300x200.jpg 300w, https:\/\/bugatelier.eu\/wp-content\/uploads\/2014\/12\/Bugatelier_Atelier_machines_outil-642x428.jpg 642w, https:\/\/bugatelier.eu\/wp-content\/uploads\/2014\/12\/Bugatelier_Atelier_machines_outil-978x652.jpg 978w, https:\/\/bugatelier.eu\/wp-content\/uploads\/2014\/12\/Bugatelier_Atelier_machines_outil.jpg 1024w\" sizes=\"(max-width: 300px) 100vw, 300px\" \/><\/a><\/p>\n<\/div>\n<div class='grid_4 omega'>\n<p><strong>Montage et assemblage<\/strong><br \/><a href=\"http:\/\/bugatelier.eu\/?portfolio=montage-et-assemblage\"><img decoding=\"async\" loading=\"lazy\" class=\"alignnone wp-image-764 size-medium\" src=\"http:\/\/bugatelier.eu\/wp-content\/uploads\/2014\/12\/Bugatelier_Atelier_hall_assemblage_2-300x200.jpg\" alt=\"Bugatelier_Atelier_hall_assemblage_2\" width=\"300\" height=\"200\" srcset=\"https:\/\/bugatelier.eu\/wp-content\/uploads\/2014\/12\/Bugatelier_Atelier_hall_assemblage_2-300x200.jpg 300w, https:\/\/bugatelier.eu\/wp-content\/uploads\/2014\/12\/Bugatelier_Atelier_hall_assemblage_2-642x428.jpg 642w, https:\/\/bugatelier.eu\/wp-content\/uploads\/2014\/12\/Bugatelier_Atelier_hall_assemblage_2-978x652.jpg 978w, https:\/\/bugatelier.eu\/wp-content\/uploads\/2014\/12\/Bugatelier_Atelier_hall_assemblage_2.jpg 1024w\" sizes=\"(max-width: 300px) 100vw, 300px\" \/><\/a><\/p>\n<\/div>\n<div class='clear'><\/div>\n<div class='grid_4 alpha'>\n<p><strong>M\u00e9trologie<\/strong><br \/><a href=\"http:\/\/bugatelier.eu\/?portfolio=metrologie\"><img decoding=\"async\" loading=\"lazy\" class=\"alignnone wp-image-759 size-medium\" src=\"http:\/\/bugatelier.eu\/wp-content\/uploads\/2014\/12\/Bugatelier_Services_Metrologie-200x300.jpg\" alt=\"Bugatelier_Services_Metrologie\" width=\"200\" height=\"300\" srcset=\"https:\/\/bugatelier.eu\/wp-content\/uploads\/2014\/12\/Bugatelier_Services_Metrologie-200x300.jpg 200w, https:\/\/bugatelier.eu\/wp-content\/uploads\/2014\/12\/Bugatelier_Services_Metrologie.jpg 534w\" sizes=\"(max-width: 200px) 100vw, 200px\" \/><\/a><\/p>\n<\/div>\n<div class='grid_4'>\n<p><strong>Menuiserie<\/strong><\/p>\n<p><a href=\"http:\/\/bugatelier.eu\/?portfolio=menuiserie\"><img decoding=\"async\" loading=\"lazy\" class=\"alignnone wp-image-928 size-medium\" src=\"http:\/\/bugatelier.eu\/wp-content\/uploads\/2015\/01\/menuiserie-300x199.jpg\" alt=\"menuiserie\" width=\"300\" height=\"199\" srcset=\"https:\/\/bugatelier.eu\/wp-content\/uploads\/2015\/01\/menuiserie-300x199.jpg 300w, https:\/\/bugatelier.eu\/wp-content\/uploads\/2015\/01\/menuiserie-642x427.jpg 642w, https:\/\/bugatelier.eu\/wp-content\/uploads\/2015\/01\/menuiserie.jpg 800w\" sizes=\"(max-width: 300px) 100vw, 300px\" \/><\/a><\/p>\n<\/div>\n<div class='clear'><\/div>\n<a href='#' class='scroll-top'>haut de page ?<\/a>\n","protected":false},"excerpt":{"rendered":"<p>Vous \u00eates ici sur une page du site internet datant de la cr\u00e9ation de l&#8217;atelier. Cette page n&#8217;est plus actualis\u00e9e. Elle est n\u00e9anmoins conserv\u00e9e pour t\u00e9moigner de la vie et de l&#8217;\u00e9volution de Bugatelier. ( vers le site actuel ) Une rapide visite guid\u00e9e de Bugatelier tel qu&#8217;il se pr\u00e9sentait \u00e0 cr\u00e9ation de l&#8217;entreprise en [&hellip;]<\/p>\n","protected":false},"author":2,"featured_media":0,"parent":0,"menu_order":0,"comment_status":"closed","ping_status":"closed","template":"page-fullwidth.php","meta":[],"_links":{"self":[{"href":"https:\/\/bugatelier.eu\/index.php?rest_route=\/wp\/v2\/pages\/804"}],"collection":[{"href":"https:\/\/bugatelier.eu\/index.php?rest_route=\/wp\/v2\/pages"}],"about":[{"href":"https:\/\/bugatelier.eu\/index.php?rest_route=\/wp\/v2\/types\/page"}],"author":[{"embeddable":true,"href":"https:\/\/bugatelier.eu\/index.php?rest_route=\/wp\/v2\/users\/2"}],"replies":[{"embeddable":true,"href":"https:\/\/bugatelier.eu\/index.php?rest_route=%2Fwp%2Fv2%2Fcomments&post=804"}],"version-history":[{"count":70,"href":"https:\/\/bugatelier.eu\/index.php?rest_route=\/wp\/v2\/pages\/804\/revisions"}],"predecessor-version":[{"id":7544,"href":"https:\/\/bugatelier.eu\/index.php?rest_route=\/wp\/v2\/pages\/804\/revisions\/7544"}],"wp:attachment":[{"href":"https:\/\/bugatelier.eu\/index.php?rest_route=%2Fwp%2Fv2%2Fmedia&parent=804"}],"curies":[{"name":"wp","href":"https:\/\/api.w.org\/{rel}","templated":true}]}}