{"id":6958,"date":"2021-01-06T08:00:58","date_gmt":"2021-01-06T08:00:58","guid":{"rendered":"http:\/\/bugatelier.eu\/?page_id=6958"},"modified":"2021-01-06T08:07:41","modified_gmt":"2021-01-06T08:07:41","slug":"du-neuf-dans-lequipe","status":"publish","type":"page","link":"https:\/\/bugatelier.eu\/?page_id=6958","title":{"rendered":"Du neuf dans l&#8217;\u00e9quipe"},"content":{"rendered":"<p><!-- \/wp:paragraph --><\/p>\n<p><!-- \/wp:media-text --><\/p>\n<p><!-- wp:media-text {\"mediaPosition\":\"right\",\"mediaId\":6567,\"mediaType\":\"image\",\"mediaWidth\":60} --><\/p>\n<div class=\"wp-block-media-text alignwide has-media-on-the-right\" style=\"grid-template-columns: auto 60%;\">\n<figure class=\"wp-block-media-text__media\"><a href=\"http:\/\/bugatelier.eu\/wp-content\/uploads\/2020\/09\/christianantoine-1.jpg\"><img decoding=\"async\" loading=\"lazy\" class=\"alignright wp-image-6567\" src=\"http:\/\/bugatelier.eu\/wp-content\/uploads\/2020\/09\/christianantoine-1-1024x683.jpg\" alt=\"\" width=\"600\" height=\"400\" srcset=\"https:\/\/bugatelier.eu\/wp-content\/uploads\/2020\/09\/christianantoine-1-1024x683.jpg 1024w, https:\/\/bugatelier.eu\/wp-content\/uploads\/2020\/09\/christianantoine-1-300x200.jpg 300w, https:\/\/bugatelier.eu\/wp-content\/uploads\/2020\/09\/christianantoine-1-768x512.jpg 768w, https:\/\/bugatelier.eu\/wp-content\/uploads\/2020\/09\/christianantoine-1-642x428.jpg 642w, https:\/\/bugatelier.eu\/wp-content\/uploads\/2020\/09\/christianantoine-1-978x652.jpg 978w, https:\/\/bugatelier.eu\/wp-content\/uploads\/2020\/09\/christianantoine-1.jpg 2048w\" sizes=\"(max-width: 600px) 100vw, 600px\" \/><\/a><\/figure>\n<div class=\"wp-block-media-text__content\">\n<p><!-- \/wp:heading --><\/p>\n<p><!-- wp:paragraph --><\/p>\n<h3>Un renfort de choix !<\/h3>\n<p>BUGATELIER a le grand plaisir de vous annoncer qu&#8217;Antoine, fils du fondateur Christian SCHANN, a rejoint l&#8217;entreprise depuis le 1er septembre.<\/p>\n<p><!-- \/wp:paragraph --><\/p>\n<\/div>\n<\/div>\n<p><!-- \/wp:media-text --><\/p>\n<p><em>Antoine est diplom\u00e9 de l&#8217;Ecole Nationale d&#8217;Ing\u00e9nieurs de Metz et de l&#8217;Universit\u00e9 de Kaiserslautern, avec une formation en m\u00e9canique et une sp\u00e9cialisation dans les machines \u00e0 combustion interne.<br \/>\n<\/em><\/p>\n<p style=\"text-align: left;\"><em>Ag\u00e9s de 35 ans, Antoine vient de passer les 8 derni\u00e8res ann\u00e9es \u00e0 la t\u00eate du d\u00e9partement test et validation de l&#8217;usine Flender \u00e0 Graffenstaden, un leader dans la fabrication d&#8217;engrenages. Auparavant, il a travaill\u00e9 comme ing\u00e9nieur chez L&amp;L Products dans le d\u00e9veloppement de solutions sur mesure pour le compte de constructeurs comme Mercedes et Porsche.<\/em><\/p>\n<p style=\"text-align: left;\"><em>M\u00e9canicien dans l&#8217;\u00e2me, il a r\u00e9alis\u00e9 d\u00e8s son jeune \u00e2ge de nombreux projets de restauration d&#8217;automobiles des ann\u00e9es 70 ainsi que de motocyclettes.<\/em><\/p>\n<p style=\"text-align: left;\"><em>Cette passion pour la m\u00e9canique, conjugu\u00e9e \u00e0 une maitrise des technologies des moteurs, des trains d&#8217;engrenages ainsi que la mise au point sur banc d&#8217;essai constituent un atout majeur pour Bugatelier.<\/em><\/p>\n<p style=\"text-align: left;\"><em>Face \u00e0 l&#8217;accroissement des r\u00e9parations et des demandes de pi\u00e8ces pour les voitures Bugatti de nos clients, l&#8217;arriv\u00e9e d&#8217;Antoine repr\u00e9sente un renfort de choix qui permettra de r\u00e9duire consid\u00e9rablement les d\u00e9lais d&#8217;intervention, ce pour le plus grand bonheur des Bugattistes!<\/em><\/p>\n","protected":false},"excerpt":{"rendered":"<p>Un renfort de choix ! BUGATELIER a le grand plaisir de vous annoncer qu&#8217;Antoine, fils du fondateur Christian SCHANN, a rejoint l&#8217;entreprise depuis le 1er septembre. Antoine est diplom\u00e9 de l&#8217;Ecole Nationale d&#8217;Ing\u00e9nieurs de Metz et de l&#8217;Universit\u00e9 de Kaiserslautern, avec une formation en m\u00e9canique et une sp\u00e9cialisation dans les machines \u00e0 combustion interne. Ag\u00e9s [&hellip;]<\/p>\n","protected":false},"author":2,"featured_media":0,"parent":0,"menu_order":0,"comment_status":"closed","ping_status":"closed","template":"page-fullwidth.php","meta":[],"_links":{"self":[{"href":"https:\/\/bugatelier.eu\/index.php?rest_route=\/wp\/v2\/pages\/6958"}],"collection":[{"href":"https:\/\/bugatelier.eu\/index.php?rest_route=\/wp\/v2\/pages"}],"about":[{"href":"https:\/\/bugatelier.eu\/index.php?rest_route=\/wp\/v2\/types\/page"}],"author":[{"embeddable":true,"href":"https:\/\/bugatelier.eu\/index.php?rest_route=\/wp\/v2\/users\/2"}],"replies":[{"embeddable":true,"href":"https:\/\/bugatelier.eu\/index.php?rest_route=%2Fwp%2Fv2%2Fcomments&post=6958"}],"version-history":[{"count":8,"href":"https:\/\/bugatelier.eu\/index.php?rest_route=\/wp\/v2\/pages\/6958\/revisions"}],"predecessor-version":[{"id":6973,"href":"https:\/\/bugatelier.eu\/index.php?rest_route=\/wp\/v2\/pages\/6958\/revisions\/6973"}],"wp:attachment":[{"href":"https:\/\/bugatelier.eu\/index.php?rest_route=%2Fwp%2Fv2%2Fmedia&parent=6958"}],"curies":[{"name":"wp","href":"https:\/\/api.w.org\/{rel}","templated":true}]}}