{"id":6720,"date":"2020-11-26T09:17:56","date_gmt":"2020-11-26T09:17:56","guid":{"rendered":"http:\/\/bugatelier.eu\/?page_id=6720"},"modified":"2020-12-01T11:25:49","modified_gmt":"2020-12-01T11:25:49","slug":"moteur-bugatti-type-37a","status":"publish","type":"page","link":"https:\/\/bugatelier.eu\/?page_id=6720","title":{"rendered":"Moteur Bugatti type 37A"},"content":{"rendered":"<div class='grid_4 alpha'>\n<p><strong>R\u00e9fection d&#8217;un moteur Type 37A<\/strong><\/p>\n<p>Un moteur qui revient de loin !<br \/>\nAvant le remontage, le moteur est pass\u00e9 au banc.<\/p>\n<\/div>\n<div class='grid_8 omega'>\n<div style=\"width: 960px;\" class=\"wp-video\"><!--[if lt IE 9]><script>document.createElement('video');<\/script><![endif]-->\n<video class=\"wp-video-shortcode\" id=\"video-6720-1\" width=\"960\" height=\"540\" preload=\"metadata\" controls=\"controls\"><source type=\"video\/mp4\" src=\"http:\/\/bugatelier.eu\/wp-content\/uploads\/2020\/11\/Moteur-T37A-au-banc.mp4?_=1\" \/><a href=\"http:\/\/bugatelier.eu\/wp-content\/uploads\/2020\/11\/Moteur-T37A-au-banc.mp4\">http:\/\/bugatelier.eu\/wp-content\/uploads\/2020\/11\/Moteur-T37A-au-banc.mp4<\/a><\/video><\/div>\n<\/div>\n<div class='clear'><\/div>\n<p><strong>Travaux effectu\u00e9s<\/strong><\/p>\n<div class='grid_2 alpha'>\n<\/div>\n<div class='grid_2'>\n<\/div>\n<div class='grid_2'>\n<\/div>\n<div class='grid_2'>\n<\/div>\n<div class='grid_2'>\n<\/div>\n<div class='grid_2 omega'>\n<\/div>\n<div class='clear'><\/div>\n<p><strong>Remontage du bas moteur<\/strong><\/p>\n<div class='grid_2 alpha'>\n<\/div>\n<div class='grid_2'>\n<\/div>\n<div class='grid_2'>\n<\/div>\n<div class='grid_2'>\n<\/div>\n<div class='grid_2'>\n<\/div>\n<div class='grid_2 omega'>\n<\/div>\n<div class='clear'><\/div>\n<\/div>\n<div class='clear'><\/div>\n<p><strong>Avant de livrer !<\/strong><\/p>\n<div class='grid_5 alpha'>\n<div id=\"attachment_4431\" style=\"width: 310px\" class=\"wp-caption alignnone\"><a href=\"http:\/\/bugatelier.eu\/wp-content\/uploads\/2019\/02\/resrevoir_huile.jpg\"><img aria-describedby=\"caption-attachment-4431\" decoding=\"async\" loading=\"lazy\" class=\"wp-image-4431 size-medium\" src=\"http:\/\/bugatelier.eu\/wp-content\/uploads\/2019\/02\/resrevoir_huile-300x225.jpg\" alt=\"r\u00e9servoir neuf vs ancien\" width=\"300\" height=\"225\" srcset=\"https:\/\/bugatelier.eu\/wp-content\/uploads\/2019\/02\/resrevoir_huile-300x225.jpg 300w, https:\/\/bugatelier.eu\/wp-content\/uploads\/2019\/02\/resrevoir_huile-768x576.jpg 768w, https:\/\/bugatelier.eu\/wp-content\/uploads\/2019\/02\/resrevoir_huile-911x683.jpg 911w, https:\/\/bugatelier.eu\/wp-content\/uploads\/2019\/02\/resrevoir_huile-642x482.jpg 642w, https:\/\/bugatelier.eu\/wp-content\/uploads\/2019\/02\/resrevoir_huile-978x734.jpg 978w, https:\/\/bugatelier.eu\/wp-content\/uploads\/2019\/02\/resrevoir_huile.jpg 1200w\" sizes=\"(max-width: 300px) 100vw, 300px\" \/><\/a><p id=\"caption-attachment-4431\" class=\"wp-caption-text\">Remplacement du r\u00e9servoir d&#8217;huile du compresseur<\/p><\/div>\n<\/div>\n<div class='grid_5 omega'>\n<div id=\"attachment_4432\" style=\"width: 310px\" class=\"wp-caption alignnone\"><a href=\"http:\/\/bugatelier.eu\/wp-content\/uploads\/2019\/02\/resrevoir_huile2.jpg\"><img aria-describedby=\"caption-attachment-4432\" decoding=\"async\" loading=\"lazy\" class=\"wp-image-4432 size-medium\" src=\"http:\/\/bugatelier.eu\/wp-content\/uploads\/2019\/02\/resrevoir_huile2-300x225.jpg\" alt=\"\" width=\"300\" height=\"225\" srcset=\"https:\/\/bugatelier.eu\/wp-content\/uploads\/2019\/02\/resrevoir_huile2-300x225.jpg 300w, https:\/\/bugatelier.eu\/wp-content\/uploads\/2019\/02\/resrevoir_huile2-768x576.jpg 768w, https:\/\/bugatelier.eu\/wp-content\/uploads\/2019\/02\/resrevoir_huile2-642x482.jpg 642w, https:\/\/bugatelier.eu\/wp-content\/uploads\/2019\/02\/resrevoir_huile2.jpg 800w\" sizes=\"(max-width: 300px) 100vw, 300px\" \/><\/a><p id=\"caption-attachment-4432\" class=\"wp-caption-text\">Il n&#8217;y a pas photo !<\/p><\/div>\n<\/div>\n<div class='clear'><\/div>\n<p><strong>Pr\u00eat \u00e0 livrer<\/strong><\/p>\n","protected":false},"excerpt":{"rendered":"<p>R\u00e9fection d&#8217;un moteur Type 37A Un moteur qui revient de loin ! Avant le remontage, le moteur est pass\u00e9 au banc. Travaux effectu\u00e9s Remontage du bas moteur Avant de livrer ! Pr\u00eat \u00e0 livrer<\/p>\n","protected":false},"author":2,"featured_media":0,"parent":0,"menu_order":0,"comment_status":"closed","ping_status":"closed","template":"page-fullwidth.php","meta":[],"_links":{"self":[{"href":"https:\/\/bugatelier.eu\/index.php?rest_route=\/wp\/v2\/pages\/6720"}],"collection":[{"href":"https:\/\/bugatelier.eu\/index.php?rest_route=\/wp\/v2\/pages"}],"about":[{"href":"https:\/\/bugatelier.eu\/index.php?rest_route=\/wp\/v2\/types\/page"}],"author":[{"embeddable":true,"href":"https:\/\/bugatelier.eu\/index.php?rest_route=\/wp\/v2\/users\/2"}],"replies":[{"embeddable":true,"href":"https:\/\/bugatelier.eu\/index.php?rest_route=%2Fwp%2Fv2%2Fcomments&post=6720"}],"version-history":[{"count":13,"href":"https:\/\/bugatelier.eu\/index.php?rest_route=\/wp\/v2\/pages\/6720\/revisions"}],"predecessor-version":[{"id":6942,"href":"https:\/\/bugatelier.eu\/index.php?rest_route=\/wp\/v2\/pages\/6720\/revisions\/6942"}],"wp:attachment":[{"href":"https:\/\/bugatelier.eu\/index.php?rest_route=%2Fwp%2Fv2%2Fmedia&parent=6720"}],"curies":[{"name":"wp","href":"https:\/\/api.w.org\/{rel}","templated":true}]}}