{"id":6678,"date":"2020-11-24T10:41:05","date_gmt":"2020-11-24T10:41:05","guid":{"rendered":"http:\/\/bugatelier.eu\/?page_id=6678"},"modified":"2020-12-01T11:02:49","modified_gmt":"2020-12-01T11:02:49","slug":"moteur","status":"publish","type":"page","link":"https:\/\/bugatelier.eu\/?page_id=6678","title":{"rendered":"Moteurs"},"content":{"rendered":"<p><\/p>\n<p>Bugatelier effectue tous les travaux sur les moteurs de fabrication Bugatti, allant de la simple maintenance \u00e0 la r\u00e9paration et jusqu&#8217;au reconditionnement  complet. <\/p>\n<p><\/p>\n<p><\/p>\n<p>Voici quelques r\u00e9alisations r\u00e9centes pr\u00e9sent\u00e9s sous forme de diaporama ou de courtes  vid\u00e9os <\/p>\n<p><\/p>\n<div class='grid_4 alpha'>\n<p><a href=\"https:\/\/bugatelier.eu\/?portfolio=assemblage-du-moteur\"><img decoding=\"async\" loading=\"lazy\" class=\"alignnone wp-image-6738 size-medium\" src=\"http:\/\/bugatelier.eu\/wp-content\/uploads\/2020\/11\/moteur_complet_T44-300x225.jpg\" alt=\"\" width=\"300\" height=\"225\" srcset=\"https:\/\/bugatelier.eu\/wp-content\/uploads\/2020\/11\/moteur_complet_T44-300x225.jpg 300w, https:\/\/bugatelier.eu\/wp-content\/uploads\/2020\/11\/moteur_complet_T44-768x576.jpg 768w, https:\/\/bugatelier.eu\/wp-content\/uploads\/2020\/11\/moteur_complet_T44-642x482.jpg 642w, https:\/\/bugatelier.eu\/wp-content\/uploads\/2020\/11\/moteur_complet_T44.jpg 800w\" sizes=\"(max-width: 300px) 100vw, 300px\" \/><\/a><\/p>\n<\/div>\n<div class='grid_4 alpha'>\n<p><a href=\"https:\/\/bugatelier.eu\/?page_id=4370\"><img decoding=\"async\" loading=\"lazy\" class=\"alignnone wp-image-6741 size-medium\" src=\"http:\/\/bugatelier.eu\/wp-content\/uploads\/2020\/11\/moteur_35B_pret_livraison-300x224.jpg\" alt=\"\" width=\"300\" height=\"224\" srcset=\"https:\/\/bugatelier.eu\/wp-content\/uploads\/2020\/11\/moteur_35B_pret_livraison-300x224.jpg 300w, https:\/\/bugatelier.eu\/wp-content\/uploads\/2020\/11\/moteur_35B_pret_livraison-768x574.jpg 768w, https:\/\/bugatelier.eu\/wp-content\/uploads\/2020\/11\/moteur_35B_pret_livraison-642x480.jpg 642w, https:\/\/bugatelier.eu\/wp-content\/uploads\/2020\/11\/moteur_35B_pret_livraison.jpg 800w\" sizes=\"(max-width: 300px) 100vw, 300px\" \/><\/a><\/p>\n<\/div>\n<div class='grid_4 omega'>\n<p><a href=\"http:\/\/bugatelier.eu\/wp-content\/uploads\/2020\/11\/moteur_brecia_au_banc.jpg\"><img decoding=\"async\" loading=\"lazy\" class=\"alignnone wp-image-6744 size-medium\" src=\"http:\/\/bugatelier.eu\/wp-content\/uploads\/2020\/11\/moteur_brecia_au_banc-300x225.jpg\" alt=\"\" width=\"300\" height=\"225\" srcset=\"https:\/\/bugatelier.eu\/wp-content\/uploads\/2020\/11\/moteur_brecia_au_banc-300x225.jpg 300w, https:\/\/bugatelier.eu\/wp-content\/uploads\/2020\/11\/moteur_brecia_au_banc-768x576.jpg 768w, https:\/\/bugatelier.eu\/wp-content\/uploads\/2020\/11\/moteur_brecia_au_banc-642x482.jpg 642w, https:\/\/bugatelier.eu\/wp-content\/uploads\/2020\/11\/moteur_brecia_au_banc.jpg 800w\" sizes=\"(max-width: 300px) 100vw, 300px\" \/><\/a><\/p>\n<\/div>\n<div class='clear'><\/div>\n<div class='grid_4 alpha'>\n<p><a href=\"http:\/\/bugatelier.eu\/?page_id=6064\"><img decoding=\"async\" loading=\"lazy\" class=\"alignnone wp-image-6745 size-medium\" src=\"http:\/\/bugatelier.eu\/wp-content\/uploads\/2020\/11\/remontage_boite_a_cames-300x225.jpg\" alt=\"\" width=\"300\" height=\"225\" srcset=\"https:\/\/bugatelier.eu\/wp-content\/uploads\/2020\/11\/remontage_boite_a_cames-300x225.jpg 300w, https:\/\/bugatelier.eu\/wp-content\/uploads\/2020\/11\/remontage_boite_a_cames-768x576.jpg 768w, https:\/\/bugatelier.eu\/wp-content\/uploads\/2020\/11\/remontage_boite_a_cames-642x482.jpg 642w, https:\/\/bugatelier.eu\/wp-content\/uploads\/2020\/11\/remontage_boite_a_cames.jpg 800w\" sizes=\"(max-width: 300px) 100vw, 300px\" \/><\/a><\/p>\n<\/div>\n<div class='grid_4 alpha'>\n<p><a href=\"http:\/\/bugatelier.eu\/?page_id=6720\"><img decoding=\"async\" loading=\"lazy\" class=\"alignnone wp-image-6809 size-medium\" src=\"http:\/\/bugatelier.eu\/wp-content\/uploads\/2020\/12\/mot37A-2-300x225.jpg\" alt=\"\" width=\"300\" height=\"225\" srcset=\"https:\/\/bugatelier.eu\/wp-content\/uploads\/2020\/12\/mot37A-2-300x225.jpg 300w, https:\/\/bugatelier.eu\/wp-content\/uploads\/2020\/12\/mot37A-2-768x576.jpg 768w, https:\/\/bugatelier.eu\/wp-content\/uploads\/2020\/12\/mot37A-2-642x482.jpg 642w, https:\/\/bugatelier.eu\/wp-content\/uploads\/2020\/12\/mot37A-2.jpg 800w\" sizes=\"(max-width: 300px) 100vw, 300px\" \/><\/a><\/p>\n<\/div>\n<div class='grid_4 omega'>\n<\/div>\n<div class='clear'><\/div>\n<p><\/p>\n<p><\/p>\n","protected":false},"excerpt":{"rendered":"<p>Bugatelier effectue tous les travaux sur les moteurs de fabrication Bugatti, allant de la simple maintenance \u00e0 la r\u00e9paration et jusqu&#8217;au reconditionnement complet. Voici quelques r\u00e9alisations r\u00e9centes pr\u00e9sent\u00e9s sous forme de diaporama ou de courtes vid\u00e9os<\/p>\n","protected":false},"author":2,"featured_media":0,"parent":0,"menu_order":0,"comment_status":"closed","ping_status":"closed","template":"page-fullwidth.php","meta":[],"_links":{"self":[{"href":"https:\/\/bugatelier.eu\/index.php?rest_route=\/wp\/v2\/pages\/6678"}],"collection":[{"href":"https:\/\/bugatelier.eu\/index.php?rest_route=\/wp\/v2\/pages"}],"about":[{"href":"https:\/\/bugatelier.eu\/index.php?rest_route=\/wp\/v2\/types\/page"}],"author":[{"embeddable":true,"href":"https:\/\/bugatelier.eu\/index.php?rest_route=\/wp\/v2\/users\/2"}],"replies":[{"embeddable":true,"href":"https:\/\/bugatelier.eu\/index.php?rest_route=%2Fwp%2Fv2%2Fcomments&post=6678"}],"version-history":[{"count":50,"href":"https:\/\/bugatelier.eu\/index.php?rest_route=\/wp\/v2\/pages\/6678\/revisions"}],"predecessor-version":[{"id":6903,"href":"https:\/\/bugatelier.eu\/index.php?rest_route=\/wp\/v2\/pages\/6678\/revisions\/6903"}],"wp:attachment":[{"href":"https:\/\/bugatelier.eu\/index.php?rest_route=%2Fwp%2Fv2%2Fmedia&parent=6678"}],"curies":[{"name":"wp","href":"https:\/\/api.w.org\/{rel}","templated":true}]}}