{"id":6064,"date":"2020-11-24T10:27:06","date_gmt":"2020-11-24T10:27:06","guid":{"rendered":"http:\/\/bugatelier.eu\/?page_id=6064"},"modified":"2020-11-24T10:27:07","modified_gmt":"2020-11-24T10:27:07","slug":"boite-a-cames-de-type-40","status":"publish","type":"page","link":"https:\/\/bugatelier.eu\/?page_id=6064","title":{"rendered":"Boite \u00e0 cames de type 40"},"content":{"rendered":"<p><\/p>\n<figure class=\"wp-block-video\"><video controls src=\"https:\/\/bugatelier.eu\/wp-content\/uploads\/2020\/11\/boite_a_came_T40_petit.mp4\"><\/video><figcaption>R\u00e9novation en \u00e9tat d&#8217;une boite \u00e0 came.<br \/>Moteur  Bugatti 4 cylindres de type 40<\/figcaption><\/figure>\n<p><\/p>\n","protected":false},"excerpt":{"rendered":"","protected":false},"author":2,"featured_media":0,"parent":0,"menu_order":0,"comment_status":"closed","ping_status":"closed","template":"","meta":[],"_links":{"self":[{"href":"https:\/\/bugatelier.eu\/index.php?rest_route=\/wp\/v2\/pages\/6064"}],"collection":[{"href":"https:\/\/bugatelier.eu\/index.php?rest_route=\/wp\/v2\/pages"}],"about":[{"href":"https:\/\/bugatelier.eu\/index.php?rest_route=\/wp\/v2\/types\/page"}],"author":[{"embeddable":true,"href":"https:\/\/bugatelier.eu\/index.php?rest_route=\/wp\/v2\/users\/2"}],"replies":[{"embeddable":true,"href":"https:\/\/bugatelier.eu\/index.php?rest_route=%2Fwp%2Fv2%2Fcomments&post=6064"}],"version-history":[{"count":1,"href":"https:\/\/bugatelier.eu\/index.php?rest_route=\/wp\/v2\/pages\/6064\/revisions"}],"predecessor-version":[{"id":6690,"href":"https:\/\/bugatelier.eu\/index.php?rest_route=\/wp\/v2\/pages\/6064\/revisions\/6690"}],"wp:attachment":[{"href":"https:\/\/bugatelier.eu\/index.php?rest_route=%2Fwp%2Fv2%2Fmedia&parent=6064"}],"curies":[{"name":"wp","href":"https:\/\/api.w.org\/{rel}","templated":true}]}}