{"id":6017,"date":"2019-04-02T09:13:47","date_gmt":"2019-04-02T09:13:47","guid":{"rendered":"http:\/\/bugatelier.eu\/?page_id=6017"},"modified":"2019-04-02T14:18:10","modified_gmt":"2019-04-02T14:18:10","slug":"type-574","status":"publish","type":"page","link":"https:\/\/bugatelier.eu\/?page_id=6017","title":{"rendered":"Bugatti T57 #4"},"content":{"rendered":"<p><\/p>\n<div class=\"wp-block-media-text alignwide\" style=\"grid-template-columns:78% auto\">\n<figure class=\"wp-block-media-text__media\"><video controls src=\"http:\/\/bugatelier.eu\/wp-content\/uploads\/2019\/04\/Arriv\u00e9e-nocturne_Petite-taille.mp4\"><\/video><\/figure>\n<div class=\"wp-block-media-text__content\"><\/p>\n<p class=\"has-drop-cap\">Une beaut\u00e9, cela s&#8217;entretient ! <\/p>\n<p>Malgr\u00e9 ses  quatre-vingts ans, celle-ci semble en forme , ayant  ben\u00e9fici\u00e9 de toutes les attentions  de son actuel propri\u00e9taire. <br \/>Un s\u00e9jour \u00e0 l&#8217;atelier a permis de maintenir en parfait \u00e9tat cette b\u00eate \u00e0 concours . <\/p>\n<p><\/div>\n<\/div>\n<p><\/p>\n","protected":false},"excerpt":{"rendered":"<p>Une beaut\u00e9, cela s&#8217;entretient ! Malgr\u00e9 ses quatre-vingts ans, celle-ci semble en forme , ayant ben\u00e9fici\u00e9 de toutes les attentions de son actuel propri\u00e9taire. Un s\u00e9jour \u00e0 l&#8217;atelier a permis de maintenir en parfait \u00e9tat cette b\u00eate \u00e0 concours .<\/p>\n","protected":false},"author":2,"featured_media":0,"parent":0,"menu_order":0,"comment_status":"closed","ping_status":"closed","template":"page-fullwidth.php","meta":[],"_links":{"self":[{"href":"https:\/\/bugatelier.eu\/index.php?rest_route=\/wp\/v2\/pages\/6017"}],"collection":[{"href":"https:\/\/bugatelier.eu\/index.php?rest_route=\/wp\/v2\/pages"}],"about":[{"href":"https:\/\/bugatelier.eu\/index.php?rest_route=\/wp\/v2\/types\/page"}],"author":[{"embeddable":true,"href":"https:\/\/bugatelier.eu\/index.php?rest_route=\/wp\/v2\/users\/2"}],"replies":[{"embeddable":true,"href":"https:\/\/bugatelier.eu\/index.php?rest_route=%2Fwp%2Fv2%2Fcomments&post=6017"}],"version-history":[{"count":12,"href":"https:\/\/bugatelier.eu\/index.php?rest_route=\/wp\/v2\/pages\/6017\/revisions"}],"predecessor-version":[{"id":6058,"href":"https:\/\/bugatelier.eu\/index.php?rest_route=\/wp\/v2\/pages\/6017\/revisions\/6058"}],"wp:attachment":[{"href":"https:\/\/bugatelier.eu\/index.php?rest_route=%2Fwp%2Fv2%2Fmedia&parent=6017"}],"curies":[{"name":"wp","href":"https:\/\/api.w.org\/{rel}","templated":true}]}}