{"id":5760,"date":"2019-03-25T14:27:38","date_gmt":"2019-03-25T14:27:38","guid":{"rendered":"http:\/\/bugatelier.eu\/?page_id=5760"},"modified":"2021-10-07T09:03:39","modified_gmt":"2021-10-07T09:03:39","slug":"vorderachseteile","status":"publish","type":"page","link":"https:\/\/bugatelier.eu\/?page_id=5760","title":{"rendered":"Vorderachseteile"},"content":{"rendered":"<p><\/p>\n<div class=\"wp-block-cover has-background-dim\" style=\"background-image:url(http:\/\/bugatelier.eu\/wp-content\/uploads\/2021\/08\/page-produit-shop-5.png)\">\n<p class=\"wp-block-cover-text\">Diese Seite wird nicht mehr aktualisiert. <br \/><a href=\"http:\/\/shop.bugatelier.eu\/de\" target=\"_blank\" rel=\"noreferrer noopener\" aria-label=\"Besuchen Sie unseren neuen Online-Shop. (ouverture dans un nouvel onglet)\">Besuchen Sie unseren neuen Online-Shop.<\/a><\/p>\n<\/div>\n<p><\/p>\n<p><\/p>\n<div class=\"wp-block-media-text alignwide\">\n<figure class=\"wp-block-media-text__media\"><img decoding=\"async\" loading=\"lazy\" width=\"800\" height=\"598\" src=\"http:\/\/bugatelier.eu\/wp-content\/uploads\/2017\/10\/essieu_av_refait.jpg\" alt=\"\" class=\"wp-image-4004\" srcset=\"https:\/\/bugatelier.eu\/wp-content\/uploads\/2017\/10\/essieu_av_refait.jpg 800w, https:\/\/bugatelier.eu\/wp-content\/uploads\/2017\/10\/essieu_av_refait-300x224.jpg 300w, https:\/\/bugatelier.eu\/wp-content\/uploads\/2017\/10\/essieu_av_refait-768x574.jpg 768w, https:\/\/bugatelier.eu\/wp-content\/uploads\/2017\/10\/essieu_av_refait-642x480.jpg 642w\" sizes=\"(max-width: 800px) 100vw, 800px\" \/><\/figure>\n<div class=\"wp-block-media-text__content\"><\/p>\n<p><em>Eine Frage ?<\/em><\/p>\n<p><\/p>\n<p><\/p>\n<p><strong>Telefon :+33 6 74 44 74 59<br \/><\/strong><a href=\"mailto:info@bugatelier.eu\"><strong>Mail<\/strong><\/a><br \/><a href=\"http:\/\/bugatelier.eu\/?page_id=1602\"><strong>KontaKt<\/strong><\/a><\/p>\n<p><\/p>\n<p><\/p>\n<p><strong>Anweisung:<\/strong> Um die Teile  f\u00fcr ein besonderes Model sofort zu finden, k\u00f6nnen Sie einfach  das Eingabefeld <strong>Suchen<\/strong>, oben rechts  der Tabelle, ben\u00fctzen. Zum Beispiel Type 57 oder 35 usw.  \u2191 oder \u2193 in der ersten Zeile sortiert nach Kategorie. Ein Klick vergr\u00f6ssert das Bild<\/p>\n<p><\/div>\n<\/div>\n<p><\/p>\n<p>\n<table id=\"tablepress-22\" class=\"tablepress tablepress-id-22\">\n<thead>\n<tr class=\"row-1 odd\">\n\t<th class=\"column-1\">Cat\u00e9gorie<\/th><th class=\"column-2\">Pi\u00e8ces  \/  Parts \/ Teile<\/th><th class=\"column-3\">N\u00b0 de pi\u00e8ce<br \/>\nPart number<br \/>\nTeilnummer<\/th><th class=\"column-4\">D\u00e9signation en fran\u00e7ais,<br \/>\nenglish,deutsch.<\/th><th class=\"column-5\">Obs<\/th><th class=\"column-6\">Convient pour <br \/>\nSuitable for<br \/>\nGeeignet f\u00fcr<\/th>\n<\/tr>\n<\/thead>\n<tfoot>\n<tr class=\"row-9 odd\">\n\t<th class=\"column-1\">Cat\u00e9gorie<\/th><th class=\"column-2\">Pi\u00e8ces  \/  Parts \/ Teile<\/th><th class=\"column-3\">N\u00b0 de pi\u00e8ce<br \/>\nPart number<br \/>\nTeilnummer<\/th><th class=\"column-4\">D\u00e9signation en fran\u00e7ais,<br \/>\nenglish, deutsch.<\/th><th class=\"column-5\"><\/th><th class=\"column-6\">Convient pour <br \/>\nSuitable for<br \/>\nGeeignet f\u00fcr<\/th>\n<\/tr>\n<\/tfoot>\n<tbody class=\"row-hover\">\n<tr class=\"row-2 even\">\n\t<td class=\"column-1\">Essieu avant<\/td><td class=\"column-2\"><img src=\"http:\/\/bugatelier.eu\/wp-content\/uploads\/2017\/10\/ext_barre_direction_20mm_22-23dir1684-300x210.jpg\" alt=\"\" width=\"300\" height=\"210\" class=\"alignnone size-medium wp-image-3838\" \/><\/td><td class=\"column-3\">22\/23DIR406<br \/>\n<br \/>\n22\/23DIR1684<\/td><td class=\"column-4\">Couvercle de t\u00eate de barre d'accouplement \u00d820mm<br \/>\nT\u00eate de barre d'accouplement \u00d820mm<\/td><td class=\"column-5\">Pi\u00e8ce usin\u00e9e<br \/>\nMachined part<br \/>\nWerkst\u00fcck<br \/>\n<\/td><td class=\"column-6\">Type 22,23,30,35,37,40<\/td>\n<\/tr>\n<tr class=\"row-3 odd\">\n\t<td class=\"column-1\">Essieu avant<br \/>\nFront axel<br \/>\nVorderachse<\/td><td class=\"column-2\"><a href=\"http:\/\/bugatelier.eu\/wp-content\/uploads\/2017\/04\/coupelle_crapaudine_longue_22-23_ESS-AV_404.jpg\"><img src=\"http:\/\/bugatelier.eu\/wp-content\/uploads\/2017\/04\/coupelle_crapaudine_longue_22-23_ESS-AV_404-300x225.jpg\" alt=\"\" width=\"300\" height=\"225\" class=\"alignnone size-medium wp-image-3293\" \/><\/a><\/td><td class=\"column-3\">22\/23ESS-AV404<\/td><td class=\"column-4\">Coupelle de crapaudine ext longue \u00d8 20 mm<\/td><td class=\"column-5\">Pi\u00e8ce usin\u00e9e<br \/>\nMachined part<br \/>\nWerkst\u00fcck<br \/>\n<\/td><td class=\"column-6\">Type 22,23,30,35,37,40<\/td>\n<\/tr>\n<tr class=\"row-4 even\">\n\t<td class=\"column-1\">Essieu avant<br \/>\nFront axel<br \/>\nVorderachse<\/td><td class=\"column-2\"><a href=\"http:\/\/bugatelier.eu\/wp-content\/uploads\/2017\/04\/coupelle_crapaudine_courte_22-23_ESS-AV-1685.jpg\"><img src=\"http:\/\/bugatelier.eu\/wp-content\/uploads\/2017\/04\/coupelle_crapaudine_courte_22-23_ESS-AV-1685-300x208.jpg\" alt=\"\" width=\"300\" height=\"208\" class=\"alignnone size-medium wp-image-3296\" \/><\/a><\/td><td class=\"column-3\">22\/23ESS-AV1685<\/td><td class=\"column-4\">Coupelle de crapaudine courte \u00d820mm<\/td><td class=\"column-5\">Pi\u00e8ce usin\u00e9e<br \/>\nMachined part<br \/>\nWerkst\u00fcck<br \/>\n<\/td><td class=\"column-6\">Type 22,23,30,35,37,40<\/td>\n<\/tr>\n<tr class=\"row-5 odd\">\n\t<td class=\"column-1\">Essieu avant<br \/>\nFront axel<br \/>\nVorderachse<\/td><td class=\"column-2\"><a href=\"http:\/\/bugatelier.eu\/wp-content\/uploads\/2017\/10\/crapaudine_ext_diam_25_33ESSAV50.jpg\"><img src=\"http:\/\/bugatelier.eu\/wp-content\/uploads\/2017\/10\/crapaudine_ext_diam_25_33ESSAV50-300x223.jpg\" alt=\"\" width=\"300\" height=\"223\" class=\"alignnone size-medium wp-image-3636\" \/><\/a><\/td><td class=\"column-3\">33ESSAV50<\/td><td class=\"column-4\">Crapaudine ext longue \u00d825<\/td><td class=\"column-5\">Pi\u00e8ce usin\u00e9e<br \/>\nMachined part<br \/>\nWerkst\u00fcck<br \/>\n<\/td><td class=\"column-6\">Type 38.44.49.57<\/td>\n<\/tr>\n<tr class=\"row-6 even\">\n\t<td class=\"column-1\">Essieu avant<br \/>\nFront axel<br \/>\nVorderachse<\/td><td class=\"column-2\"><a href=\"http:\/\/bugatelier.eu\/wp-content\/uploads\/2017\/10\/crapaudine_int_diam_25_33ESSAV49.jpg\"><img src=\"http:\/\/bugatelier.eu\/wp-content\/uploads\/2017\/10\/crapaudine_int_diam_25_33ESSAV49-300x210.jpg\" alt=\"\" width=\"300\" height=\"210\" class=\"alignnone size-medium wp-image-3637\" \/><\/a><\/td><td class=\"column-3\">33ESSAV49<\/td><td class=\"column-4\">Crapaudine int \u00d825mm<\/td><td class=\"column-5\">Pi\u00e8ce usin\u00e9e<br \/>\nMachined part<br \/>\nWerkst\u00fcck<br \/>\n<\/td><td class=\"column-6\">Type 38.44.49.57<\/td>\n<\/tr>\n<tr class=\"row-7 odd\">\n\t<td class=\"column-1\">Essieu avant<br \/>\nFront axel<br \/>\nVorderachse<\/td><td class=\"column-2\"><a href=\"http:\/\/bugatelier.eu\/wp-content\/uploads\/2017\/10\/ext_barre_direction_25mm_46EA32.jpg\"><img src=\"http:\/\/bugatelier.eu\/wp-content\/uploads\/2017\/10\/ext_barre_direction_25mm_46EA32-300x225.jpg\" alt=\"\" width=\"300\" height=\"225\" class=\"alignnone size-medium wp-image-3638\" \/><\/a><\/td><td class=\"column-3\">57EA24<br \/>\n46EA36<\/td><td class=\"column-4\">Extr\u00e9mit\u00e9 barre d'accouplement des fus\u00e9es \u00d8 25mm<br \/>\nCouvercle de barre \u00d8 25mm<\/td><td class=\"column-5\">Pi\u00e8ce usin\u00e9e<br \/>\nMachined part<br \/>\nWerkst\u00fcck<br \/>\n<\/td><td class=\"column-6\">Type 38.44.49.57<\/td>\n<\/tr>\n<tr class=\"row-8 even\">\n\t<td class=\"column-1\">Essieu avant<br \/>\nFront axel<br \/>\nVorderachse<\/td><td class=\"column-2\"><a href=\"http:\/\/bugatelier.eu\/wp-content\/uploads\/2017\/10\/ext_barre_direction_25mm_33ESAV48.jpg\"><img src=\"http:\/\/bugatelier.eu\/wp-content\/uploads\/2017\/10\/ext_barre_direction_25mm_33ESAV48-300x222.jpg\" alt=\"\" width=\"300\" height=\"222\" class=\"alignnone size-medium wp-image-3641\" \/><\/a><br \/>\n<\/td><td class=\"column-3\">57EA23<br \/>\n33EA52<\/td><td class=\"column-4\">Extr\u00e9mit\u00e9 barre de direction \u00d8 25mm<br \/>\nCouvercle barre de direction \u00d8 25mm<\/td><td class=\"column-5\">Pi\u00e8ce usin\u00e9e<br \/>\nMachined part<br \/>\nWerkst\u00fcck<br \/>\n<\/td><td class=\"column-6\">Type 57 <\/td>\n<\/tr>\n<\/tbody>\n<\/table>\n<!-- #tablepress-22 from cache -->\n<\/p>\n","protected":false},"excerpt":{"rendered":"<p>Eine Frage ? Telefon :+33 6 74 44 74 59MailKontaKt Anweisung: Um die Teile f\u00fcr ein besonderes Model sofort zu finden, k\u00f6nnen Sie einfach das Eingabefeld Suchen, oben rechts der Tabelle, ben\u00fctzen. Zum Beispiel Type 57 oder 35 usw. \u2191 oder \u2193 in der ersten Zeile sortiert nach Kategorie. Ein Klick vergr\u00f6ssert das Bild<\/p>\n","protected":false},"author":2,"featured_media":0,"parent":0,"menu_order":0,"comment_status":"closed","ping_status":"closed","template":"page-fullwidth.php","meta":[],"_links":{"self":[{"href":"https:\/\/bugatelier.eu\/index.php?rest_route=\/wp\/v2\/pages\/5760"}],"collection":[{"href":"https:\/\/bugatelier.eu\/index.php?rest_route=\/wp\/v2\/pages"}],"about":[{"href":"https:\/\/bugatelier.eu\/index.php?rest_route=\/wp\/v2\/types\/page"}],"author":[{"embeddable":true,"href":"https:\/\/bugatelier.eu\/index.php?rest_route=\/wp\/v2\/users\/2"}],"replies":[{"embeddable":true,"href":"https:\/\/bugatelier.eu\/index.php?rest_route=%2Fwp%2Fv2%2Fcomments&post=5760"}],"version-history":[{"count":3,"href":"https:\/\/bugatelier.eu\/index.php?rest_route=\/wp\/v2\/pages\/5760\/revisions"}],"predecessor-version":[{"id":7287,"href":"https:\/\/bugatelier.eu\/index.php?rest_route=\/wp\/v2\/pages\/5760\/revisions\/7287"}],"wp:attachment":[{"href":"https:\/\/bugatelier.eu\/index.php?rest_route=%2Fwp%2Fv2%2Fmedia&parent=5760"}],"curies":[{"name":"wp","href":"https:\/\/api.w.org\/{rel}","templated":true}]}}