{"id":5721,"date":"2019-03-25T13:41:27","date_gmt":"2019-03-25T13:41:27","guid":{"rendered":"http:\/\/bugatelier.eu\/?page_id=5721"},"modified":"2021-08-23T09:22:19","modified_gmt":"2021-08-23T09:22:19","slug":"chassisteile","status":"publish","type":"page","link":"https:\/\/bugatelier.eu\/?page_id=5721","title":{"rendered":"Chassisteile"},"content":{"rendered":"<p><\/p>\n<div class=\"wp-block-cover has-background-dim\" style=\"background-image:url(http:\/\/bugatelier.eu\/wp-content\/uploads\/2021\/08\/page-produit-shop-3.png)\">\n<p class=\"wp-block-cover-text\">Diese Seite wird nicht mehr aktualisiert. <br \/><a href=\"https:\/\/shop.bugatelier.eu\/de\">Besuchen Sie unseren neuen Online-Shop<\/a><\/p>\n<\/div>\n<p><\/p>\n<p><\/p>\n<div class=\"wp-block-media-text alignwide\">\n<figure class=\"wp-block-media-text__media\"><img decoding=\"async\" loading=\"lazy\" width=\"800\" height=\"600\" src=\"http:\/\/bugatelier.eu\/wp-content\/uploads\/2017\/10\/essieu_av_bouclier_bouclier_brillant.jpg\" alt=\"\" class=\"wp-image-3953\" srcset=\"https:\/\/bugatelier.eu\/wp-content\/uploads\/2017\/10\/essieu_av_bouclier_bouclier_brillant.jpg 800w, https:\/\/bugatelier.eu\/wp-content\/uploads\/2017\/10\/essieu_av_bouclier_bouclier_brillant-300x225.jpg 300w, https:\/\/bugatelier.eu\/wp-content\/uploads\/2017\/10\/essieu_av_bouclier_bouclier_brillant-768x576.jpg 768w, https:\/\/bugatelier.eu\/wp-content\/uploads\/2017\/10\/essieu_av_bouclier_bouclier_brillant-642x482.jpg 642w\" sizes=\"(max-width: 800px) 100vw, 800px\" \/><\/figure>\n<div class=\"wp-block-media-text__content\"><\/p>\n<p><em>Chassis parts \/ Teile f\u00fcr den Chassis<\/em> <br \/><strong>Telefon: +33 6 74 44 74 59<br \/> <\/strong><a href=\"mailto:info@bugatelier.eu\"><strong>Mail<\/strong><\/a><strong> <br \/><a href=\"http:\/\/bugatelier.eu\/?page_id=1634\">Kontact<\/a><\/strong>  <\/p>\n<p><\/p>\n<p><\/p>\n<p><strong>An<\/strong><em><strong>weisung: <\/strong>Um die Teile&nbsp; f\u00fcr ein besonderes Model sofort zu finden, k\u00f6nnen Sie einfach&nbsp; das Eingabefeld <strong>Suchen, <\/strong>oben rechts&nbsp; der Tabelle, ben\u00fctzen. Zum Beispiel Type 57 oder 35 usw.&nbsp; \u2191 oder \u2193 in der ersten Zeile sortiert nach Kategorie. Ein Klick vergr\u00f6ssert das Bild<\/em> <\/p>\n<p><\/div>\n<\/div>\n<p><\/p>\n<p><!-- \/wp:media-text --><\/p>\n<p><!-- wp:paragraph {\"fontSize\":\"small\"} --><\/p>\n<p style=\"text-align: left;\"><!-- \/wp:shortcode --><\/p>\n\n<table id=\"tablepress-18\" class=\"tablepress tablepress-id-18\">\n<thead>\n<tr class=\"row-1 odd\">\n\t<th class=\"column-1\">Cat\u00e9gorie<\/th><th class=\"column-2\">Pi\u00e8ces  \/  Parts \/ Teile<\/th><th class=\"column-3\">N\u00b0 de pi\u00e8ce<br \/>\nPart number<br \/>\nTeilnummer<\/th><th class=\"column-4\">D\u00e9signation en fran\u00e7ais,<br \/>\nenglish,deutsch.<\/th><th class=\"column-5\">Obs<\/th><th class=\"column-6\">Convient pour <br \/>\nSuitable for<br \/>\nGeeignet f\u00fcr<\/th>\n<\/tr>\n<\/thead>\n<tfoot>\n<tr class=\"row-27 odd\">\n\t<th class=\"column-1\">Cat\u00e9gorie<\/th><th class=\"column-2\">Pi\u00e8ces  \/  Parts \/ Teile<\/th><th class=\"column-3\">N\u00b0 de pi\u00e8ce<br \/>\nPart number<br \/>\nTeilnummer<\/th><th class=\"column-4\">D\u00e9signation en fran\u00e7ais,<br \/>\nenglish, deutsch.<\/th><th class=\"column-5\"><\/th><th class=\"column-6\">Convient pour <br \/>\nSuitable for<br \/>\nGeeignet f\u00fcr<\/th>\n<\/tr>\n<\/tfoot>\n<tbody class=\"row-hover\">\n<tr class=\"row-2 even\">\n\t<td class=\"column-1\">Ch\u00e2ssis<\/td><td class=\"column-2\"><a href=\"http:\/\/bugatelier.eu\/wp-content\/uploads\/2020\/01\/30CH250.jpg\"><img src=\"http:\/\/bugatelier.eu\/wp-content\/uploads\/2020\/01\/30CH250-286x300.jpg\" alt=\"\" width=\"286\" height=\"300\" class=\"alignnone size-medium wp-image-6212\" \/><\/a><\/td><td class=\"column-3\">30CH250<\/td><td class=\"column-4\">Poulie de c\u00e2ble de frein<br \/>\nBremskabelrolle<br \/>\nbrake cable pulley<\/td><td class=\"column-5\"><\/td><td class=\"column-6\">Type 30,35,37,38,40,43,44,49,<\/td>\n<\/tr>\n<tr class=\"row-3 odd\">\n\t<td class=\"column-1\">Ch\u00e2ssis<\/td><td class=\"column-2\"><a href=\"http:\/\/bugatelier.eu\/wp-content\/uploads\/2020\/01\/30CH251.jpg\"><img src=\"http:\/\/bugatelier.eu\/wp-content\/uploads\/2020\/01\/30CH251-300x251.jpg\" alt=\"\" width=\"300\" height=\"251\" class=\"alignnone size-medium wp-image-6213\" \/><\/a><\/td><td class=\"column-3\">30CH251<\/td><td class=\"column-4\">Pignon de cha\u00eene<br \/>\nKettenzahnrad<\/td><td class=\"column-5\"><\/td><td class=\"column-6\">Type 30,35,37,38,40,43,44,49,<\/td>\n<\/tr>\n<tr class=\"row-4 even\">\n\t<td class=\"column-1\">Ch\u00e2ssis<\/td><td class=\"column-2\"><a href=\"http:\/\/bugatelier.eu\/wp-content\/uploads\/2019\/03\/boulon_chape_cable_de-_frein30CH273-1.jpg\"><img src=\"http:\/\/bugatelier.eu\/wp-content\/uploads\/2019\/03\/boulon_chape_cable_de-_frein30CH273-1-300x228.jpg\" alt=\"Boulon d'attache du cable de frein\" width=\"300\" height=\"228\" class=\"alignnone size-medium wp-image-5887\" \/><\/a><\/td><td class=\"column-3\">30CH273<\/td><td class=\"column-4\">boulon d'attache c\u00e2ble de frein<br \/>\nBolzenbefestigungsbremskabel<br \/>\nbrake cable bolt<\/td><td class=\"column-5\">Pi\u00e8ce usin\u00e9e<br \/>\nMachined part<br \/>\nWerkst\u00fcck<\/td><td class=\"column-6\">Type 30,35,37,38,40,43,44,49,51,55,57<\/td>\n<\/tr>\n<tr class=\"row-5 odd\">\n\t<td class=\"column-1\">Ch\u00e2ssis<\/td><td class=\"column-2\"><a href=\"http:\/\/bugatelier.eu\/wp-content\/uploads\/2015\/10\/main_avant_support_ressort.jpg\"><img src=\"http:\/\/bugatelier.eu\/wp-content\/uploads\/2015\/10\/main_avant_support_ressort-300x239.jpg\" alt=\"main_avant_support_ressort\" width=\"300\" height=\"239\" class=\"alignnone size-medium wp-image-1974\" \/><\/a><\/td><td class=\"column-3\">35CH15<\/td><td class=\"column-4\">Main avant support de ressort<br \/>\nSpring Hanger- front <br \/>\nVorderfederbockEarly<\/td><td class=\"column-5\">Pi\u00e8ce brute<br \/>\nCasting part<br \/>\nRohguss<br \/>\n<\/td><td class=\"column-6\">Type 35, 37, 51<\/td>\n<\/tr>\n<tr class=\"row-6 even\">\n\t<td class=\"column-1\">Ch\u00e2ssis<\/td><td class=\"column-2\"><a href=\"http:\/\/bugatelier.eu\/wp-content\/uploads\/2015\/10\/support_phare_garde_boue.jpg\"><img src=\"http:\/\/bugatelier.eu\/wp-content\/uploads\/2015\/10\/support_phare_garde_boue-300x220.jpg\" alt=\"support_phare_garde_boue\" width=\"300\" height=\"220\" class=\"alignnone size-medium wp-image-1976\" \/><\/a><\/td><td class=\"column-3\"><\/td><td class=\"column-4\">Support phare ou garde boue<br \/>\nLight or Mudguard Braket<br \/>\nScheinwerfer oder Kofl\u00fcgelhalterung<\/td><td class=\"column-5\">Pi\u00e8ce brute<br \/>\nCasting part<br \/>\nRohguss<\/td><td class=\"column-6\"><\/td>\n<\/tr>\n<tr class=\"row-7 odd\">\n\t<td class=\"column-1\">Ch\u00e2ssis<\/td><td class=\"column-2\"><a href=\"http:\/\/bugatelier.eu\/wp-content\/uploads\/2015\/10\/corps_pompe_air.jpg\"><img src=\"http:\/\/bugatelier.eu\/wp-content\/uploads\/2015\/10\/corps_pompe_air-300x204.jpg\" alt=\"corps_pompe_air\" width=\"300\" height=\"204\" class=\"alignnone size-medium wp-image-1977\" \/><\/a><\/td><td class=\"column-3\">35CH133<\/td><td class=\"column-4\">Corps de pompe \u00e0 air <br \/>\nEngine pump body<br \/>\nLuftpumpek\u00f6rper<\/td><td class=\"column-5\">Pi\u00e8ce brute<br \/>\nCasting part<br \/>\nRohguss<\/td><td class=\"column-6\">Type 35, 37<\/td>\n<\/tr>\n<tr class=\"row-8 even\">\n\t<td class=\"column-1\">Ch\u00e2ssis<\/td><td class=\"column-2\"><a href=\"http:\/\/bugatelier.eu\/wp-content\/uploads\/2015\/10\/poignee_pompe_air.jpg\"><img src=\"http:\/\/bugatelier.eu\/wp-content\/uploads\/2015\/10\/poignee_pompe_air-300x227.jpg\" alt=\"poignee_pompe_air\" width=\"300\" height=\"227\" class=\"alignnone size-medium wp-image-1981\" \/><\/a><\/td><td class=\"column-3\">35CH279<\/td><td class=\"column-4\">Poign\u00e9e pompe \u00e0 air<br \/>\nAir Pump Handle<br \/>\n<\/td><td class=\"column-5\">Pi\u00e8ce brute<br \/>\nCasting part<br \/>\nRohguss<br \/>\n<\/td><td class=\"column-6\">Type 35, 37, 51<\/td>\n<\/tr>\n<tr class=\"row-9 odd\">\n\t<td class=\"column-1\">Ch\u00e2ssis<\/td><td class=\"column-2\"><a href=\"http:\/\/bugatelier.eu\/wp-content\/uploads\/2015\/10\/manette_comodo.jpg\"><img src=\"http:\/\/bugatelier.eu\/wp-content\/uploads\/2015\/10\/manette_comodo-300x194.jpg\" alt=\"manette_comodo\" width=\"300\" height=\"194\" class=\"alignnone size-medium wp-image-1982\" \/><\/a><\/td><td class=\"column-3\"><\/td><td class=\"column-4\">Manette comodo<br \/>\nSwitch lever<br \/>\nSchalthebel<\/td><td class=\"column-5\">Pi\u00e8ce brute<br \/>\nCasting part<br \/>\nRohguss<br \/>\n<\/td><td class=\"column-6\">Types divers<br \/>\nVarious types<br \/>\nVerschiedene Models<\/td>\n<\/tr>\n<tr class=\"row-10 even\">\n\t<td class=\"column-1\">Ch\u00e2ssis<br \/>\n<\/td><td class=\"column-2\"><a href=\"http:\/\/bugatelier.eu\/wp-content\/uploads\/2015\/10\/amortisseur.jpg\"><img src=\"http:\/\/bugatelier.eu\/wp-content\/uploads\/2015\/10\/amortisseur-300x260.jpg\" alt=\"amortisseur\" width=\"300\" height=\"260\" class=\"alignnone size-medium wp-image-1986\" \/><\/a><\/td><td class=\"column-3\">35AMORT1<br \/>\n30AM4<br \/>\n35AM7<br \/>\n<br \/>\n<\/td><td class=\"column-4\">Amortisseur complet:<br \/>\n- Tambour <br \/>\n- Segment bronze<br \/>\n- Support ressort<br \/>\nShock Absorber complete as shown<br \/>\nStossd\u00e4mpfer<br \/>\n<\/td><td class=\"column-5\">Pi\u00e8ce usin\u00e9e<br \/>\nMachined part<br \/>\nWerkst\u00fcck<\/td><td class=\"column-6\">Type 35, 37, 51<\/td>\n<\/tr>\n<tr class=\"row-11 odd\">\n\t<td class=\"column-1\">Ch\u00e2ssis<\/td><td class=\"column-2\"><a href=\"http:\/\/bugatelier.eu\/wp-content\/uploads\/2015\/10\/pedale.jpg\"><img src=\"http:\/\/bugatelier.eu\/wp-content\/uploads\/2015\/10\/pedale-300x225.jpg\" alt=\"pedale\" width=\"300\" height=\"225\" class=\"alignnone size-medium wp-image-1989\" \/><\/a><\/td><td class=\"column-3\">35CH147<\/td><td class=\"column-4\">P\u00e9dale de frein<br \/>\nBrake Pedal <br \/>\nBremspedal<\/td><td class=\"column-5\">Pi\u00e8ce usin\u00e9e<br \/>\nMachined part<br \/>\nWerkst\u00fcck<\/td><td class=\"column-6\">Type 35, 37, 51<\/td>\n<\/tr>\n<tr class=\"row-12 even\">\n\t<td class=\"column-1\">Ch\u00e2ssis<\/td><td class=\"column-2\"><a href=\"http:\/\/bugatelier.eu\/wp-content\/uploads\/2015\/10\/came_frein.jpg\"><img src=\"http:\/\/bugatelier.eu\/wp-content\/uploads\/2015\/10\/came_frein-300x259.jpg\" alt=\"came_frein\" width=\"300\" height=\"259\" class=\"alignnone size-medium wp-image-1990\" \/><\/a><\/td><td class=\"column-3\"><\/td><td class=\"column-4\">Came de frein<br \/>\nBrake Cam<br \/>\nBremsnoken<\/td><td class=\"column-5\">Pi\u00e8ce usin\u00e9e<br \/>\nMachined part<br \/>\nWerkst\u00fcck<\/td><td class=\"column-6\">Types divers<br \/>\nVarious types<br \/>\nVerschiedene Models<\/td>\n<\/tr>\n<tr class=\"row-13 odd\">\n\t<td class=\"column-1\">Ch\u00e2ssis<\/td><td class=\"column-2\"><a href=\"http:\/\/bugatelier.eu\/wp-content\/uploads\/2015\/10\/raidisseur_arbre_roue_AR.jpg\"><img src=\"http:\/\/bugatelier.eu\/wp-content\/uploads\/2015\/10\/raidisseur_arbre_roue_AR-300x199.jpg\" alt=\"raidisseur_arbre_roue_AR\" width=\"300\" height=\"199\" class=\"alignnone size-medium wp-image-1992\" \/><\/a><\/td><td class=\"column-3\">33CH66<br \/>\n33CH67<br \/>\n33CH153<\/td><td class=\"column-4\">Bielle de pouss\u00e9e compl\u00e8te: barre +extr\u00e9mit\u00e9 sph\u00e9rique + demi boite de rotule sans graisseur + demi boite de rotule avec graisseur <br \/>\nRadius Rod complete, (as shown)<br \/>\n<br \/>\n <\/td><td class=\"column-5\">Pi\u00e8ce usin\u00e9e<br \/>\nMachined part<br \/>\nWerkst\u00fcck<\/td><td class=\"column-6\">Type 35, 37, 51<\/td>\n<\/tr>\n<tr class=\"row-14 even\">\n\t<td class=\"column-1\">Ch\u00e2ssis<\/td><td class=\"column-2\"><a href=\"http:\/\/bugatelier.eu\/wp-content\/uploads\/2017\/01\/bielle-poussee_ar.jpg\"><img src=\"http:\/\/bugatelier.eu\/wp-content\/uploads\/2017\/01\/bielle-poussee_ar-300x225.jpg\" alt=\"\" width=\"300\" height=\"225\" class=\"alignnone size-medium wp-image-2829\" \/><\/a><\/td><td class=\"column-3\">35CH66<\/td><td class=\"column-4\">Barre + extr\u00e9mit\u00e9 sph\u00e9rique<br \/>\nBar + rod<br \/>\nStange + Kugel<\/td><td class=\"column-5\">Pi\u00e8ce usin\u00e9e<br \/>\nMachined part<br \/>\nWerkst\u00fcck<\/td><td class=\"column-6\"><\/td>\n<\/tr>\n<tr class=\"row-15 odd\">\n\t<td class=\"column-1\">Ch\u00e2ssis<\/td><td class=\"column-2\"><a href=\"http:\/\/bugatelier.eu\/wp-content\/uploads\/2017\/01\/coupelle_bras_AR_sans_graisseur_usine.jpg\"><img src=\"http:\/\/bugatelier.eu\/wp-content\/uploads\/2017\/01\/coupelle_bras_AR_sans_graisseur_usine-300x224.jpg\" alt=\"\" width=\"300\" height=\"224\" class=\"alignnone size-medium wp-image-2830\" \/><\/a><\/td><td class=\"column-3\">35CH67<\/td><td class=\"column-4\">Demi boite de rotule sans graisseur<br \/>\nBronze cup for radius rod without greaser<br \/>\nHalbe Schachtel ohne Schmierer<br \/>\n<\/td><td class=\"column-5\">Pi\u00e8ce usin\u00e9e<br \/>\nMachined part<br \/>\nWerkst\u00fcck<\/td><td class=\"column-6\"><\/td>\n<\/tr>\n<tr class=\"row-16 even\">\n\t<td class=\"column-1\">Ch\u00e2ssis<\/td><td class=\"column-2\"><a href=\"http:\/\/bugatelier.eu\/wp-content\/uploads\/2017\/01\/coupelle_bras_AR_avec_graisseur_usine.jpg\"><img src=\"http:\/\/bugatelier.eu\/wp-content\/uploads\/2017\/01\/coupelle_bras_AR_avec_graisseur_usine-300x224.jpg\" alt=\"\" width=\"300\" height=\"224\" class=\"alignnone size-medium wp-image-2831\" \/><\/a><\/td><td class=\"column-3\">35CH153<\/td><td class=\"column-4\">Demi boite de rotule avec<br \/>\n graisseur<br \/>\nBronze cup for radius rod with greaser<br \/>\nHalbe Schachtel mit Schmierer<br \/>\n<\/td><td class=\"column-5\">Pi\u00e8ce usin\u00e9e<br \/>\nMachined part<br \/>\nWerkst\u00fcck<\/td><td class=\"column-6\"><\/td>\n<\/tr>\n<tr class=\"row-17 odd\">\n\t<td class=\"column-1\">Ch\u00e2ssis<\/td><td class=\"column-2\"><a href=\"http:\/\/bugatelier.eu\/wp-content\/uploads\/2015\/10\/coupelle_bras_AR_sans_graisseur.jpg\"><img src=\"http:\/\/bugatelier.eu\/wp-content\/uploads\/2015\/10\/coupelle_bras_AR_sans_graisseur-300x195.jpg\" alt=\"\" width=\"300\" height=\"195\" class=\"alignnone size-medium wp-image-1980\" \/><\/a><\/td><td class=\"column-3\">35CH67<\/td><td class=\"column-4\">Demi boite de rotule sans graisseur<br \/>\nBronze cup for radius rod without greaser<br \/>\nHalbe Schachtel ohne Schmierer<br \/>\n<\/td><td class=\"column-5\">Pi\u00e8ce brute<br \/>\nCasting part<br \/>\nRohguss<\/td><td class=\"column-6\"><\/td>\n<\/tr>\n<tr class=\"row-18 even\">\n\t<td class=\"column-1\">Ch\u00e2ssis<\/td><td class=\"column-2\"><a href=\"http:\/\/bugatelier.eu\/wp-content\/uploads\/2015\/10\/coupelle_bras_AR_avec_graisseur.jpg\"><img src=\"http:\/\/bugatelier.eu\/wp-content\/uploads\/2015\/10\/coupelle_bras_AR_avec_graisseur-300x190.jpg\" alt=\"\" width=\"300\" height=\"190\" class=\"alignnone size-medium wp-image-1979\" \/><\/a><\/td><td class=\"column-3\">35CH153<\/td><td class=\"column-4\">Demi boite de rotule avec graisseur<br \/>\nBronze cup for radius rod with greaser<br \/>\nHalbe Schachtel mit Schmierer<br \/>\n<\/td><td class=\"column-5\">Pi\u00e8ce brute<br \/>\nCasting part<br \/>\nRohguss<\/td><td class=\"column-6\"><\/td>\n<\/tr>\n<tr class=\"row-19 odd\">\n\t<td class=\"column-1\">Ch\u00e2ssis<\/td><td class=\"column-2\"><a href=\"http:\/\/bugatelier.eu\/wp-content\/uploads\/2015\/10\/renfort_chassis.jpg\"><img src=\"http:\/\/bugatelier.eu\/wp-content\/uploads\/2015\/10\/renfort_chassis-283x300.jpg\" alt=\"renfort_chassis\" width=\"283\" height=\"300\" class=\"alignnone size-medium wp-image-1996\" \/><\/a><\/td><td class=\"column-3\"><\/td><td class=\"column-4\">Renfort ch\u00e2ssis<br \/>\nChassis reinforcement<br \/>\nChassis Verst\u00e4rkung<br \/>\n<br \/>\n<\/td><td class=\"column-5\">Pi\u00e8ce usin\u00e9e<br \/>\nMachined part<br \/>\nWerkst\u00fcck<\/td><td class=\"column-6\"><\/td>\n<\/tr>\n<tr class=\"row-20 even\">\n\t<td class=\"column-1\">Ch\u00e2ssis<\/td><td class=\"column-2\"><a href=\"http:\/\/bugatelier.eu\/wp-content\/uploads\/2016\/04\/butee_frein_main2.jpg\"><img src=\"http:\/\/bugatelier.eu\/wp-content\/uploads\/2016\/04\/butee_frein_main2-300x290.jpg\" alt=\"butee_frein_main2\" width=\"300\" height=\"290\" class=\"alignnone size-medium wp-image-2627\" \/><\/a><\/td><td class=\"column-3\">35CH132<\/td><td class=\"column-4\">But\u00e9e de frein \u00e0 main<br \/>\nHandbrake stop<br \/>\nHanbbremseanschlag<\/td><td class=\"column-5\">Pi\u00e8ce usin\u00e9e<br \/>\nMachined part<br \/>\nWerkst\u00fcck<br \/>\n<br \/>\n<\/td><td class=\"column-6\">Type 35,37,51,54<\/td>\n<\/tr>\n<tr class=\"row-21 odd\">\n\t<td class=\"column-1\">Ch\u00e2ssis<\/td><td class=\"column-2\"><a href=\"http:\/\/bugatelier.eu\/wp-content\/uploads\/2017\/10\/support-de-tablier-GP.jpg\"><img src=\"http:\/\/bugatelier.eu\/wp-content\/uploads\/2017\/10\/support-de-tablier-GP-300x203.jpg\" alt=\"\" width=\"300\" height=\"203\" class=\"alignnone size-medium wp-image-3643\" \/><\/a><\/td><td class=\"column-3\"><\/td><td class=\"column-4\">Support de tablier GP<\/td><td class=\"column-5\">Pi\u00e8ce usin\u00e9e<br \/>\nMachined part<br \/>\nWerkst\u00fcck<\/td><td class=\"column-6\">Type 35,37,51,54<\/td>\n<\/tr>\n<tr class=\"row-22 even\">\n\t<td class=\"column-1\">Ch\u00e2ssis<\/td><td class=\"column-2\"><img src=\"http:\/\/bugatelier.eu\/wp-content\/uploads\/2019\/03\/35CH28-300x225.jpg\" alt=\"\" width=\"300\" height=\"225\" class=\"alignnone size-medium wp-image-5242\" \/><br \/>\n<\/td><td class=\"column-3\">35CH28<br \/>\n<br \/>\n30CH19<\/td><td class=\"column-4\">Boulon d'attache du ressort arri\u00e8re<br \/>\nEcrou correspondant<\/td><td class=\"column-5\">Pi\u00e8ce usin\u00e9e<br \/>\nMachined part<br \/>\nWerkst\u00fcck<\/td><td class=\"column-6\">Type 35,37,51,54<\/td>\n<\/tr>\n<tr class=\"row-23 odd\">\n\t<td class=\"column-1\">Ch\u00e2ssis<\/td><td class=\"column-2\"><img src=\"http:\/\/bugatelier.eu\/wp-content\/uploads\/2019\/03\/35CH29-300x225.jpg\" alt=\"\" width=\"300\" height=\"225\" class=\"alignnone size-medium wp-image-5243\" \/><\/td><td class=\"column-3\">35CH29<br \/>\n<br \/>\nFolio 8<\/td><td class=\"column-4\">Boulon d'attache du ressort arri\u00e8re <br \/>\nEcrou cr\u00e9n\u00e9l\u00e8 \u00d812 mm<br \/>\npas150 <\/td><td class=\"column-5\">Pi\u00e8ce usin\u00e9e<br \/>\nMachined part<br \/>\nWerkst\u00fcck<\/td><td class=\"column-6\">Type 35,37,51,54<\/td>\n<\/tr>\n<tr class=\"row-24 even\">\n\t<td class=\"column-1\">Ch\u00e2ssis<\/td><td class=\"column-2\"><img src=\"http:\/\/bugatelier.eu\/wp-content\/uploads\/2019\/03\/boulon-articulation-1-e1551795380514-300x199.jpg\" alt=\"\" width=\"300\" height=\"199\" class=\"alignnone size-medium wp-image-5282\" \/><\/td><td class=\"column-3\">35CH36<\/td><td class=\"column-4\">Boulon d'articulation du ressort AR<\/td><td class=\"column-5\">Pi\u00e8ce usin\u00e9e<br \/>\nMachined part<br \/>\nWerkst\u00fcck<\/td><td class=\"column-6\">Type 35,37,51,54<\/td>\n<\/tr>\n<tr class=\"row-25 odd\">\n\t<td class=\"column-1\">Ch\u00e2ssis<\/td><td class=\"column-2\"><img src=\"http:\/\/bugatelier.eu\/wp-content\/uploads\/2019\/03\/douille-boulon-articulation-300x200.jpg\" alt=\"\" width=\"300\" height=\"200\" class=\"alignnone size-medium wp-image-5247\" \/><\/td><td class=\"column-3\">35CH35<\/td><td class=\"column-4\">Douille  dans l'oeil du ressort AR<\/td><td class=\"column-5\">Pi\u00e8ce usin\u00e9e<br \/>\nMachined part<br \/>\nWerkst\u00fcck<\/td><td class=\"column-6\">Type 35,37,51,54<\/td>\n<\/tr>\n<tr class=\"row-26 even\">\n\t<td class=\"column-1\">Ch\u00e2ssis<\/td><td class=\"column-2\"><a href=\"http:\/\/bugatelier.eu\/wp-content\/uploads\/2019\/03\/ecrou-a-oreille-35CH58.jpg\"><img src=\"http:\/\/bugatelier.eu\/wp-content\/uploads\/2019\/03\/ecrou-a-oreille-35CH58-300x225.jpg\" alt=\"\" width=\"300\" height=\"225\" class=\"alignnone size-medium wp-image-5892\" \/><\/a><\/td><td class=\"column-3\">35CH58<\/td><td class=\"column-4\">Ecrou \u00e0 oreille<\/td><td class=\"column-5\">Pi\u00e8ce usin\u00e9e<br \/>\nMachined part<br \/>\nWerkst\u00fcck<\/td><td class=\"column-6\">Type 35,37,51,54<\/td>\n<\/tr>\n<\/tbody>\n<\/table>\n<!-- #tablepress-18 from cache -->\n","protected":false},"excerpt":{"rendered":"<p>Chassis parts \/ Teile f\u00fcr den Chassis Telefon: +33 6 74 44 74 59 Mail Kontact Anweisung: Um die Teile&nbsp; f\u00fcr ein besonderes Model sofort zu finden, k\u00f6nnen Sie einfach&nbsp; das Eingabefeld Suchen, oben rechts&nbsp; der Tabelle, ben\u00fctzen. Zum Beispiel Type 57 oder 35 usw.&nbsp; \u2191 oder \u2193 in der ersten Zeile sortiert nach Kategorie. [&hellip;]<\/p>\n","protected":false},"author":2,"featured_media":0,"parent":0,"menu_order":0,"comment_status":"closed","ping_status":"closed","template":"page-fullwidth.php","meta":[],"_links":{"self":[{"href":"https:\/\/bugatelier.eu\/index.php?rest_route=\/wp\/v2\/pages\/5721"}],"collection":[{"href":"https:\/\/bugatelier.eu\/index.php?rest_route=\/wp\/v2\/pages"}],"about":[{"href":"https:\/\/bugatelier.eu\/index.php?rest_route=\/wp\/v2\/types\/page"}],"author":[{"embeddable":true,"href":"https:\/\/bugatelier.eu\/index.php?rest_route=\/wp\/v2\/users\/2"}],"replies":[{"embeddable":true,"href":"https:\/\/bugatelier.eu\/index.php?rest_route=%2Fwp%2Fv2%2Fcomments&post=5721"}],"version-history":[{"count":13,"href":"https:\/\/bugatelier.eu\/index.php?rest_route=\/wp\/v2\/pages\/5721\/revisions"}],"predecessor-version":[{"id":7190,"href":"https:\/\/bugatelier.eu\/index.php?rest_route=\/wp\/v2\/pages\/5721\/revisions\/7190"}],"wp:attachment":[{"href":"https:\/\/bugatelier.eu\/index.php?rest_route=%2Fwp%2Fv2%2Fmedia&parent=5721"}],"curies":[{"name":"wp","href":"https:\/\/api.w.org\/{rel}","templated":true}]}}