{"id":5712,"date":"2019-03-25T13:20:29","date_gmt":"2019-03-25T13:20:29","guid":{"rendered":"http:\/\/bugatelier.eu\/?page_id=5712"},"modified":"2021-08-23T09:50:21","modified_gmt":"2021-08-23T09:50:21","slug":"motor-teile","status":"publish","type":"page","link":"https:\/\/bugatelier.eu\/?page_id=5712","title":{"rendered":"Motorteile"},"content":{"rendered":"<p><\/p>\n<div class=\"wp-block-cover has-background-dim\" style=\"background-image:url(http:\/\/bugatelier.eu\/wp-content\/uploads\/2021\/08\/page-produit-shop-6.png)\">\n<p class=\"wp-block-cover-text\"><strong>Diese Seite wird nicht mehr aktualisiert. <br \/><\/strong><a rel=\"noreferrer noopener\" aria-label=\"Besuchen Sie unseren neuen Online-Shop. (ouverture dans un nouvel onglet)\" href=\"http:\/\/shop.bugatelier.eu\/de\" target=\"_blank\"><strong>Besuchen Sie unseren neuen Online-Shop.<\/strong><\/a><\/p>\n<\/div>\n<p><\/p>\n<p><\/p>\n<div class=\"wp-block-media-text alignwide\">\n<figure class=\"wp-block-media-text__media\"><img decoding=\"async\" loading=\"lazy\" width=\"800\" height=\"533\" src=\"http:\/\/bugatelier.eu\/wp-content\/uploads\/2019\/02\/moteur1.jpg\" alt=\"\" class=\"wp-image-4417\" srcset=\"https:\/\/bugatelier.eu\/wp-content\/uploads\/2019\/02\/moteur1.jpg 800w, https:\/\/bugatelier.eu\/wp-content\/uploads\/2019\/02\/moteur1-300x200.jpg 300w, https:\/\/bugatelier.eu\/wp-content\/uploads\/2019\/02\/moteur1-768x512.jpg 768w, https:\/\/bugatelier.eu\/wp-content\/uploads\/2019\/02\/moteur1-642x428.jpg 642w\" sizes=\"(max-width: 800px) 100vw, 800px\" \/><\/figure>\n<div class=\"wp-block-media-text__content\"><\/p>\n<p>Haben Sie eine Frage ?<\/p>\n<p><\/p>\n<p><\/p>\n<p><strong>Phone: +33 6 74 44 74 59<br \/> <\/strong><a href=\"mailto:info@bugatelier.eu\"><strong>Mail<\/strong><\/a><strong> <br \/><a href=\"http:\/\/bugatelier.eu\/?page_id=1634\">Kontakt<\/a><br \/><\/strong><\/p>\n<p><\/div>\n<\/div>\n<p><\/p>\n<p><!-- \/wp:media-text --><\/p>\n<p><!-- wp:paragraph {\"fontSize\":\"small\"} --><\/p>\n<p class=\"has-small-font-size\"><strong>Anweisung:<\/strong> <em>Um die Teile f\u00fcr ein besonderes Model sofort zu finden, k\u00f6nnen Sie einfach das Eingabefeld <strong>Suchen<\/strong>, oben rechts der Tabelle, ben\u00fctzen. Zum Beispiel Type 57 oder 35 usw. \u2191 oder \u2193 in der ersten Zeile sortiert nach Kategorie. Ein Klick vergr\u00f6ssert das Bild !<\/em><\/p>\n<p><!-- \/wp:paragraph --><\/p>\n<p><!-- wp:shortcode -->\n<table id=\"tablepress-19\" class=\"tablepress tablepress-id-19\">\n<thead>\n<tr class=\"row-1 odd\">\n\t<th class=\"column-1\">Cat\u00e9gorie<\/th><th class=\"column-2\">Pi\u00e8ces  \/  Parts \/ Teile<\/th><th class=\"column-3\">N\u00b0 de pi\u00e8ce<br \/>\nPart number<br \/>\nTeilnummer<\/th><th class=\"column-4\">D\u00e9signation en fran\u00e7ais,<br \/>\nenglish,deutsch.<\/th><th class=\"column-5\">Obs<\/th><th class=\"column-6\">Convient pour <br \/>\nSuitable for<br \/>\nGeeignet f\u00fcr<\/th>\n<\/tr>\n<\/thead>\n<tfoot>\n<tr class=\"row-31 odd\">\n\t<th class=\"column-1\">Cat\u00e9gorie<\/th><th class=\"column-2\">Pi\u00e8ces  \/  Parts \/ Teile<\/th><th class=\"column-3\">N\u00b0 de pi\u00e8ce<br \/>\nPart number<br \/>\nTeilnummer<\/th><th class=\"column-4\">D\u00e9signation en fran\u00e7ais,<br \/>\nenglish, deutsch.<\/th><th class=\"column-5\"><\/th><th class=\"column-6\">Convient pour <br \/>\nSuitable for<br \/>\nGeeignet f\u00fcr<\/th>\n<\/tr>\n<\/tfoot>\n<tbody class=\"row-hover\">\n<tr class=\"row-2 even\">\n\t<td class=\"column-1\">Moteur<br \/>\nEngine<br \/>\nMotor<\/td><td class=\"column-2\"><a href=\"http:\/\/bugatelier.eu\/wp-content\/uploads\/2020\/01\/soupape_t57_adm_ech.jpg\"><img src=\"http:\/\/bugatelier.eu\/wp-content\/uploads\/2020\/01\/soupape_t57_adm_ech-300x229.jpg\" alt=\"\" width=\"300\" height=\"229\" class=\"alignnone size-medium wp-image-6340\" \/><\/a><\/td><td class=\"column-3\">57MOT75<\/td><td class=\"column-4\">soupape admission \/ echappement<br \/>\ninlet \/ exhaust valve<br \/>\nVentil<br \/>\n<\/td><td class=\"column-5\">\u00d841, queue 8mm<br \/>\nLq 122,75 mm<\/td><td class=\"column-6\">Type 57<\/td>\n<\/tr>\n<tr class=\"row-3 odd\">\n\t<td class=\"column-1\">Moteur<br \/>\nEngine<br \/>\nMotor<\/td><td class=\"column-2\"><a href=\"http:\/\/bugatelier.eu\/wp-content\/uploads\/2020\/01\/guide_soupape_t57_adm_ech.jpg\"><img src=\"http:\/\/bugatelier.eu\/wp-content\/uploads\/2020\/01\/guide_soupape_t57_adm_ech-300x225.jpg\" alt=\"\" width=\"300\" height=\"225\" class=\"alignnone size-medium wp-image-6342\" \/><\/a><\/td><td class=\"column-3\">57MOT320<\/td><td class=\"column-4\">guide de soupape<br \/>\nvalve guide<br \/>\nVentilf\u00fchrung<\/td><td class=\"column-5\"><\/td><td class=\"column-6\">Type 57<\/td>\n<\/tr>\n<tr class=\"row-4 even\">\n\t<td class=\"column-1\">Moteur<br \/>\nEngine<br \/>\nMotor<\/td><td class=\"column-2\"><a href=\"http:\/\/bugatelier.eu\/wp-content\/uploads\/2020\/01\/bague-de-centrage-du-ressort-57MOT349.jpg\"><img src=\"http:\/\/bugatelier.eu\/wp-content\/uploads\/2020\/01\/bague-de-centrage-du-ressort-57MOT349-300x249.jpg\" alt=\"\" width=\"300\" height=\"249\" class=\"alignnone size-medium wp-image-6344\" \/><\/a><\/td><td class=\"column-3\">57MOT349<\/td><td class=\"column-4\">Bague de centrage du ressort<br \/>\nFlanged washer for under springs<br \/>\nUnterlegscheibe fur Feder<\/td><td class=\"column-5\"><\/td><td class=\"column-6\">Type 57<\/td>\n<\/tr>\n<tr class=\"row-5 odd\">\n\t<td class=\"column-1\">Moteur<br \/>\nEngine<br \/>\nMotor<\/td><td class=\"column-2\"><a href=\"http:\/\/bugatelier.eu\/wp-content\/uploads\/2020\/01\/cone_arret_assiette_51MOT65.jpg\"><img src=\"http:\/\/bugatelier.eu\/wp-content\/uploads\/2020\/01\/cone_arret_assiette_51MOT65-300x261.jpg\" alt=\"\" width=\"300\" height=\"261\" class=\"alignnone size-medium wp-image-6352\" \/><\/a><\/td><td class=\"column-3\">51MOT65<\/td><td class=\"column-4\">cone d'arr\u00eat des assiettes<br \/>\nValve cotters<br \/>\nVentilkeil<\/td><td class=\"column-5\"><\/td><td class=\"column-6\">Type 51,57<\/td>\n<\/tr>\n<tr class=\"row-6 even\">\n\t<td class=\"column-1\">Moteur<br \/>\nEngine<br \/>\nMotor<\/td><td class=\"column-2\"><a href=\"http:\/\/bugatelier.eu\/wp-content\/uploads\/2020\/01\/assiette_ressort_57MOT348.jpg\"><img src=\"http:\/\/bugatelier.eu\/wp-content\/uploads\/2020\/01\/assiette_ressort_57MOT348-300x227.jpg\" alt=\"\" width=\"300\" height=\"227\" class=\"alignnone size-medium wp-image-6346\" \/><\/a><\/td><td class=\"column-3\">57MOT348<\/td><td class=\"column-4\">Assiette du ressort<br \/>\nValve spring top cap<br \/>\nVentilfederdeckel<\/td><td class=\"column-5\"><\/td><td class=\"column-6\">Type 57<\/td>\n<\/tr>\n<tr class=\"row-7 odd\">\n\t<td class=\"column-1\">Moteur<br \/>\nEngine<br \/>\nMotor<\/td><td class=\"column-2\"><a href=\"http:\/\/bugatelier.eu\/wp-content\/uploads\/2020\/01\/ressort-_ext_57MOT347.jpg\"><img src=\"http:\/\/bugatelier.eu\/wp-content\/uploads\/2020\/01\/ressort-_ext_57MOT347-300x236.jpg\" alt=\"\" width=\"300\" height=\"236\" class=\"alignnone size-medium wp-image-6348\" \/><\/a><\/td><td class=\"column-3\">57MOT347<\/td><td class=\"column-4\">Ressort ext\u00e9rieur<br \/>\nOuter spring<br \/>\nAussenfeder<\/td><td class=\"column-5\"><\/td><td class=\"column-6\">Type 57<\/td>\n<\/tr>\n<tr class=\"row-8 even\">\n\t<td class=\"column-1\">Moteur<br \/>\nEngine<br \/>\nMotor<\/td><td class=\"column-2\"><a href=\"http:\/\/bugatelier.eu\/wp-content\/uploads\/2020\/01\/ressort-_int_57MOT346.jpg\"><img src=\"http:\/\/bugatelier.eu\/wp-content\/uploads\/2020\/01\/ressort-_int_57MOT346-300x221.jpg\" alt=\"\" width=\"300\" height=\"221\" class=\"alignnone size-medium wp-image-6350\" \/><\/a><\/td><td class=\"column-3\">57MOT346<\/td><td class=\"column-4\">Ressort int\u00e9rieur<br \/>\nInner spring<br \/>\nInnere Feder<\/td><td class=\"column-5\"><\/td><td class=\"column-6\">Type 57<\/td>\n<\/tr>\n<tr class=\"row-9 odd\">\n\t<td class=\"column-1\">Moteur grand bloc<br \/>\nEngine<br \/>\nMotor<\/td><td class=\"column-2\"><a href=\"http:\/\/bugatelier.eu\/wp-content\/uploads\/2020\/01\/soupape_echap_grand_bloc.jpg\"><img src=\"http:\/\/bugatelier.eu\/wp-content\/uploads\/2020\/01\/soupape_echap_grand_bloc-300x246.jpg\" alt=\"\" width=\"300\" height=\"246\" class=\"alignnone size-medium wp-image-6335\" \/><\/a><\/td><td class=\"column-3\">37MOT9<\/td><td class=\"column-4\">soupape echappement<br \/>\nexhaust valve <br \/>\nAuslassventil<\/td><td class=\"column-5\">\u00d8 al\u00e9sage bloc 69mm<br \/>\n\u00d8 37mm <br \/>\nqueue 9mm<br \/>\nLq 131mm 45\u00b0<br \/>\n<\/td><td class=\"column-6\">Type 37,40,44,49<\/td>\n<\/tr>\n<tr class=\"row-10 even\">\n\t<td class=\"column-1\">Moteur grand bloc<br \/>\nEngine<br \/>\nMotor<\/td><td class=\"column-2\"><a href=\"http:\/\/bugatelier.eu\/wp-content\/uploads\/2020\/01\/guide_soupape_echap_grand_bloc.jpg\"><img src=\"http:\/\/bugatelier.eu\/wp-content\/uploads\/2020\/01\/guide_soupape_echap_grand_bloc-300x240.jpg\" alt=\"\" width=\"300\" height=\"240\" class=\"alignnone size-medium wp-image-6334\" \/><\/a><\/td><td class=\"column-3\">37MOT7<\/td><td class=\"column-4\">guide soupape echappement<br \/>\nexhaust valve guide<br \/>\nAuslassventilf\u00fchrung<\/td><td class=\"column-5\">\u00d8 al\u00e9sage bloc 69mm<br \/>\n16x1.25<\/td><td class=\"column-6\">Type 37,40,44,49<\/td>\n<\/tr>\n<tr class=\"row-11 odd\">\n\t<td class=\"column-1\">Moteur grand bloc<br \/>\nEngine<br \/>\nMotor<\/td><td class=\"column-2\"><a href=\"http:\/\/bugatelier.eu\/wp-content\/uploads\/2020\/01\/soupape_adm_grand_bloc.jpg\"><img src=\"http:\/\/bugatelier.eu\/wp-content\/uploads\/2020\/01\/soupape_adm_grand_bloc-300x251.jpg\" alt=\"\" width=\"300\" height=\"251\" class=\"alignnone size-medium wp-image-6332\" \/><\/a><\/td><td class=\"column-3\">37MOT8<\/td><td class=\"column-4\">soupape admission<br \/>\ninlet valve <br \/>\nEinlassventil<\/td><td class=\"column-5\">\u00d8 al\u00e9sage bloc 69mm<br \/>\n\u00d8 26mm <br \/>\nqueue 8mm<br \/>\nLq 130mm 30\u00b0<br \/>\n<\/td><td class=\"column-6\">Type 37,40,44,49<\/td>\n<\/tr>\n<tr class=\"row-12 even\">\n\t<td class=\"column-1\">Moteur grand bloc<br \/>\nEngine<br \/>\nMotor<\/td><td class=\"column-2\"><a href=\"http:\/\/bugatelier.eu\/wp-content\/uploads\/2020\/01\/guide_soupape_adm_grand_bloc.jpg\"><img src=\"http:\/\/bugatelier.eu\/wp-content\/uploads\/2020\/01\/guide_soupape_adm_grand_bloc-300x239.jpg\" alt=\"\" width=\"300\" height=\"239\" class=\"alignnone size-medium wp-image-6331\" \/><\/a><\/td><td class=\"column-3\">37MOT6 <\/td><td class=\"column-4\">guide soupape admission<br \/>\ninlet valve guide<br \/>\nEinlassventilf\u00fchrung<\/td><td class=\"column-5\">\u00d8 al\u00e9sage bloc 69mm<br \/>\n16x1.25<\/td><td class=\"column-6\">Type 37,40,44,49<\/td>\n<\/tr>\n<tr class=\"row-13 odd\">\n\t<td class=\"column-1\">Moteur<br \/>\nEngine<br \/>\nMotor<\/td><td class=\"column-2\"><a href=\"http:\/\/bugatelier.eu\/wp-content\/uploads\/2019\/04\/douille_femelle_reglage_avance_35AC86.jpg\"><img src=\"http:\/\/bugatelier.eu\/wp-content\/uploads\/2019\/04\/douille_femelle_reglage_avance_35AC86-300x225.jpg\" alt=\"\" width=\"300\" height=\"225\" class=\"alignnone size-medium wp-image-5969\" \/><\/a><\/td><td class=\"column-3\">35AC86<\/td><td class=\"column-4\">Douille male r\u00e8glage de l'avance<br \/>\nIgnition Advance trimming male part<br \/>\nVorz\u00fcdung einstellung<\/td><td class=\"column-5\">Pi\u00e8ce usin\u00e9e<br \/>\nMachined part<br \/>\nWerkst\u00fcck<\/td><td class=\"column-6\">Type 35<\/td>\n<\/tr>\n<tr class=\"row-14 even\">\n\t<td class=\"column-1\">Moteur<br \/>\nEngine<br \/>\nMotor<\/td><td class=\"column-2\"><a href=\"http:\/\/bugatelier.eu\/wp-content\/uploads\/2019\/04\/douille_male_reglage_avance_35AC87.jpg\"><img src=\"http:\/\/bugatelier.eu\/wp-content\/uploads\/2019\/04\/douille_male_reglage_avance_35AC87-300x225.jpg\" alt=\"\" width=\"300\" height=\"225\" class=\"alignnone size-medium wp-image-5970\" \/><\/a><\/td><td class=\"column-3\">35AC87<\/td><td class=\"column-4\">Douille femelle r\u00e8glage de l'avance<br \/>\nIgnition Advance trimming femelle part<br \/>\nVorz\u00fcdung einstellung<\/td><td class=\"column-5\">Pi\u00e8ce usin\u00e9e<br \/>\nMachined part<br \/>\nWerkst\u00fcck<\/td><td class=\"column-6\">Type 35<\/td>\n<\/tr>\n<tr class=\"row-15 odd\">\n\t<td class=\"column-1\">Moteur<br \/>\nEngine<br \/>\nMotor<\/td><td class=\"column-2\"><img src=\"http:\/\/bugatelier.eu\/wp-content\/uploads\/2019\/03\/poulie_entrainement_courroie_compte_tour_35AC95-300x203.jpg\" alt=\"\" width=\"300\" height=\"203\" class=\"alignnone size-medium wp-image-5836\" \/><\/td><td class=\"column-3\">35AC95<\/td><td class=\"column-4\">Poulie entrainement compte tours<br \/>\nTacho pulley<br \/>\n<br \/>\n<br \/>\n<\/td><td class=\"column-5\">Pi\u00e8ce usin\u00e9e<br \/>\nMachined part<br \/>\nWerkst\u00fcck<\/td><td class=\"column-6\">Type 35<\/td>\n<\/tr>\n<tr class=\"row-16 even\">\n\t<td class=\"column-1\">Moteur<br \/>\nEngine<br \/>\nMotor<\/td><td class=\"column-2\"><a href=\"http:\/\/bugatelier.eu\/wp-content\/uploads\/2015\/02\/arbre_pompe_eauT57-1.jpg\"><img src=\"http:\/\/bugatelier.eu\/wp-content\/uploads\/2015\/02\/arbre_pompe_eauT57-1-300x225.jpg\" alt=\"\" width=\"300\" height=\"225\" class=\"alignnone size-medium wp-image-2671\" \/><\/a><\/td><td class=\"column-3\">57 MOT 23<\/td><td class=\"column-4\">Arbre de pompe \u00e0 eau <br \/>\nWaterpump shaft Wasserpumpenwelle<\/td><td class=\"column-5\">Pi\u00e8ce usin\u00e9e<br \/>\nMachined part<br \/>\nWerkst\u00fcck<br \/>\n<br \/>\n<br \/>\n<br \/>\n<\/td><td class=\"column-6\">Type 57<\/td>\n<\/tr>\n<tr class=\"row-17 odd\">\n\t<td class=\"column-1\">Moteur<br \/>\nEngine<br \/>\nMotor<\/td><td class=\"column-2\"><a href=\"http:\/\/bugatelier.eu\/wp-content\/uploads\/2017\/01\/graisseur_pompe-eau_complet.jpg\"><img src=\"http:\/\/bugatelier.eu\/wp-content\/uploads\/2017\/01\/graisseur_pompe-eau_complet-300x226.jpg\" alt=\"\" width=\"300\" height=\"226\" class=\"alignnone size-medium wp-image-2851\" \/><\/a><\/td><td class=\"column-3\"><\/td><td class=\"column-4\">Graisseur de pompe \u00e0 eau complet<\/td><td class=\"column-5\"><\/td><td class=\"column-6\"><\/td>\n<\/tr>\n<tr class=\"row-18 even\">\n\t<td class=\"column-1\">Moteur<br \/>\nEngine<br \/>\nMotor<\/td><td class=\"column-2\"><a href=\"http:\/\/bugatelier.eu\/wp-content\/uploads\/2017\/01\/ensemble_graisseur_pompe_eau.jpg\"><img src=\"http:\/\/bugatelier.eu\/wp-content\/uploads\/2017\/01\/ensemble_graisseur_pompe_eau-300x225.jpg\" alt=\"\" width=\"300\" height=\"225\" class=\"alignnone size-medium wp-image-2850\" \/><\/a><\/td><td class=\"column-3\">30MOT119<br \/>\n30MOT120<br \/>\n30MOT121<br \/>\n30MOT122<\/td><td class=\"column-4\">Graisseur de pompe \u00e0 eau complet<br \/>\nComplete water pump lubrificator<br \/>\nWasserpumpeschmierer komplet<\/td><td class=\"column-5\">Pi\u00e8ce usin\u00e9e<br \/>\nMachined part<br \/>\nWerkst\u00fcck<\/td><td class=\"column-6\"><\/td>\n<\/tr>\n<tr class=\"row-19 odd\">\n\t<td class=\"column-1\">Moteur<br \/>\nEngine<br \/>\nMotor<\/td><td class=\"column-2\"><a href=\"http:\/\/bugatelier.eu\/wp-content\/uploads\/2017\/02\/tube_sortie_eau_T55.jpg\"><img src=\"http:\/\/bugatelier.eu\/wp-content\/uploads\/2017\/02\/tube_sortie_eau_T55-300x198.jpg\" alt=\"\" width=\"300\" height=\"198\" class=\"alignnone size-medium wp-image-2965\" \/><\/a><\/td><td class=\"column-3\">51MOT56<\/td><td class=\"column-4\">Tube de sortie d'eau<br \/>\nWater outlet tube<br \/>\nWasser Rohr<\/td><td class=\"column-5\">Pi\u00e8ce usin\u00e9e<br \/>\nMachined part<br \/>\nWerkst\u00fcck<\/td><td class=\"column-6\">Type 51,55<\/td>\n<\/tr>\n<tr class=\"row-20 even\">\n\t<td class=\"column-1\">Moteur<br \/>\nEngine<br \/>\nMotor<br \/>\n<br \/>\n<\/td><td class=\"column-2\"><a href=\"http:\/\/bugatelier.eu\/wp-content\/uploads\/2015\/02\/tube_sortie_eau_T57.jpg\"><img src=\"http:\/\/bugatelier.eu\/wp-content\/uploads\/2015\/02\/tube_sortie_eau_T57-300x269.jpg\" alt=\"tube_sortie_eau_T57\" width=\"300\" height=\"269\" class=\"alignnone size-medium wp-image-2621\" \/><\/a><\/td><td class=\"column-3\">57MOT140<br \/>\n57SMOT8<\/td><td class=\"column-4\">Tube de sortie d'eau<br \/>\nWater outlet tube<br \/>\nWasser Rohr<\/td><td class=\"column-5\">Pi\u00e8ce usin\u00e9e<br \/>\nMachined part<br \/>\nWerkst\u00fcck<\/td><td class=\"column-6\">Type 57<br \/>\nType 57S<\/td>\n<\/tr>\n<tr class=\"row-21 odd\">\n\t<td class=\"column-1\">Moteur<br \/>\nEngine<br \/>\nMotor<\/td><td class=\"column-2\"><a href=\"http:\/\/bugatelier.eu\/wp-content\/uploads\/2017\/01\/levier_arbre_came_admission_echap37AC3.jpg\"><img src=\"http:\/\/bugatelier.eu\/wp-content\/uploads\/2017\/01\/levier_arbre_came_admission_echap37AC3-300x225.jpg\" alt=\"\" width=\"300\" height=\"225\" class=\"alignnone size-medium wp-image-2842\" \/><\/a><\/td><td class=\"column-3\">37AC3<\/td><td class=\"column-4\">Levier admission echappement<br \/>\nValve lever<br \/>\nVentilverriegelung<br \/>\n<br \/>\n<\/td><td class=\"column-5\">Pi\u00e8ce usin\u00e9e<br \/>\nMachined part<br \/>\nWerkst\u00fcck<\/td><td class=\"column-6\">Type 37,40,44,49<\/td>\n<\/tr>\n<tr class=\"row-22 even\">\n\t<td class=\"column-1\">Moteur<br \/>\nEngine<br \/>\nMotor<\/td><td class=\"column-2\"><a href=\"http:\/\/bugatelier.eu\/wp-content\/uploads\/2015\/10\/support_axe_avance_retard.jpg\"><img src=\"http:\/\/bugatelier.eu\/wp-content\/uploads\/2015\/10\/support_axe_avance_retard-260x300.jpg\" alt=\"support_axe_avance_retard\" width=\"260\" height=\"300\" class=\"alignnone size-medium wp-image-1975\" \/><\/a><\/td><td class=\"column-3\">35AC102<\/td><td class=\"column-4\">Support axe avance-retard <br \/>\nAluminium Bracket for A-R mechanism <\/td><td class=\"column-5\">Pi\u00e8ce brute<br \/>\nCasting part<br \/>\nRohguss<\/td><td class=\"column-6\">Type 35, 37, 51<\/td>\n<\/tr>\n<tr class=\"row-23 odd\">\n\t<td class=\"column-1\">Moteur<br \/>\nEngine<br \/>\nMotor<\/td><td class=\"column-2\"><a href=\"http:\/\/bugatelier.eu\/wp-content\/uploads\/2015\/10\/ZZZ.jpg\"><img src=\"http:\/\/bugatelier.eu\/wp-content\/uploads\/2015\/10\/ZZZ-300x216.jpg\" alt=\"ZZZ\" width=\"300\" height=\"216\" class=\"alignnone size-medium wp-image-1978\" \/><\/a><\/td><td class=\"column-3\">35AC101<\/td><td class=\"column-4\">Levier bronze r\u00e9glage avance retard <br \/>\nBronze Pivot for A-R lever<br \/>\n<\/td><td class=\"column-5\">Pi\u00e8ce brute<br \/>\nCasting part<br \/>\nRohguss<\/td><td class=\"column-6\">Type 35<\/td>\n<\/tr>\n<tr class=\"row-24 even\">\n\t<td class=\"column-1\">Moteur<br \/>\nEngine<br \/>\nMotor<br \/>\n<\/td><td class=\"column-2\"><a href=\"http:\/\/bugatelier.eu\/wp-content\/uploads\/2015\/10\/pompe_essence_main.jpg\"><img src=\"http:\/\/bugatelier.eu\/wp-content\/uploads\/2015\/10\/pompe_essence_main-281x300.jpg\" alt=\"pompe_essence_main\" width=\"281\" height=\"300\" class=\"alignnone size-medium wp-image-1985\" \/><\/a><\/td><td class=\"column-3\">35AC133<\/td><td class=\"column-4\">Pompe de pression \u00e0 main compl\u00e8te<br \/>\nEngine Air Pump complete as shown<br \/>\nLuftdruckpumpe komplet<\/td><td class=\"column-5\">Pi\u00e8ce usin\u00e9e<br \/>\nMachined part<br \/>\nWerkst\u00fcck<\/td><td class=\"column-6\">Type 35, 37, 51<\/td>\n<\/tr>\n<tr class=\"row-25 odd\">\n\t<td class=\"column-1\">Moteur<br \/>\nEngine<br \/>\nMotor<\/td><td class=\"column-2\"><a href=\"http:\/\/bugatelier.eu\/wp-content\/uploads\/2015\/10\/reglage_avance.jpg\"><img src=\"http:\/\/bugatelier.eu\/wp-content\/uploads\/2015\/10\/reglage_avance-300x254.jpg\" alt=\"reglage_avance\" width=\"300\" height=\"254\" class=\"alignnone size-medium wp-image-1987\" \/><\/a><\/td><td class=\"column-3\"><\/td><td class=\"column-4\">Syst\u00e8me avance\/retard <br \/>\nIgnition adjustment<br \/>\nZ\u00fcnverstellung<\/td><td class=\"column-5\">Pi\u00e8ce usin\u00e9e<br \/>\nMachined part<br \/>\nWerkst\u00fcck<\/td><td class=\"column-6\">Type 35<\/td>\n<\/tr>\n<tr class=\"row-26 even\">\n\t<td class=\"column-1\">Moteur<br \/>\nEngine<br \/>\nMotor<\/td><td class=\"column-2\"><a href=\"http:\/\/bugatelier.eu\/wp-content\/uploads\/2015\/10\/bague.jpg\"><img src=\"http:\/\/bugatelier.eu\/wp-content\/uploads\/2015\/10\/bague-300x243.jpg\" alt=\"bague\" width=\"300\" height=\"243\" class=\"alignnone size-medium wp-image-1988\" \/><\/a><\/td><td class=\"column-3\"><\/td><td class=\"column-4\">Bague dispositif avance\/retard<br \/>\n(pi\u00e8ce usin\u00e9e)<\/td><td class=\"column-5\">Pi\u00e8ce usin\u00e9e<br \/>\nMachined part<br \/>\nWerkst\u00fcck<\/td><td class=\"column-6\">Type  35<\/td>\n<\/tr>\n<tr class=\"row-27 odd\">\n\t<td class=\"column-1\">Moteur<br \/>\nEngine<br \/>\nMotor<\/td><td class=\"column-2\"><a href=\"http:\/\/bugatelier.eu\/wp-content\/uploads\/2015\/10\/palier_vilebrequin.jpg\"><img src=\"http:\/\/bugatelier.eu\/wp-content\/uploads\/2015\/10\/palier_vilebrequin-300x179.jpg\" alt=\"palier_vilebrequin\" width=\"300\" height=\"179\" class=\"alignnone size-medium wp-image-1991\" \/><\/a><\/td><td class=\"column-3\">44MOT138<\/td><td class=\"column-4\">Palier de vilebrequin<br \/>\nBearing cap center<br \/>\nKurbelwelledeckel<br \/>\n<\/td><td class=\"column-5\">Pi\u00e8ce usin\u00e9e<br \/>\nMachined part<br \/>\nWerkst\u00fcck<\/td><td class=\"column-6\">Type 37, 40, 44, 49<\/td>\n<\/tr>\n<tr class=\"row-28 even\">\n\t<td class=\"column-1\">Moteur<br \/>\nEngine<br \/>\nMotor<\/td><td class=\"column-2\"><a href=\"http:\/\/bugatelier.eu\/wp-content\/uploads\/2015\/10\/XXX.jpg\"><img src=\"http:\/\/bugatelier.eu\/wp-content\/uploads\/2015\/10\/XXX-300x189.jpg\" alt=\"XXX\" width=\"300\" height=\"189\" class=\"alignnone size-medium wp-image-1994\" \/><\/a><\/td><td class=\"column-3\"><\/td><td class=\"column-4\">Tendeur de courroie <br \/>\nBelt Spanner<br \/>\nRiemenspanner<\/td><td class=\"column-5\">Pi\u00e8ce usin\u00e9e<br \/>\nMachined part<br \/>\nWerkst\u00fcck<br \/>\n<\/td><td class=\"column-6\">type 35<\/td>\n<\/tr>\n<tr class=\"row-29 odd\">\n\t<td class=\"column-1\">Moteur<br \/>\nEngine<br \/>\nMotor<\/td><td class=\"column-2\"><a href=\"http:\/\/bugatelier.eu\/wp-content\/uploads\/2015\/10\/poulie_magneto.jpg\"><img src=\"http:\/\/bugatelier.eu\/wp-content\/uploads\/2015\/10\/poulie_magneto-300x224.jpg\" alt=\"poulie_magneto\" width=\"300\" height=\"224\" class=\"alignnone size-medium wp-image-1995\" \/><\/a><\/td><td class=\"column-3\">35AC63<\/td><td class=\"column-4\">Poulie entrainement compte-tour compl\u00e8te avec<br \/>\naxe et goupille <br \/>\nTacho Pulley<br \/>\n<\/td><td class=\"column-5\"> Pi\u00e8ce usin\u00e9e<br \/>\nMachined part<br \/>\nWerkst\u00fcck<br \/>\n<\/td><td class=\"column-6\">Type 35<\/td>\n<\/tr>\n<tr class=\"row-30 even\">\n\t<td class=\"column-1\">Moteur<\/td><td class=\"column-2\"><img src=\"http:\/\/bugatelier.eu\/wp-content\/uploads\/2019\/03\/pare-flamme-carbu-solex-MH35-300x225.jpg\" alt=\"\" width=\"300\" height=\"225\" class=\"alignnone size-medium wp-image-5277\" \/><\/td><td class=\"column-3\"><\/td><td class=\"column-4\">Pare flamme pour carburateur Solex 35MH<\/td><td class=\"column-5\">Pi\u00e8ce usin\u00e9e<br \/>\nMachined part<br \/>\nWerkst\u00fcck<\/td><td class=\"column-6\">Type 35,38<\/td>\n<\/tr>\n<\/tbody>\n<\/table>\n<!-- #tablepress-19 from cache --><br \/><!-- \/wp:shortcode --><\/p>\n","protected":false},"excerpt":{"rendered":"<p>Haben Sie eine Frage ? Phone: +33 6 74 44 74 59 Mail Kontakt Anweisung: Um die Teile f\u00fcr ein besonderes Model sofort zu finden, k\u00f6nnen Sie einfach das Eingabefeld Suchen, oben rechts der Tabelle, ben\u00fctzen. Zum Beispiel Type 57 oder 35 usw. \u2191 oder \u2193 in der ersten Zeile sortiert nach Kategorie. Ein Klick [&hellip;]<\/p>\n","protected":false},"author":2,"featured_media":0,"parent":0,"menu_order":0,"comment_status":"closed","ping_status":"closed","template":"page-fullwidth.php","meta":[],"_links":{"self":[{"href":"https:\/\/bugatelier.eu\/index.php?rest_route=\/wp\/v2\/pages\/5712"}],"collection":[{"href":"https:\/\/bugatelier.eu\/index.php?rest_route=\/wp\/v2\/pages"}],"about":[{"href":"https:\/\/bugatelier.eu\/index.php?rest_route=\/wp\/v2\/types\/page"}],"author":[{"embeddable":true,"href":"https:\/\/bugatelier.eu\/index.php?rest_route=\/wp\/v2\/users\/2"}],"replies":[{"embeddable":true,"href":"https:\/\/bugatelier.eu\/index.php?rest_route=%2Fwp%2Fv2%2Fcomments&post=5712"}],"version-history":[{"count":9,"href":"https:\/\/bugatelier.eu\/index.php?rest_route=\/wp\/v2\/pages\/5712\/revisions"}],"predecessor-version":[{"id":7214,"href":"https:\/\/bugatelier.eu\/index.php?rest_route=\/wp\/v2\/pages\/5712\/revisions\/7214"}],"wp:attachment":[{"href":"https:\/\/bugatelier.eu\/index.php?rest_route=%2Fwp%2Fv2%2Fmedia&parent=5712"}],"curies":[{"name":"wp","href":"https:\/\/api.w.org\/{rel}","templated":true}]}}