{"id":5689,"date":"2019-03-25T11:15:07","date_gmt":"2019-03-25T11:15:07","guid":{"rendered":"http:\/\/bugatelier.eu\/?page_id=5689"},"modified":"2021-10-07T09:00:33","modified_gmt":"2021-10-07T09:00:33","slug":"rear-axel-parts","status":"publish","type":"page","link":"https:\/\/bugatelier.eu\/?page_id=5689","title":{"rendered":"Rear axel parts"},"content":{"rendered":"<p><\/p>\n<div class=\"wp-block-cover has-background-dim-40 has-background-dim\" style=\"background-image:url(http:\/\/bugatelier.eu\/wp-content\/uploads\/2021\/08\/page-produit-shop-4.png)\">\n<p class=\"wp-block-cover-text\"><strong>This page is no longer updated. <br \/><a href=\"http:\/\/shop.bugatelier.eu\/en\" target=\"_blank\" rel=\"noreferrer noopener\" aria-label=\"Go to our new online store (ouverture dans un nouvel onglet)\">Go to our new online store<\/a>.<\/strong><\/p>\n<\/div>\n<p><\/p>\n<p><\/p>\n<div class=\"wp-block-media-text alignwide\">\n<figure class=\"wp-block-media-text__media\"><img decoding=\"async\" loading=\"lazy\" width=\"800\" height=\"614\" src=\"http:\/\/bugatelier.eu\/wp-content\/uploads\/2020\/06\/carter_pont_ar_usine-1.jpg\" alt=\"\" class=\"wp-image-6491\" srcset=\"https:\/\/bugatelier.eu\/wp-content\/uploads\/2020\/06\/carter_pont_ar_usine-1.jpg 800w, https:\/\/bugatelier.eu\/wp-content\/uploads\/2020\/06\/carter_pont_ar_usine-1-300x230.jpg 300w, https:\/\/bugatelier.eu\/wp-content\/uploads\/2020\/06\/carter_pont_ar_usine-1-768x589.jpg 768w, https:\/\/bugatelier.eu\/wp-content\/uploads\/2020\/06\/carter_pont_ar_usine-1-642x493.jpg 642w\" sizes=\"(max-width: 800px) 100vw, 800px\" \/><\/figure>\n<div class=\"wp-block-media-text__content\"><\/p>\n<p><em>For any question, <\/em><\/p>\n<p><\/p>\n<p><\/p>\n<p><strong>Phone:+33 6 74 44 74 59<br \/> <\/strong><a href=\"mailto:info@bugatelier.eu\"><strong>Mail<\/strong><\/a><strong> <br \/><a href=\"http:\/\/bugatelier.eu\/?page_id=1602\">Contact<\/a><br \/><\/strong><\/p>\n<p><\/div>\n<\/div>\n<p><\/p>\n<p><\/p>\n<p class=\"has-small-font-size\"> Use of the table: <em>The <strong>search<\/strong> field in the top right of the table allows you to quickly find the type of car you want. Enter for example type 35 or 57 &#8230; The arrows \u2191 \u2193 in the first row <strong>sort<\/strong> by category.  Clicking on a photo enlarges it!<\/em><\/p>\n<p><\/p>\n<p>\n<table id=\"tablepress-20\" class=\"tablepress tablepress-id-20\">\n<thead>\n<tr class=\"row-1 odd\">\n\t<th class=\"column-1\">Cat\u00e9gorie<\/th><th class=\"column-2\">Pi\u00e8ces  \/  Parts \/ Teile<\/th><th class=\"column-3\">N\u00b0 de pi\u00e8ce<br \/>\nPart number<br \/>\nTeilnummer<\/th><th class=\"column-4\">D\u00e9signation en fran\u00e7ais,<br \/>\nenglish,deutsch.<\/th><th class=\"column-5\">Obs<\/th><th class=\"column-6\">Convient pour <br \/>\nSuitable for<br \/>\nGeeignet f\u00fcr<\/th>\n<\/tr>\n<\/thead>\n<tfoot>\n<tr class=\"row-21 odd\">\n\t<th class=\"column-1\">Cat\u00e9gorie<\/th><th class=\"column-2\">Pi\u00e8ces  \/  Parts \/ Teile<\/th><th class=\"column-3\">N\u00b0 de pi\u00e8ce<br \/>\nPart number<br \/>\nTeilnummer<\/th><th class=\"column-4\">D\u00e9signation en fran\u00e7ais,<br \/>\nenglish, deutsch.<\/th><th class=\"column-5\"><\/th><th class=\"column-6\">Convient pour <br \/>\nSuitable for<br \/>\nGeeignet f\u00fcr<\/th>\n<\/tr>\n<\/tfoot>\n<tbody class=\"row-hover\">\n<tr class=\"row-2 even\">\n\t<td class=\"column-1\">Pont arri\u00e8re<br \/>\nRear axel<br \/>\nHinterachse<\/td><td class=\"column-2\"><a href=\"http:\/\/bugatelier.eu\/wp-content\/uploads\/2020\/01\/vis-de-reglage-du-roulement.jpg\"><img src=\"http:\/\/bugatelier.eu\/wp-content\/uploads\/2020\/01\/vis-de-reglage-du-roulement-300x225.jpg\" alt=\"\" width=\"300\" height=\"225\" class=\"alignnone size-medium wp-image-6210\" \/><\/a><\/td><td class=\"column-3\">30PA81<br \/>\n30PA110<\/td><td class=\"column-4\">Vis de r\u00e8glage du roulement<\/td><td class=\"column-5\">Pi\u00e8ces usin\u00e9es<br \/>\nMachined parts<br \/>\nWerkst\u00fcck<\/td><td class=\"column-6\">Type 38,40,43,44,49,<\/td>\n<\/tr>\n<tr class=\"row-3 odd\">\n\t<td class=\"column-1\">Pont arri\u00e8re<br \/>\nRear axel<br \/>\nHinterachse<\/td><td class=\"column-2\"><a href=\"http:\/\/bugatelier.eu\/wp-content\/uploads\/2020\/01\/30PA48.jpg\"><img src=\"http:\/\/bugatelier.eu\/wp-content\/uploads\/2020\/01\/30PA48-268x300.jpg\" alt=\"\" width=\"268\" height=\"300\" class=\"alignnone size-medium wp-image-6206\" \/><\/a><\/td><td class=\"column-3\">30PA48<\/td><td class=\"column-4\">Feutre \u00e9tanch\u00e9it\u00e9 pont AR<br \/>\nRear axel fels<br \/>\nHinterachedichtungsefels<\/td><td class=\"column-5\">\u00e9p 8mm 80x44<\/td><td class=\"column-6\">Type 30,35,37,38,40,43,44,49,57<\/td>\n<\/tr>\n<tr class=\"row-4 even\">\n\t<td class=\"column-1\">Pont arri\u00e8re<br \/>\nRear axel<br \/>\nHinterachse<\/td><td class=\"column-2\"><a href=\"http:\/\/bugatelier.eu\/wp-content\/uploads\/2019\/04\/bouchon_vidange_30PA77.jpg\"><img src=\"http:\/\/bugatelier.eu\/wp-content\/uploads\/2019\/04\/bouchon_vidange_30PA77-300x225.jpg\" alt=\"\" width=\"300\" height=\"225\" class=\"alignnone size-medium wp-image-5974\" \/><\/a><\/td><td class=\"column-3\">30PA77<\/td><td class=\"column-4\">Bouchon de vidange<br \/>\nDrain plug<br \/>\nAblasschraube<\/td><td class=\"column-5\">Pi\u00e8ce usin\u00e9e<br \/>\nMachined part<br \/>\nWerkst\u00fcck<\/td><td class=\"column-6\">Type 30,38,40,43,44,49,57<\/td>\n<\/tr>\n<tr class=\"row-5 odd\">\n\t<td class=\"column-1\">Pont arri\u00e8re<br \/>\nRear axel<br \/>\nHinterachse<\/td><td class=\"column-2\"><a href=\"http:\/\/bugatelier.eu\/wp-content\/uploads\/2019\/04\/bouchon_remplissage_30PA120.jpg\"><img src=\"http:\/\/bugatelier.eu\/wp-content\/uploads\/2019\/04\/bouchon_remplissage_30PA120-300x225.jpg\" alt=\"\" width=\"300\" height=\"225\" class=\"alignnone size-medium wp-image-5973\" \/><\/a><br \/>\n<br \/>\n<a href=\"http:\/\/bugatelier.eu\/wp-content\/uploads\/2019\/04\/bouchon_vidange_30PA77.jpg\"><\/td><td class=\"column-3\">30PA120<br \/>\n<\/td><td class=\"column-4\">Bouchon de remplissage<br \/>\nFiller cap<br \/>\nF\u00fcllungsdeckel<br \/>\n<br \/>\n<\/td><td class=\"column-5\">Pi\u00e8ce usin\u00e9e<br \/>\nMachined part<br \/>\nWerkst\u00fcck<\/td><td class=\"column-6\">Type 30,38,40,43,44,49,57<\/td>\n<\/tr>\n<tr class=\"row-6 even\">\n\t<td class=\"column-1\">Pont arri\u00e8re<br \/>\nRear axel<br \/>\nHinterachse<\/td><td class=\"column-2\"><a href=\"http:\/\/bugatelier.eu\/wp-content\/uploads\/2019\/03\/douille-roulement_differentiel_30PA72.jpg\"><img src=\"http:\/\/bugatelier.eu\/wp-content\/uploads\/2019\/03\/douille-roulement_differentiel_30PA72-300x225.jpg\" alt=\"\" width=\"300\" height=\"225\" class=\"alignnone size-medium wp-image-5912\" \/><\/a><\/td><td class=\"column-3\">30PA72<\/td><td class=\"column-4\">Douille de roulement du diff\u00e9rentiel<br \/>\nDifferential bearing bushing<br \/>\nDifferentiallagerbuchse<\/td><td class=\"column-5\">Pi\u00e8ce usin\u00e9e<br \/>\nMachined part<br \/>\nWerkst\u00fcck<\/td><td class=\"column-6\">Type 30,35,38,40,43,44,49,55<\/td>\n<\/tr>\n<tr class=\"row-7 odd\">\n\t<td class=\"column-1\">Pont arri\u00e8re<br \/>\nRear axel<br \/>\nHinterachse<\/td><td class=\"column-2\"><a href=\"http:\/\/bugatelier.eu\/wp-content\/uploads\/2019\/03\/tendeur_pont_AR_33CP130.jpg\"><img src=\"http:\/\/bugatelier.eu\/wp-content\/uploads\/2019\/03\/tendeur_pont_AR_33CP130-300x150.jpg\" alt=\"\" width=\"300\" height=\"150\" class=\"alignnone size-medium wp-image-5895\" \/><\/a><\/td><td class=\"column-3\">30PA90<\/td><td class=\"column-4\">Tendeur de pont arri\u00e8re<br \/>\nHinterbr\u00fccke Spanner<br \/>\nRear axle tensioner <\/td><td class=\"column-5\">Pi\u00e8ce usin\u00e9e<br \/>\nMachined part<br \/>\nWerkst\u00fcck<\/td><td class=\"column-6\">Type 35,37<\/td>\n<\/tr>\n<tr class=\"row-8 even\">\n\t<td class=\"column-1\">Pont arri\u00e8re<br \/>\nRear axel<br \/>\nHinterachse<\/td><td class=\"column-2\"><a href=\"http:\/\/bugatelier.eu\/wp-content\/uploads\/2019\/03\/cale_entre_tube_tendeur_PA_35PA14.jpg\"><img src=\"http:\/\/bugatelier.eu\/wp-content\/uploads\/2019\/03\/cale_entre_tube_tendeur_PA_35PA14-300x225.jpg\" alt=\"\" width=\"300\" height=\"225\" class=\"alignnone size-medium wp-image-5914\" \/><\/a><\/td><td class=\"column-3\">35PA14<\/td><td class=\"column-4\">Cale entre tube et tendeur PA<\/td><td class=\"column-5\">Pi\u00e8ce brute (AL)<br \/>\nCasting part<br \/>\nRohguss<\/td><td class=\"column-6\">Type 35,37<\/td>\n<\/tr>\n<tr class=\"row-9 odd\">\n\t<td class=\"column-1\">Pont arri\u00e8re<br \/>\nRear axel<br \/>\nHinterachse<\/td><td class=\"column-2\"><a href=\"http:\/\/bugatelier.eu\/wp-content\/uploads\/2019\/03\/tendeur_pont_57PA20.jpg\"><img src=\"http:\/\/bugatelier.eu\/wp-content\/uploads\/2019\/03\/tendeur_pont_57PA20-300x131.jpg\" alt=\"\" width=\"300\" height=\"131\" class=\"alignnone size-medium wp-image-5897\" \/><\/a><\/td><td class=\"column-3\">57PA20<\/td><td class=\"column-4\">Tendeur de pont arri\u00e8re<br \/>\nHinterbr\u00fccke Spanner<br \/>\nRear axle tensioner <\/td><td class=\"column-5\">Pi\u00e8ce usin\u00e9e<br \/>\nMachined part<br \/>\nWerkst\u00fcck<\/td><td class=\"column-6\">Type 57<\/td>\n<\/tr>\n<tr class=\"row-10 even\">\n\t<td class=\"column-1\">Pont arri\u00e8re<br \/>\nRear axel<br \/>\nHinterachse<\/td><td class=\"column-2\"><a href=\"http:\/\/bugatelier.eu\/wp-content\/uploads\/2019\/03\/tendeur_pont_57PA20.jpg\"><img src=\"http:\/\/bugatelier.eu\/wp-content\/uploads\/2019\/03\/tendeur_pont_57PA20-300x131.jpg\" alt=\"\" width=\"300\" height=\"131\" class=\"alignnone size-medium wp-image-5897\" \/><\/a><\/td><td class=\"column-3\">33CP130<\/td><td class=\"column-4\">Tendeur de pont arri\u00e8re<br \/>\nHinterbr\u00fccke Spanner<br \/>\nRear axle tensioner <\/td><td class=\"column-5\">Pi\u00e8ce usin\u00e9e<br \/>\nMachined part<br \/>\nWerkst\u00fcck<\/td><td class=\"column-6\">Type 44,49<\/td>\n<\/tr>\n<tr class=\"row-11 odd\">\n\t<td class=\"column-1\">Pont arri\u00e8re<br \/>\nRear axel<br \/>\nHinterachse<\/td><td class=\"column-2\"><a href=\"http:\/\/bugatelier.eu\/wp-content\/uploads\/2019\/03\/t\u00eate_-tendeur_30PA76.jpg\"><img src=\"http:\/\/bugatelier.eu\/wp-content\/uploads\/2019\/03\/t\u00eate_-tendeur_30PA76-300x225.jpg\" alt=\"\" width=\"300\" height=\"225\" class=\"alignnone size-medium wp-image-5899\" \/><\/a><\/td><td class=\"column-3\">7630PA<\/td><td class=\"column-4\">T\u00eate de tendeur de pont AR<br \/>\nRear axle tensioner head<br \/>\nHinterbr\u00fcckespannerkopf<\/td><td class=\"column-5\">Pi\u00e8ce usin\u00e9e<br \/>\nMachined part<br \/>\nWerkst\u00fcck<\/td><td class=\"column-6\">Type 30,35,38,40,43,44,49,55,57<\/td>\n<\/tr>\n<tr class=\"row-12 even\">\n\t<td class=\"column-1\">Pont arri\u00e8re<br \/>\nRear axel<br \/>\nHinterachse<\/td><td class=\"column-2\"><a href=\"http:\/\/bugatelier.eu\/wp-content\/uploads\/2019\/03\/vis_reglage_roulement_moyeu_ar30PA81_ecrou30PA115.jpg\"><img src=\"http:\/\/bugatelier.eu\/wp-content\/uploads\/2019\/03\/vis_reglage_roulement_moyeu_ar30PA81_ecrou30PA115-300x230.jpg\" alt=\"\" width=\"300\" height=\"230\" class=\"alignnone size-medium wp-image-5869\" \/><\/a><\/td><td class=\"column-3\">30PA81 ( vis)<br \/>\n30PA115 (\u00e9crou)<\/td><td class=\"column-4\">Vis de r\u00e8glage du roulement de moyeu arri\u00e8re<br \/>\nRear hub bearing adjustment screw<br \/>\nEinstellschraube f\u00fcr hintere Nabe<\/td><td class=\"column-5\">Pi\u00e8ce usin\u00e9e<br \/>\nMachined part<br \/>\nWerkst\u00fcck<\/td><td class=\"column-6\">Type 30,35,38,40,43,44,49,57<\/td>\n<\/tr>\n<tr class=\"row-13 odd\">\n\t<td class=\"column-1\">Pont arri\u00e8re<br \/>\nRear axel<br \/>\nHinterachse<\/td><td class=\"column-2\"><a href=\"http:\/\/bugatelier.eu\/wp-content\/uploads\/2019\/03\/rondelle_fixationi_feutres_pont_ar_30PA66.jpg\"><img src=\"http:\/\/bugatelier.eu\/wp-content\/uploads\/2019\/03\/rondelle_fixationi_feutres_pont_ar_30PA66-300x225.jpg\" alt=\"\" width=\"300\" height=\"225\" class=\"alignnone size-medium wp-image-5865\" \/><\/a><\/td><td class=\"column-3\">30PA66<\/td><td class=\"column-4\">rondelle fixation des feutres du pont AR<br \/>\nwasher fixing the rear axle fels<br \/>\nUnterlegscheibe zur Befestigung des Hinterachsefels<\/td><td class=\"column-5\">Pi\u00e8ce usin\u00e9e<br \/>\nMachined part<br \/>\nWerkst\u00fcck<\/td><td class=\"column-6\">Type 30,38,40,43,44,49<\/td>\n<\/tr>\n<tr class=\"row-14 even\">\n\t<td class=\"column-1\">Pont arri\u00e8re<br \/>\nRear axel<br \/>\nHinterachse<\/td><td class=\"column-2\"><a href=\"http:\/\/bugatelier.eu\/wp-content\/uploads\/2019\/03\/bague_reglage_roulement_moyen_ar_30PA15.jpg\"><img src=\"http:\/\/bugatelier.eu\/wp-content\/uploads\/2019\/03\/bague_reglage_roulement_moyen_ar_30PA15-300x225.jpg\" alt=\"\" width=\"300\" height=\"225\" class=\"alignnone size-medium wp-image-5839\" \/><\/a><\/td><td class=\"column-3\">30PA15<\/td><td class=\"column-4\">Bague de r\u00e8glage du roulement dans le moyeu AR<br \/>\nBearing adjustment ring in the rear hub<br \/>\nLagereinstellring in der Hinterradnabe<\/td><td class=\"column-5\">Pi\u00e8ce usin\u00e9e<br \/>\nMachined part<br \/>\nWerkst\u00fcck<\/td><td class=\"column-6\">Type 33,38,40,44<br \/>\n<\/td>\n<\/tr>\n<tr class=\"row-15 odd\">\n\t<td class=\"column-1\">Pont arri\u00e8re<br \/>\nRear axel<br \/>\nHinterachse<\/td><td class=\"column-2\"><a href=\"http:\/\/bugatelier.eu\/wp-content\/uploads\/2020\/06\/carter_pont_ar_usine.jpg\"><img src=\"http:\/\/bugatelier.eu\/wp-content\/uploads\/2020\/06\/carter_pont_ar_usine-300x230.jpg\" alt=\"\" width=\"300\" height=\"230\" class=\"alignnone size-medium wp-image-6488\" \/><\/a><\/td><td class=\"column-3\">30PA5<br \/>\n30PA6<\/td><td class=\"column-4\">Carter de pont arri\u00e8re<\/td><td class=\"column-5\">Pi\u00e8ce usin\u00e9e<br \/>\nMachined part<br \/>\nWerkst\u00fcck<\/td><td class=\"column-6\">Type 35, 37,51, Touring<\/td>\n<\/tr>\n<tr class=\"row-16 even\">\n\t<td class=\"column-1\">Pont arri\u00e8re<br \/>\nRear axel<br \/>\nHinterachse<br \/>\n<\/td><td class=\"column-2\"><a href=\"http:\/\/bugatelier.eu\/wp-content\/uploads\/2017\/01\/carter_pont_ar_gauche.jpg\"><img src=\"http:\/\/bugatelier.eu\/wp-content\/uploads\/2017\/01\/carter_pont_ar_gauche-300x225.jpg\" alt=\"\" width=\"300\" height=\"225\" class=\"alignnone size-medium wp-image-2725\" \/><\/a><\/td><td class=\"column-3\">35PA5<\/td><td class=\"column-4\">Carter de pont arri\u00e8re partie gauche<br \/>\nRear axel housing left<br \/>\nHinterachsegeha\u00fcse links<\/td><td class=\"column-5\">Pi\u00e8ce brute<br \/>\nCasting part<br \/>\nRohguss<\/td><td class=\"column-6\">Type 35, 37,51, Touring<\/td>\n<\/tr>\n<tr class=\"row-17 odd\">\n\t<td class=\"column-1\">Pont arri\u00e8re<br \/>\nRear axel<br \/>\nHinterachse<br \/>\n<\/td><td class=\"column-2\"><a href=\"http:\/\/bugatelier.eu\/wp-content\/uploads\/2017\/01\/carter_pont_ar_droit.jpg\"><img src=\"http:\/\/bugatelier.eu\/wp-content\/uploads\/2017\/01\/carter_pont_ar_droit-300x225.jpg\" alt=\"\" width=\"300\" height=\"225\" class=\"alignnone size-medium wp-image-2726\" \/><\/a><\/td><td class=\"column-3\">35PA6<\/td><td class=\"column-4\">Carter de pont arri\u00e8re partie droite<br \/>\nRear axel housing right<br \/>\nHinterachsegeha\u00fcse rechts<\/td><td class=\"column-5\">Pi\u00e8ce brute<br \/>\nCasting part<br \/>\nRohguss<\/td><td class=\"column-6\">Type 35, 37,51, Touring<\/td>\n<\/tr>\n<tr class=\"row-18 even\">\n\t<td class=\"column-1\">Pont arri\u00e8re<br \/>\nRear axel<br \/>\nHinterachse<\/td><td class=\"column-2\"><a href=\"http:\/\/bugatelier.eu\/wp-content\/uploads\/2019\/03\/boulon_accouplement_arbre_transmission_57PA52.jpg\"><img src=\"http:\/\/bugatelier.eu\/wp-content\/uploads\/2019\/03\/boulon_accouplement_arbre_transmission_57PA52-300x225.jpg\" alt=\"\" width=\"300\" height=\"225\" class=\"alignnone size-medium wp-image-5245\" \/><\/a><\/td><td class=\"column-3\">57PA52<\/td><td class=\"column-4\">Boulon accouplement arbrede transmission <\/td><td class=\"column-5\">Pi\u00e8ce usin\u00e9e<br \/>\nMachined part<br \/>\nWerkst\u00fcck<\/td><td class=\"column-6\">Type 57<\/td>\n<\/tr>\n<tr class=\"row-19 odd\">\n\t<td class=\"column-1\">Pont arri\u00e8re<br \/>\nRear axel<br \/>\nHinterachse<\/td><td class=\"column-2\"><a href=\"http:\/\/bugatelier.eu\/wp-content\/uploads\/2017\/01\/ecrou_crenele_moyeu.jpg\"><img src=\"http:\/\/bugatelier.eu\/wp-content\/uploads\/2017\/01\/ecrou_crenele_moyeu-300x225.jpg\" alt=\"Ecrou cr\u00e9n\u00e9l\u00e9 de moyeu\" width=\"300\" height=\"225\" class=\"alignnone size-medium wp-image-2925\" \/><\/a><\/td><td class=\"column-3\">30PA11<\/td><td class=\"column-4\">Ecrou de moyeu cr\u00e9n\u00e9l\u00e9 22mmx150<br \/>\nCasteled wheel shaft <\/td><td class=\"column-5\">Pi\u00e8ce usin\u00e9e<br \/>\nMachined part<br \/>\nWerkst\u00fcck<\/td><td class=\"column-6\">Type 30,35,37,38,40,44,49,55<\/td>\n<\/tr>\n<tr class=\"row-20 even\">\n\t<td class=\"column-1\">Pont arri\u00e8re<br \/>\nRear axel<br \/>\nHinterachse<\/td><td class=\"column-2\"><a href=\"http:\/\/bugatelier.eu\/wp-content\/uploads\/2017\/01\/ecrou_demi_arbre2.jpg\"><img src=\"http:\/\/bugatelier.eu\/wp-content\/uploads\/2017\/01\/ecrou_demi_arbre2-300x194.jpg\" alt=\"\" width=\"300\" height=\"194\" class=\"alignnone size-medium wp-image-2884\" \/><\/a><a href=\"http:\/\/bugatelier.eu\/wp-content\/uploads\/2017\/01\/ecrou_demi_arbre1.jpg\"><img src=\"http:\/\/bugatelier.eu\/wp-content\/uploads\/2017\/01\/ecrou_demi_arbre1-300x217.jpg\" alt=\"\" width=\"300\" height=\"217\" class=\"alignnone size-medium wp-image-2885\" \/><\/a><\/td><td class=\"column-3\">30PA61<\/td><td class=\"column-4\">Ecrou du pignon plan\u00e9taire<br \/>\nHalf shaft gear nut<br \/>\nAbtriebswellemutter<br \/>\n<em>dessin d'usine \/ factory design \/ designfabrik<\/em><br \/>\n<br \/>\n<br \/>\n<br \/>\n<em><br \/>\nmontage r\u00e9cent \/recent model \/ aktuelles Design<\/em><\/td><td class=\"column-5\">Pi\u00e8ce usin\u00e9e<br \/>\nMachined part<br \/>\nWerkst\u00fcck<\/td><td class=\"column-6\">Type 30,35,37,38,40,44,49,55<\/td>\n<\/tr>\n<\/tbody>\n<\/table>\n<!-- #tablepress-20 from cache -->\n<\/p>\n","protected":false},"excerpt":{"rendered":"<p>For any question, Phone:+33 6 74 44 74 59 Mail Contact Use of the table: The search field in the top right of the table allows you to quickly find the type of car you want. Enter for example type 35 or 57 &#8230; The arrows \u2191 \u2193 in the first row sort by category. [&hellip;]<\/p>\n","protected":false},"author":2,"featured_media":0,"parent":0,"menu_order":0,"comment_status":"closed","ping_status":"closed","template":"page-fullwidth.php","meta":[],"_links":{"self":[{"href":"https:\/\/bugatelier.eu\/index.php?rest_route=\/wp\/v2\/pages\/5689"}],"collection":[{"href":"https:\/\/bugatelier.eu\/index.php?rest_route=\/wp\/v2\/pages"}],"about":[{"href":"https:\/\/bugatelier.eu\/index.php?rest_route=\/wp\/v2\/types\/page"}],"author":[{"embeddable":true,"href":"https:\/\/bugatelier.eu\/index.php?rest_route=\/wp\/v2\/users\/2"}],"replies":[{"embeddable":true,"href":"https:\/\/bugatelier.eu\/index.php?rest_route=%2Fwp%2Fv2%2Fcomments&post=5689"}],"version-history":[{"count":5,"href":"https:\/\/bugatelier.eu\/index.php?rest_route=\/wp\/v2\/pages\/5689\/revisions"}],"predecessor-version":[{"id":7281,"href":"https:\/\/bugatelier.eu\/index.php?rest_route=\/wp\/v2\/pages\/5689\/revisions\/7281"}],"wp:attachment":[{"href":"https:\/\/bugatelier.eu\/index.php?rest_route=%2Fwp%2Fv2%2Fmedia&parent=5689"}],"curies":[{"name":"wp","href":"https:\/\/api.w.org\/{rel}","templated":true}]}}