{"id":5562,"date":"2019-03-19T08:51:11","date_gmt":"2019-03-19T08:51:11","guid":{"rendered":"http:\/\/bugatelier.eu\/?page_id=5562"},"modified":"2021-10-07T08:54:32","modified_gmt":"2021-10-07T08:54:32","slug":"pieces-pour-boite-de-vitesse","status":"publish","type":"page","link":"https:\/\/bugatelier.eu\/?page_id=5562","title":{"rendered":"Pi\u00e8ces pour boite de vitesse"},"content":{"rendered":"<p><\/p>\n<div class=\"wp-block-cover has-background-dim-70 has-very-dark-gray-background-color has-background-dim\" style=\"background-image:url(http:\/\/bugatelier.eu\/wp-content\/uploads\/2021\/08\/page-produit-shop-1.png)\">\n<p class=\"wp-block-cover-text\">Cette page n&#8217;est plus mise \u00e0 jour !<br \/><a href=\"http:\/\/shop.bugatelier.eu\">Rendez-vous sur notre nouvelle boutique en ligne.<\/a><\/p>\n<\/div>\n<p><\/p>\n<p><\/p>\n<div class=\"wp-block-media-text alignwide\">\n<figure class=\"wp-block-media-text__media\"><img decoding=\"async\" loading=\"lazy\" width=\"800\" height=\"600\" src=\"http:\/\/bugatelier.eu\/wp-content\/uploads\/2019\/03\/changement_vitesse.jpg\" alt=\"\" class=\"wp-image-5583\" srcset=\"https:\/\/bugatelier.eu\/wp-content\/uploads\/2019\/03\/changement_vitesse.jpg 800w, https:\/\/bugatelier.eu\/wp-content\/uploads\/2019\/03\/changement_vitesse-300x225.jpg 300w, https:\/\/bugatelier.eu\/wp-content\/uploads\/2019\/03\/changement_vitesse-768x576.jpg 768w, https:\/\/bugatelier.eu\/wp-content\/uploads\/2019\/03\/changement_vitesse-642x482.jpg 642w\" sizes=\"(max-width: 800px) 100vw, 800px\" \/><\/figure>\n<div class=\"wp-block-media-text__content\"><\/p>\n<p><strong>Une question? Un besoin particulier?<br \/> Contactez-nous<\/strong> !<\/p>\n<p><\/p>\n<p><\/p>\n<p><strong>phone : +33 6 74 44 74 59<br \/> <\/strong><a href=\"mailto:info@bugatelier.eu\"><strong>mail<\/strong><\/a><\/p>\n<p><\/div>\n<\/div>\n<p><\/p>\n<p><\/p>\n<p class=\"has-small-font-size\"><em><strong>Utilisation du tableau<\/strong> : Le champ <strong>rechercher<\/strong>, en haut \u00e0 permet de trouver rapidement le type de voiture souhait\u00e9. Saisir par exemple type 35 ou 57&#8230;<\/em> <br \/><em>Les<\/em><strong><em> fl\u00e8ches \u2191\u2193<\/em><\/strong><em> dans la premi\u00e8re ligne permettent d&#8217;effectuer effectuent un <\/em><strong><em>tri<\/em><\/strong><em>.  Un<strong> clic<\/strong> sur une photo agrandit celle-ci !<\/em> <\/p>\n<p><\/p>\n<p>\n<table id=\"tablepress-21\" class=\"tablepress tablepress-id-21\">\n<thead>\n<tr class=\"row-1 odd\">\n\t<th class=\"column-1\">Cat\u00e9gorie<\/th><th class=\"column-2\">Pi\u00e8ces  \/  Parts \/ Teile<\/th><th class=\"column-3\">N\u00b0 de pi\u00e8ce<br \/>\nPart number<br \/>\nTeilnummer<\/th><th class=\"column-4\">D\u00e9signation en fran\u00e7ais,<br \/>\nenglish,deutsch.<\/th><th class=\"column-5\">Obs<\/th><th class=\"column-6\">Convient pour <br \/>\nSuitable for<br \/>\nGeeignet f\u00fcr<\/th>\n<\/tr>\n<\/thead>\n<tfoot>\n<tr class=\"row-12 even\">\n\t<th class=\"column-1\">Cat\u00e9gorie<\/th><th class=\"column-2\">Pi\u00e8ces  \/  Parts \/ Teile<\/th><th class=\"column-3\">N\u00b0 de pi\u00e8ce<br \/>\nPart number<br \/>\nTeilnummer<\/th><th class=\"column-4\">D\u00e9signation en fran\u00e7ais,<br \/>\nenglish, deutsch.<\/th><th class=\"column-5\"><\/th><th class=\"column-6\">Convient pour <br \/>\nSuitable for<br \/>\nGeeignet f\u00fcr<\/th>\n<\/tr>\n<\/tfoot>\n<tbody class=\"row-hover\">\n<tr class=\"row-2 even\">\n\t<td class=\"column-1\">Boite vitesse<br \/>\nGearbox<br \/>\nGetriebe<\/td><td class=\"column-2\"><a href=\"http:\/\/bugatelier.eu\/wp-content\/uploads\/2020\/01\/49CV29.jpg\"><img src=\"http:\/\/bugatelier.eu\/wp-content\/uploads\/2020\/01\/49CV29.jpg\" alt=\"\" width=\"300\" height=\"275\" class=\"alignnone size-full wp-image-6200\" \/><\/a><\/td><td class=\"column-3\">49CV29<\/td><td class=\"column-4\">Feutre \u00e9tanch\u00e9it\u00e9 boite de vitesse<br \/>\nGearbox fels<br \/>\nGetriebeha\u00fcsefels<\/td><td class=\"column-5\">ep 7 mm<br \/>\n67x57<\/td><td class=\"column-6\">Type 38,40,43,44,49<\/td>\n<\/tr>\n<tr class=\"row-3 odd\">\n\t<td class=\"column-1\">Boite vitesse<br \/>\nGearbox<br \/>\nGetriebe<\/td><td class=\"column-2\"><a href=\"http:\/\/bugatelier.eu\/wp-content\/uploads\/2020\/01\/38-CHV-15.jpg\"><img src=\"http:\/\/bugatelier.eu\/wp-content\/uploads\/2020\/01\/38-CHV-15-300x275.jpg\" alt=\"\" width=\"300\" height=\"275\" class=\"alignnone size-medium wp-image-6201\" \/><\/a><\/td><td class=\"column-3\">38CHV15<\/td><td class=\"column-4\">Feutre \u00e9tanch\u00e9it\u00e9 boite de vitesse<br \/>\nGearbox fels<br \/>\nGetriebeha\u00fcsefels<\/td><td class=\"column-5\">ep 7 mm<br \/>\n59x36<\/td><td class=\"column-6\">Type 38,40,43,44,49<\/td>\n<\/tr>\n<tr class=\"row-4 even\">\n\t<td class=\"column-1\">Boite vitesse<br \/>\nGearbox<br \/>\nGetriebe<\/td><td class=\"column-2\"><a href=\"http:\/\/bugatelier.eu\/wp-content\/uploads\/2020\/01\/38-CHV-26.jpg\"><img src=\"http:\/\/bugatelier.eu\/wp-content\/uploads\/2020\/01\/38-CHV-26-300x294.jpg\" alt=\"\" width=\"300\" height=\"294\" class=\"alignnone size-medium wp-image-6204\" \/><\/a><\/td><td class=\"column-3\">38CHV26<\/td><td class=\"column-4\">Feutre \u00e9tanch\u00e9it\u00e9 boite de vitesse<br \/>\nGearbox fels<br \/>\nGetriebeha\u00fcsefels<\/td><td class=\"column-5\">ep 7 mm<br \/>\n51x38<\/td><td class=\"column-6\">Type 38,40,43,44,49<\/td>\n<\/tr>\n<tr class=\"row-5 odd\">\n\t<td class=\"column-1\">Boite vitesse<br \/>\nGearbox<br \/>\nGetriebe<br \/>\n<\/td><td class=\"column-2\"><a href=\"http:\/\/bugatelier.eu\/wp-content\/uploads\/2016\/12\/carter_bv_usine-.jpg\"><img src=\"http:\/\/bugatelier.eu\/wp-content\/uploads\/2016\/12\/carter_bv_usine--300x225.jpg\" alt=\"\" width=\"300\" height=\"225\" class=\"alignnone size-medium wp-image-2674\" \/><\/a><\/td><td class=\"column-3\">44CV1<br \/>\n38CV3<\/td><td class=\"column-4\">Couvercle AV <br \/>\nCouvercle AR de boite de vitesse<br \/>\nGearbox cover front\/ rear<br \/>\nGetriebedeckel vorne und hinten<br \/>\n<\/td><td class=\"column-5\">Pi\u00e8ce usin\u00e9e<br \/>\nMachined part<br \/>\nWerkst\u00fcck<\/td><td class=\"column-6\">Type 38,43,44,49,55<\/td>\n<\/tr>\n<tr class=\"row-6 even\">\n\t<td class=\"column-1\">Boite vitesse<br \/>\nGearbox<br \/>\nGetriebe<\/td><td class=\"column-2\"><a href=\"http:\/\/bugatelier.eu\/wp-content\/uploads\/2015\/10\/carter_boite_vitesse_GP.jpg\"><img src=\"http:\/\/bugatelier.eu\/wp-content\/uploads\/2015\/10\/carter_boite_vitesse_GP-300x189.jpg\" alt=\"carter_boite_vitesse_GP\" width=\"300\" height=\"189\" class=\"alignnone size-medium wp-image-1971\" \/><\/a><\/td><td class=\"column-3\"><\/td><td class=\"column-4\">Carter boite de vitesse complet<br \/>\nGearbox casing <br \/>\nGetriebegeha\u00fcse<br \/>\n<br \/>\n<\/td><td class=\"column-5\">Pi\u00e8ce brute<br \/>\nCasting part<br \/>\nRohguss<\/td><td class=\"column-6\"><\/td>\n<\/tr>\n<tr class=\"row-7 odd\">\n\t<td class=\"column-1\">Boite vitesse<br \/>\nGearbox<br \/>\nGetriebe<\/td><td class=\"column-2\"><a href=\"http:\/\/bugatelier.eu\/wp-content\/uploads\/2017\/01\/carter_boite_vitesse_GP.jpg\"><img src=\"http:\/\/bugatelier.eu\/wp-content\/uploads\/2017\/01\/carter_boite_vitesse_GP-300x245.jpg\" alt=\"\" width=\"300\" height=\"245\" class=\"alignnone size-medium wp-image-2727\" \/><\/a><\/td><td class=\"column-3\">35CV271<\/td><td class=\"column-4\">Carter de boite de vitesse<br \/>\nMain gearbox casing<br \/>\nGetriebegeha\u00fcse<\/td><td class=\"column-5\">Pi\u00e8ce brute<br \/>\nCasting part<br \/>\nRohguss<\/td><td class=\"column-6\">Type 35, 37,51, Touring<\/td>\n<\/tr>\n<tr class=\"row-8 even\">\n\t<td class=\"column-1\">Boite vitesse<br \/>\nGearbox<br \/>\nGetriebe<\/td><td class=\"column-2\"><a href=\"http:\/\/bugatelier.eu\/wp-content\/uploads\/2017\/01\/couvercle_carter_boite_vitesse_GP.jpg\"><img src=\"http:\/\/bugatelier.eu\/wp-content\/uploads\/2017\/01\/couvercle_carter_boite_vitesse_GP-300x225.jpg\" alt=\"\" width=\"300\" height=\"225\" class=\"alignnone size-medium wp-image-2728\" \/><\/a><\/td><td class=\"column-3\">35CV272<\/td><td class=\"column-4\">Couvercle de boite de vitesse<br \/>\nLid for gearbox<br \/>\nGetriebedeckel<\/td><td class=\"column-5\">Pi\u00e8ce brute<br \/>\nCasting part<br \/>\nRohguss<\/td><td class=\"column-6\">Type 35, 37,51, Touring<\/td>\n<\/tr>\n<tr class=\"row-9 odd\">\n\t<td class=\"column-1\">Boite vitesse<br \/>\nGearbox<br \/>\nGetriebe<br \/>\n<\/td><td class=\"column-2\"><a href=\"http:\/\/bugatelier.eu\/wp-content\/uploads\/2017\/04\/fourchette_BV_1et2_30_CHV_32.jpg\"><img src=\"http:\/\/bugatelier.eu\/wp-content\/uploads\/2017\/04\/fourchette_BV_1et2_30_CHV_32-300x218.jpg\" alt=\"\" width=\"300\" height=\"218\" class=\"alignnone size-medium wp-image-3298\" \/><\/a><\/td><td class=\"column-3\">30CHV32<\/td><td class=\"column-4\">Fourchette de 1\u00e8re et 2eme<\/td><td class=\"column-5\">Pi\u00e8ce brute<br \/>\nCasting part<br \/>\nRohguss<\/td><td class=\"column-6\"><\/td>\n<\/tr>\n<tr class=\"row-10 even\">\n\t<td class=\"column-1\">Boite vitesse<br \/>\nGearbox<br \/>\nGetriebe<br \/>\n<\/td><td class=\"column-2\"><a href=\"http:\/\/bugatelier.eu\/wp-content\/uploads\/2017\/04\/fourchette_BV_1et2_30_CHV_32.jpg\"><img src=\"http:\/\/bugatelier.eu\/wp-content\/uploads\/2017\/04\/fourchette_BV_1et2_30_CHV_32-300x218.jpg\" alt=\"\" width=\"300\" height=\"218\" class=\"alignnone size-medium wp-image-3298\" \/><\/a<\/td><td class=\"column-3\">30CHV33<\/td><td class=\"column-4\">Fourchette de 3eme et 4eme<\/td><td class=\"column-5\">Pi\u00e8ce brute<br \/>\nCasting part<br \/>\nRohguss<\/td><td class=\"column-6\"><\/td>\n<\/tr>\n<tr class=\"row-11 odd\">\n\t<td class=\"column-1\">Boite vitesse<br \/>\nGearbox<br \/>\nGetriebe<br \/>\n<\/td><td class=\"column-2\"><a href=\"http:\/\/bugatelier.eu\/wp-content\/uploads\/2017\/04\/fourchette_BV_MarcheAR_30_CHV_93.jpg\"><img src=\"http:\/\/bugatelier.eu\/wp-content\/uploads\/2017\/04\/fourchette_BV_MarcheAR_30_CHV_93-300x225.jpg\" alt=\"\" width=\"300\" height=\"225\" class=\"alignnone size-medium wp-image-3300\" \/><\/a><\/td><td class=\"column-3\">30CHV93<\/td><td class=\"column-4\">Fourchette de marche AR<\/td><td class=\"column-5\">Pi\u00e8ce brute<br \/>\nCasting part<br \/>\nRohguss<\/td><td class=\"column-6\"><\/td>\n<\/tr>\n<\/tbody>\n<\/table>\n<!-- #tablepress-21 from cache -->\n<\/p>\n","protected":false},"excerpt":{"rendered":"<p>Une question? Un besoin particulier? Contactez-nous ! phone : +33 6 74 44 74 59 mail Utilisation du tableau : Le champ rechercher, en haut \u00e0 permet de trouver rapidement le type de voiture souhait\u00e9. Saisir par exemple type 35 ou 57&#8230; Les fl\u00e8ches \u2191\u2193 dans la premi\u00e8re ligne permettent d&#8217;effectuer effectuent un tri. Un [&hellip;]<\/p>\n","protected":false},"author":2,"featured_media":0,"parent":0,"menu_order":0,"comment_status":"closed","ping_status":"closed","template":"page-fullwidth.php","meta":[],"_links":{"self":[{"href":"https:\/\/bugatelier.eu\/index.php?rest_route=\/wp\/v2\/pages\/5562"}],"collection":[{"href":"https:\/\/bugatelier.eu\/index.php?rest_route=\/wp\/v2\/pages"}],"about":[{"href":"https:\/\/bugatelier.eu\/index.php?rest_route=\/wp\/v2\/types\/page"}],"author":[{"embeddable":true,"href":"https:\/\/bugatelier.eu\/index.php?rest_route=\/wp\/v2\/users\/2"}],"replies":[{"embeddable":true,"href":"https:\/\/bugatelier.eu\/index.php?rest_route=%2Fwp%2Fv2%2Fcomments&post=5562"}],"version-history":[{"count":9,"href":"https:\/\/bugatelier.eu\/index.php?rest_route=\/wp\/v2\/pages\/5562\/revisions"}],"predecessor-version":[{"id":7269,"href":"https:\/\/bugatelier.eu\/index.php?rest_route=\/wp\/v2\/pages\/5562\/revisions\/7269"}],"wp:attachment":[{"href":"https:\/\/bugatelier.eu\/index.php?rest_route=%2Fwp%2Fv2%2Fmedia&parent=5562"}],"curies":[{"name":"wp","href":"https:\/\/api.w.org\/{rel}","templated":true}]}}