{"id":4951,"date":"2019-02-11T15:06:58","date_gmt":"2019-02-11T15:06:58","guid":{"rendered":"http:\/\/bugatelier.eu\/?page_id=4951"},"modified":"2019-02-12T09:06:40","modified_gmt":"2019-02-12T09:06:40","slug":"bugatti-type-57-3","status":"publish","type":"page","link":"https:\/\/bugatelier.eu\/?page_id=4951","title":{"rendered":"Bugatti Type 57 #3"},"content":{"rendered":"<p><strong>Une voiture prestigieuse!<\/strong><br \/>\n<div class='grid_4 alpha'><\/p>\n<p>Ce tr\u00e8s beau cabriolet de type 57 fit un arr\u00eat de maintenance \u00e0 l&#8217;atelier. Totalement d&#8217;origine, cette voiture roule r\u00e9guli\u00e8rement et fait l&#8217;objet d&#8217;un entretien soigneux de la part de son propri\u00e9taire.<br \/>\nAu-del\u00e0 des diff\u00e9rentes vidanges et d&#8217;un graissage m\u00e9ticuleux, cette voiture b\u00e9n\u00e9ficia, chez Bugatelier, de toute la batterie de v\u00e9rifications et de r\u00e8glages pr\u00e9vus dans le carnet d&#8217;entretien d&#8217;origine,  ainsi que de la r\u00e9fection de la colonne  de direction.<\/p>\n<\/div>\n<div class='grid_8 alpha'>\n<p><a href=\"http:\/\/bugatelier.eu\/wp-content\/uploads\/2019\/02\/compo_57_Cabrio.jpg\"><img decoding=\"async\" loading=\"lazy\" class=\"alignnone size-full wp-image-4952\" src=\"http:\/\/bugatelier.eu\/wp-content\/uploads\/2019\/02\/compo_57_Cabrio.jpg\" alt=\"\" width=\"800\" height=\"600\" srcset=\"https:\/\/bugatelier.eu\/wp-content\/uploads\/2019\/02\/compo_57_Cabrio.jpg 800w, https:\/\/bugatelier.eu\/wp-content\/uploads\/2019\/02\/compo_57_Cabrio-300x225.jpg 300w, https:\/\/bugatelier.eu\/wp-content\/uploads\/2019\/02\/compo_57_Cabrio-768x576.jpg 768w, https:\/\/bugatelier.eu\/wp-content\/uploads\/2019\/02\/compo_57_Cabrio-642x482.jpg 642w\" sizes=\"(max-width: 800px) 100vw, 800px\" \/><\/a><\/p>\n<\/div>\n<div class='clear'><\/div>\n","protected":false},"excerpt":{"rendered":"<p>Une voiture prestigieuse! Ce tr\u00e8s beau cabriolet de type 57 fit un arr\u00eat de maintenance \u00e0 l&#8217;atelier. Totalement d&#8217;origine, cette voiture roule r\u00e9guli\u00e8rement et fait l&#8217;objet d&#8217;un entretien soigneux de la part de son propri\u00e9taire. Au-del\u00e0 des diff\u00e9rentes vidanges et d&#8217;un graissage m\u00e9ticuleux, cette voiture b\u00e9n\u00e9ficia, chez Bugatelier, de toute la batterie de v\u00e9rifications et [&hellip;]<\/p>\n","protected":false},"author":2,"featured_media":0,"parent":0,"menu_order":0,"comment_status":"closed","ping_status":"closed","template":"page-fullwidth.php","meta":[],"_links":{"self":[{"href":"https:\/\/bugatelier.eu\/index.php?rest_route=\/wp\/v2\/pages\/4951"}],"collection":[{"href":"https:\/\/bugatelier.eu\/index.php?rest_route=\/wp\/v2\/pages"}],"about":[{"href":"https:\/\/bugatelier.eu\/index.php?rest_route=\/wp\/v2\/types\/page"}],"author":[{"embeddable":true,"href":"https:\/\/bugatelier.eu\/index.php?rest_route=\/wp\/v2\/users\/2"}],"replies":[{"embeddable":true,"href":"https:\/\/bugatelier.eu\/index.php?rest_route=%2Fwp%2Fv2%2Fcomments&post=4951"}],"version-history":[{"count":7,"href":"https:\/\/bugatelier.eu\/index.php?rest_route=\/wp\/v2\/pages\/4951\/revisions"}],"predecessor-version":[{"id":5079,"href":"https:\/\/bugatelier.eu\/index.php?rest_route=\/wp\/v2\/pages\/4951\/revisions\/5079"}],"wp:attachment":[{"href":"https:\/\/bugatelier.eu\/index.php?rest_route=%2Fwp%2Fv2%2Fmedia&parent=4951"}],"curies":[{"name":"wp","href":"https:\/\/api.w.org\/{rel}","templated":true}]}}