{"id":4947,"date":"2019-02-11T14:50:20","date_gmt":"2019-02-11T14:50:20","guid":{"rendered":"http:\/\/bugatelier.eu\/?page_id=4947"},"modified":"2019-02-12T10:47:30","modified_gmt":"2019-02-12T10:47:30","slug":"bugatti-t49-1","status":"publish","type":"page","link":"https:\/\/bugatelier.eu\/?page_id=4947","title":{"rendered":"Bugatti T49 #1"},"content":{"rendered":"<div class='grid_4 alpha'>\n<p>Ce beau type 49 arrive par la route, mais quelques bruits nous inqui\u00e8tent&#8230;<\/p>\n<p>Une fois&nbsp; le diagnostic \u00e9tabli, les travaux entrepris sur le haut moteur et sur l&#8217;embrayage ont redonn\u00e9 jeunesse \u00e0 ce cabriolet que ne demande qu&#8217;\u00e0 rouler !<\/p>\n<\/div>\n<div class='grid_8 alpha'>\n<p><div style=\"width: 960px;\" class=\"wp-video\"><!--[if lt IE 9]><script>document.createElement('video');<\/script><![endif]-->\n<video class=\"wp-video-shortcode\" id=\"video-4947-1\" width=\"960\" height=\"540\" preload=\"metadata\" controls=\"controls\"><source type=\"video\/mp4\" src=\"http:\/\/bugatelier.eu\/wp-content\/uploads\/2019\/02\/T49_V3.mp4?_=1\" \/><a href=\"http:\/\/bugatelier.eu\/wp-content\/uploads\/2019\/02\/T49_V3.mp4\">http:\/\/bugatelier.eu\/wp-content\/uploads\/2019\/02\/T49_V3.mp4<\/a><\/video><\/div><br \/>\n<\/div><\/p>\n<h1>.<\/h1>\n<div class='clear'><\/div>\n<div class='grid_4 alpha'>\n<p><a href=\"http:\/\/bugatelier.eu\/wp-content\/uploads\/2019\/02\/voiture3.jpg\"><img decoding=\"async\" loading=\"lazy\" class=\"alignnone wp-image-5085 size-medium\" src=\"http:\/\/bugatelier.eu\/wp-content\/uploads\/2019\/02\/voiture3-300x200.jpg\" alt=\"\" width=\"300\" height=\"200\" srcset=\"https:\/\/bugatelier.eu\/wp-content\/uploads\/2019\/02\/voiture3-300x200.jpg 300w, https:\/\/bugatelier.eu\/wp-content\/uploads\/2019\/02\/voiture3-768x512.jpg 768w, https:\/\/bugatelier.eu\/wp-content\/uploads\/2019\/02\/voiture3-642x428.jpg 642w, https:\/\/bugatelier.eu\/wp-content\/uploads\/2019\/02\/voiture3.jpg 800w\" sizes=\"(max-width: 300px) 100vw, 300px\" \/><\/a><\/p>\n<\/div>\n<div class='grid_4'>\n<p><a href=\"http:\/\/bugatelier.eu\/wp-content\/uploads\/2019\/02\/voiture2.jpg\"><img decoding=\"async\" loading=\"lazy\" class=\"aligncenter wp-image-5084 size-medium\" src=\"http:\/\/bugatelier.eu\/wp-content\/uploads\/2019\/02\/voiture2-200x300.jpg\" alt=\"\" width=\"200\" height=\"300\" srcset=\"https:\/\/bugatelier.eu\/wp-content\/uploads\/2019\/02\/voiture2-200x300.jpg 200w, https:\/\/bugatelier.eu\/wp-content\/uploads\/2019\/02\/voiture2-455x683.jpg 455w, https:\/\/bugatelier.eu\/wp-content\/uploads\/2019\/02\/voiture2.jpg 533w\" sizes=\"(max-width: 200px) 100vw, 200px\" \/><\/a><\/p>\n<\/div>\n<div class='grid_4 omega'>\n<p><a href=\"http:\/\/bugatelier.eu\/wp-content\/uploads\/2019\/02\/voiture4.jpg\"><img decoding=\"async\" loading=\"lazy\" class=\"alignnone wp-image-5086 size-medium\" src=\"http:\/\/bugatelier.eu\/wp-content\/uploads\/2019\/02\/voiture4-300x215.jpg\" alt=\"\" width=\"300\" height=\"215\" srcset=\"https:\/\/bugatelier.eu\/wp-content\/uploads\/2019\/02\/voiture4-300x215.jpg 300w, https:\/\/bugatelier.eu\/wp-content\/uploads\/2019\/02\/voiture4-768x551.jpg 768w, https:\/\/bugatelier.eu\/wp-content\/uploads\/2019\/02\/voiture4-642x461.jpg 642w, https:\/\/bugatelier.eu\/wp-content\/uploads\/2019\/02\/voiture4.jpg 800w\" sizes=\"(max-width: 300px) 100vw, 300px\" \/><\/a><\/p>\n<\/div>\n<div class='clear'><\/div>\n<div class='grid_2'>\n<\/div>\n<div class='grid_2 alpha'>\n<\/div>\n<div class='grid_2'>\n<\/div>\n<div class='grid_2'>\n<\/div>\n<div class='grid_2'>\n<\/div>\n<div class='grid_2 omega'>\n<\/div>\n<div class='clear'><\/div>\n<div class='grid_2 alpha'>\n<\/div>\n<div class='grid_2'>\n<\/div>\n<div class='grid_2'>\n<\/div>\n<div class='grid_2'>\n<\/div>\n<div class='grid_2 omega'>\n<\/div>\n<div class='clear'><\/div>\n","protected":false},"excerpt":{"rendered":"<p>Ce beau type 49 arrive par la route, mais quelques bruits nous inqui\u00e8tent&#8230; Une fois&nbsp; le diagnostic \u00e9tabli, les travaux entrepris sur le haut moteur et sur l&#8217;embrayage ont redonn\u00e9 jeunesse \u00e0 ce cabriolet que ne demande qu&#8217;\u00e0 rouler ! .<\/p>\n","protected":false},"author":2,"featured_media":0,"parent":0,"menu_order":0,"comment_status":"closed","ping_status":"closed","template":"page-fullwidth.php","meta":[],"_links":{"self":[{"href":"https:\/\/bugatelier.eu\/index.php?rest_route=\/wp\/v2\/pages\/4947"}],"collection":[{"href":"https:\/\/bugatelier.eu\/index.php?rest_route=\/wp\/v2\/pages"}],"about":[{"href":"https:\/\/bugatelier.eu\/index.php?rest_route=\/wp\/v2\/types\/page"}],"author":[{"embeddable":true,"href":"https:\/\/bugatelier.eu\/index.php?rest_route=\/wp\/v2\/users\/2"}],"replies":[{"embeddable":true,"href":"https:\/\/bugatelier.eu\/index.php?rest_route=%2Fwp%2Fv2%2Fcomments&post=4947"}],"version-history":[{"count":16,"href":"https:\/\/bugatelier.eu\/index.php?rest_route=\/wp\/v2\/pages\/4947\/revisions"}],"predecessor-version":[{"id":5111,"href":"https:\/\/bugatelier.eu\/index.php?rest_route=\/wp\/v2\/pages\/4947\/revisions\/5111"}],"wp:attachment":[{"href":"https:\/\/bugatelier.eu\/index.php?rest_route=%2Fwp%2Fv2%2Fmedia&parent=4947"}],"curies":[{"name":"wp","href":"https:\/\/api.w.org\/{rel}","templated":true}]}}