{"id":4757,"date":"2019-02-05T17:36:21","date_gmt":"2019-02-05T17:36:21","guid":{"rendered":"http:\/\/bugatelier.eu\/?page_id=4757"},"modified":"2019-02-12T09:46:43","modified_gmt":"2019-02-12T09:46:43","slug":"bugatti-type-13-brescia-2","status":"publish","type":"page","link":"https:\/\/bugatelier.eu\/?page_id=4757","title":{"rendered":"Bugatti type 13 Brescia"},"content":{"rendered":"<div class='grid_4 alpha'>\n<p><strong>Un beau Brescia rouge.<\/strong><\/p>\n<p>Ce charmant Brescia tournait plut\u00f4t bien avec son vaillant moteur \u00e0 16 soupapes ! Par contre, le train roulant \u00e9tait tr\u00e8s fatigu\u00e9: peu de freinage, mauvaise tenue de route et plus de suspension&#8230; la voiture \u00e9tait d\u00e9licate \u00e0 piloter.<br \/>\nLa voici donc \u00e0 l&#8217;atelier pour une cure de jouvence.<\/p>\n<\/div>\n<div class='grid_8 alpha'>\n<div style=\"width: 960px;\" class=\"wp-video\"><!--[if lt IE 9]><script>document.createElement('video');<\/script><![endif]-->\n<video class=\"wp-video-shortcode\" id=\"video-4757-1\" width=\"960\" height=\"540\" preload=\"metadata\" controls=\"controls\"><source type=\"video\/mp4\" src=\"http:\/\/bugatelier.eu\/wp-content\/uploads\/2019\/02\/Presentation_Brescia_rouge_Petite-taille.mp4?_=1\" \/><a href=\"http:\/\/bugatelier.eu\/wp-content\/uploads\/2019\/02\/Presentation_Brescia_rouge_Petite-taille.mp4\">http:\/\/bugatelier.eu\/wp-content\/uploads\/2019\/02\/Presentation_Brescia_rouge_Petite-taille.mp4<\/a><\/video><\/div>\n<\/div>\n<div class='clear'><\/div>\n","protected":false},"excerpt":{"rendered":"<p>Un beau Brescia rouge. Ce charmant Brescia tournait plut\u00f4t bien avec son vaillant moteur \u00e0 16 soupapes ! Par contre, le train roulant \u00e9tait tr\u00e8s fatigu\u00e9: peu de freinage, mauvaise tenue de route et plus de suspension&#8230; la voiture \u00e9tait d\u00e9licate \u00e0 piloter. La voici donc \u00e0 l&#8217;atelier pour une cure de jouvence.<\/p>\n","protected":false},"author":2,"featured_media":0,"parent":0,"menu_order":0,"comment_status":"closed","ping_status":"closed","template":"page-fullwidth.php","meta":[],"_links":{"self":[{"href":"https:\/\/bugatelier.eu\/index.php?rest_route=\/wp\/v2\/pages\/4757"}],"collection":[{"href":"https:\/\/bugatelier.eu\/index.php?rest_route=\/wp\/v2\/pages"}],"about":[{"href":"https:\/\/bugatelier.eu\/index.php?rest_route=\/wp\/v2\/types\/page"}],"author":[{"embeddable":true,"href":"https:\/\/bugatelier.eu\/index.php?rest_route=\/wp\/v2\/users\/2"}],"replies":[{"embeddable":true,"href":"https:\/\/bugatelier.eu\/index.php?rest_route=%2Fwp%2Fv2%2Fcomments&post=4757"}],"version-history":[{"count":9,"href":"https:\/\/bugatelier.eu\/index.php?rest_route=\/wp\/v2\/pages\/4757\/revisions"}],"predecessor-version":[{"id":5080,"href":"https:\/\/bugatelier.eu\/index.php?rest_route=\/wp\/v2\/pages\/4757\/revisions\/5080"}],"wp:attachment":[{"href":"https:\/\/bugatelier.eu\/index.php?rest_route=%2Fwp%2Fv2%2Fmedia&parent=4757"}],"curies":[{"name":"wp","href":"https:\/\/api.w.org\/{rel}","templated":true}]}}