{"id":4538,"date":"2019-02-05T11:10:23","date_gmt":"2019-02-05T11:10:23","guid":{"rendered":"http:\/\/bugatelier.eu\/?page_id=4538"},"modified":"2020-05-18T09:20:42","modified_gmt":"2020-05-18T09:20:42","slug":"motor-von-bugatti-typ-35b","status":"publish","type":"page","link":"https:\/\/bugatelier.eu\/?page_id=4538","title":{"rendered":"Bugatti Typ 35B Motor"},"content":{"rendered":"<div class='grid_4 alpha'>\n<p><strong>Reparatur eines Typ 35B Bugatti Motors<\/strong><br \/>\nDieser Bugatti-Motor vom Typ 35B (R) wurde in Teilen zerlegt. Einige Spuren des Absturzes sind auf den Fotos zu sehen!<\/p>\n<p>Auftrag der Werkstatt: Reparatur des Bruchs, Vorbereitung der Teile, Einstellung und Wiedereinbau.<\/p>\n<p>Vor der Auslieferung an den Kunden wird der Motor auf die Werkbank gestellt, um die letzten Schnitte zu perfektionieren und die Dichtheit zu \u00fcberpr\u00fcfen.<\/p>\n<\/div>\n<div class='grid_8 omega'>\n<div style=\"width: 960px;\" class=\"wp-video\"><!--[if lt IE 9]><script>document.createElement('video');<\/script><![endif]-->\n<video class=\"wp-video-shortcode\" id=\"video-4538-1\" width=\"960\" height=\"540\" preload=\"metadata\" controls=\"controls\"><source type=\"video\/mp4\" src=\"http:\/\/bugatelier.eu\/wp-content\/uploads\/2020\/05\/moteur-35B_V3.mp4?_=1\" \/><a href=\"http:\/\/bugatelier.eu\/wp-content\/uploads\/2020\/05\/moteur-35B_V3.mp4\">http:\/\/bugatelier.eu\/wp-content\/uploads\/2020\/05\/moteur-35B_V3.mp4<\/a><\/video><\/div>\n<\/div>\n<div class='clear'><\/div>\n<p><strong>Durchgef\u00fcrte Arbeit<br \/>\n<\/strong><\/p>\n<div class='grid_2 alpha'>\n<div id=\"attachment_4435\" style=\"width: 160px\" class=\"wp-caption alignnone\"><a href=\"http:\/\/bugatelier.eu\/wp-content\/uploads\/2019\/02\/pignon_use-1.jpg\"><img aria-describedby=\"caption-attachment-4435\" decoding=\"async\" loading=\"lazy\" class=\"wp-image-4435 size-thumbnail\" src=\"http:\/\/bugatelier.eu\/wp-content\/uploads\/2019\/02\/pignon_use-1-150x150.jpg\" alt=\"\" width=\"150\" height=\"150\" srcset=\"https:\/\/bugatelier.eu\/wp-content\/uploads\/2019\/02\/pignon_use-1-150x150.jpg 150w, https:\/\/bugatelier.eu\/wp-content\/uploads\/2019\/02\/pignon_use-1-125x125.jpg 125w\" sizes=\"(max-width: 150px) 100vw, 150px\" \/><\/a><p id=\"caption-attachment-4435\" class=\"wp-caption-text\">Pignons d&#8217;entra\u00eenement d\u00e9t\u00e9rior\u00e9s<\/p><\/div>\n<\/div>\n<div class='grid_2'>\n<p><a href=\"http:\/\/bugatelier.eu\/wp-content\/uploads\/2019\/02\/pignon_use2.jpg\"><img decoding=\"async\" loading=\"lazy\" class=\"alignnone wp-image-4425 size-thumbnail\" src=\"http:\/\/bugatelier.eu\/wp-content\/uploads\/2019\/02\/pignon_use2-150x150.jpg\" alt=\"\" width=\"150\" height=\"150\" srcset=\"https:\/\/bugatelier.eu\/wp-content\/uploads\/2019\/02\/pignon_use2-150x150.jpg 150w, https:\/\/bugatelier.eu\/wp-content\/uploads\/2019\/02\/pignon_use2-125x125.jpg 125w\" sizes=\"(max-width: 150px) 100vw, 150px\" \/><\/a><\/p>\n<\/div>\n<div class='grid_2'>\n<div id=\"attachment_4423\" style=\"width: 160px\" class=\"wp-caption alignnone\"><a href=\"http:\/\/bugatelier.eu\/wp-content\/uploads\/2019\/02\/pignon_refait.jpg\"><img aria-describedby=\"caption-attachment-4423\" decoding=\"async\" loading=\"lazy\" class=\"wp-image-4423 size-thumbnail\" src=\"http:\/\/bugatelier.eu\/wp-content\/uploads\/2019\/02\/pignon_refait-150x150.jpg\" alt=\"\" width=\"150\" height=\"150\" srcset=\"https:\/\/bugatelier.eu\/wp-content\/uploads\/2019\/02\/pignon_refait-150x150.jpg 150w, https:\/\/bugatelier.eu\/wp-content\/uploads\/2019\/02\/pignon_refait-125x125.jpg 125w\" sizes=\"(max-width: 150px) 100vw, 150px\" \/><\/a><p id=\"caption-attachment-4423\" class=\"wp-caption-text\">Nouveaux pignons ajust\u00e9s<\/p><\/div>\n<\/div>\n<div class='grid_2'>\n<p><a href=\"http:\/\/bugatelier.eu\/wp-content\/uploads\/2019\/02\/vilebrequin-equilibre2.jpg\"><img decoding=\"async\" loading=\"lazy\" class=\"alignnone wp-image-4434 size-thumbnail\" src=\"http:\/\/bugatelier.eu\/wp-content\/uploads\/2019\/02\/vilebrequin-equilibre2-150x150.jpg\" alt=\"\" width=\"150\" height=\"150\" srcset=\"https:\/\/bugatelier.eu\/wp-content\/uploads\/2019\/02\/vilebrequin-equilibre2-150x150.jpg 150w, https:\/\/bugatelier.eu\/wp-content\/uploads\/2019\/02\/vilebrequin-equilibre2-125x125.jpg 125w\" sizes=\"(max-width: 150px) 100vw, 150px\" \/><\/a><\/p>\n<\/div>\n<div class='grid_2'>\n<div id=\"attachment_4433\" style=\"width: 160px\" class=\"wp-caption alignnone\"><a href=\"http:\/\/bugatelier.eu\/wp-content\/uploads\/2019\/02\/vilebrequin-equilibre.jpg\"><img aria-describedby=\"caption-attachment-4433\" decoding=\"async\" loading=\"lazy\" class=\"wp-image-4433 size-thumbnail\" src=\"http:\/\/bugatelier.eu\/wp-content\/uploads\/2019\/02\/vilebrequin-equilibre-150x150.jpg\" alt=\"\" width=\"150\" height=\"150\" srcset=\"https:\/\/bugatelier.eu\/wp-content\/uploads\/2019\/02\/vilebrequin-equilibre-150x150.jpg 150w, https:\/\/bugatelier.eu\/wp-content\/uploads\/2019\/02\/vilebrequin-equilibre-125x125.jpg 125w\" sizes=\"(max-width: 150px) 100vw, 150px\" \/><\/a><p id=\"caption-attachment-4433\" class=\"wp-caption-text\">Vilebrequin \u00e9quilibr\u00e9<\/p><\/div>\n<\/div>\n<div class='grid_2 omega'>\n<\/div>\n<div class='clear'><\/div>\n<p><strong>Aufbau des Unternenmotors<br \/>\n<\/strong><\/p>\n<div class='grid_2 alpha'>\n<div id=\"attachment_4415\" style=\"width: 160px\" class=\"wp-caption alignnone\"><a href=\"http:\/\/bugatelier.eu\/wp-content\/uploads\/2019\/02\/fuite_carter.jpg\"><img aria-describedby=\"caption-attachment-4415\" decoding=\"async\" loading=\"lazy\" class=\"wp-image-4415 size-thumbnail\" src=\"http:\/\/bugatelier.eu\/wp-content\/uploads\/2019\/02\/fuite_carter-150x150.jpg\" alt=\"\" width=\"150\" height=\"150\" srcset=\"https:\/\/bugatelier.eu\/wp-content\/uploads\/2019\/02\/fuite_carter-150x150.jpg 150w, https:\/\/bugatelier.eu\/wp-content\/uploads\/2019\/02\/fuite_carter-125x125.jpg 125w\" sizes=\"(max-width: 150px) 100vw, 150px\" \/><\/a><p id=\"caption-attachment-4415\" class=\"wp-caption-text\">Fuite au carter inf\u00e9rieur<\/p><\/div>\n<\/div>\n<div class='grid_2'>\n<div id=\"attachment_4407\" style=\"width: 160px\" class=\"wp-caption alignnone\"><a href=\"http:\/\/bugatelier.eu\/wp-content\/uploads\/2019\/02\/carter_moteur_poli.jpg\"><img aria-describedby=\"caption-attachment-4407\" decoding=\"async\" loading=\"lazy\" class=\"wp-image-4407 size-thumbnail\" src=\"http:\/\/bugatelier.eu\/wp-content\/uploads\/2019\/02\/carter_moteur_poli-150x150.jpg\" alt=\"Carter poli\" width=\"150\" height=\"150\" srcset=\"https:\/\/bugatelier.eu\/wp-content\/uploads\/2019\/02\/carter_moteur_poli-150x150.jpg 150w, https:\/\/bugatelier.eu\/wp-content\/uploads\/2019\/02\/carter_moteur_poli-125x125.jpg 125w\" sizes=\"(max-width: 150px) 100vw, 150px\" \/><\/a><p id=\"caption-attachment-4407\" class=\"wp-caption-text\">Carter Poli<\/p><\/div>\n<\/div>\n<div class='grid_2'>\n<div id=\"attachment_4404\" style=\"width: 160px\" class=\"wp-caption alignnone\"><a href=\"http:\/\/bugatelier.eu\/wp-content\/uploads\/2019\/02\/bas_moteur5.jpg\"><img aria-describedby=\"caption-attachment-4404\" decoding=\"async\" loading=\"lazy\" class=\"wp-image-4404 size-thumbnail\" src=\"http:\/\/bugatelier.eu\/wp-content\/uploads\/2019\/02\/bas_moteur5-150x150.jpg\" alt=\"\" width=\"150\" height=\"150\" srcset=\"https:\/\/bugatelier.eu\/wp-content\/uploads\/2019\/02\/bas_moteur5-150x150.jpg 150w, https:\/\/bugatelier.eu\/wp-content\/uploads\/2019\/02\/bas_moteur5-125x125.jpg 125w\" sizes=\"(max-width: 150px) 100vw, 150px\" \/><\/a><p id=\"caption-attachment-4404\" class=\"wp-caption-text\">Remontage vilebrequin<\/p><\/div>\n<\/div>\n<div class='grid_2'>\n<p><a href=\"http:\/\/bugatelier.eu\/wp-content\/uploads\/2019\/02\/bas_moteur1.jpg\"><img decoding=\"async\" loading=\"lazy\" class=\"alignnone wp-image-4400 size-thumbnail\" src=\"http:\/\/bugatelier.eu\/wp-content\/uploads\/2019\/02\/bas_moteur1-150x150.jpg\" alt=\"\" width=\"150\" height=\"150\" srcset=\"https:\/\/bugatelier.eu\/wp-content\/uploads\/2019\/02\/bas_moteur1-150x150.jpg 150w, https:\/\/bugatelier.eu\/wp-content\/uploads\/2019\/02\/bas_moteur1-125x125.jpg 125w\" sizes=\"(max-width: 150px) 100vw, 150px\" \/><\/a><\/p>\n<\/div>\n<div class='grid_2'>\n<p><a href=\"http:\/\/bugatelier.eu\/wp-content\/uploads\/2019\/02\/bas_moteur2.jpg\"><img decoding=\"async\" loading=\"lazy\" class=\"alignnone wp-image-4401 size-thumbnail\" src=\"http:\/\/bugatelier.eu\/wp-content\/uploads\/2019\/02\/bas_moteur2-150x150.jpg\" alt=\"\" width=\"150\" height=\"150\" srcset=\"https:\/\/bugatelier.eu\/wp-content\/uploads\/2019\/02\/bas_moteur2-150x150.jpg 150w, https:\/\/bugatelier.eu\/wp-content\/uploads\/2019\/02\/bas_moteur2-125x125.jpg 125w\" sizes=\"(max-width: 150px) 100vw, 150px\" \/><\/a><\/p>\n<\/div>\n<div class='grid_2 omega'>\n<p><a href=\"http:\/\/bugatelier.eu\/wp-content\/uploads\/2019\/02\/bas_moteur4.jpg\"><img decoding=\"async\" loading=\"lazy\" class=\"alignnone wp-image-4403 size-thumbnail\" src=\"http:\/\/bugatelier.eu\/wp-content\/uploads\/2019\/02\/bas_moteur4-150x150.jpg\" alt=\"\" width=\"150\" height=\"150\" srcset=\"https:\/\/bugatelier.eu\/wp-content\/uploads\/2019\/02\/bas_moteur4-150x150.jpg 150w, https:\/\/bugatelier.eu\/wp-content\/uploads\/2019\/02\/bas_moteur4-125x125.jpg 125w\" sizes=\"(max-width: 150px) 100vw, 150px\" \/><\/a><\/p>\n<\/div>\n<div class='clear'><\/div>\n<p><strong>Aufbau des Motors<br \/>\n<\/strong><\/p>\n<div class='grid_2 alpha'>\n<div id=\"attachment_4418\" style=\"width: 160px\" class=\"wp-caption alignnone\"><a href=\"http:\/\/bugatelier.eu\/wp-content\/uploads\/2019\/02\/moteur2.jpg\"><img aria-describedby=\"caption-attachment-4418\" decoding=\"async\" loading=\"lazy\" class=\"wp-image-4418 size-thumbnail\" src=\"http:\/\/bugatelier.eu\/wp-content\/uploads\/2019\/02\/moteur2-150x150.jpg\" alt=\"\" width=\"150\" height=\"150\" srcset=\"https:\/\/bugatelier.eu\/wp-content\/uploads\/2019\/02\/moteur2-150x150.jpg 150w, https:\/\/bugatelier.eu\/wp-content\/uploads\/2019\/02\/moteur2-125x125.jpg 125w\" sizes=\"(max-width: 150px) 100vw, 150px\" \/><\/a><p id=\"caption-attachment-4418\" class=\"wp-caption-text\">Montage de la boite \u00e0 cames<\/p><\/div>\n<\/div>\n<div class='grid_2'>\n<div id=\"attachment_4419\" style=\"width: 160px\" class=\"wp-caption alignnone\"><a href=\"http:\/\/bugatelier.eu\/wp-content\/uploads\/2019\/02\/moteur3.jpg\"><img aria-describedby=\"caption-attachment-4419\" decoding=\"async\" loading=\"lazy\" class=\"wp-image-4419 size-thumbnail\" src=\"http:\/\/bugatelier.eu\/wp-content\/uploads\/2019\/02\/moteur3-150x150.jpg\" alt=\"\" width=\"150\" height=\"150\" srcset=\"https:\/\/bugatelier.eu\/wp-content\/uploads\/2019\/02\/moteur3-150x150.jpg 150w, https:\/\/bugatelier.eu\/wp-content\/uploads\/2019\/02\/moteur3-125x125.jpg 125w\" sizes=\"(max-width: 150px) 100vw, 150px\" \/><\/a><p id=\"caption-attachment-4419\" class=\"wp-caption-text\">R\u00e9fection arbre vertical<\/p><\/div>\n<\/div>\n<div class='grid_2'>\n<p><a href=\"http:\/\/bugatelier.eu\/wp-content\/uploads\/2019\/02\/moteur4.jpg\"><img decoding=\"async\" loading=\"lazy\" class=\"alignnone size-thumbnail wp-image-4420\" src=\"http:\/\/bugatelier.eu\/wp-content\/uploads\/2019\/02\/moteur4-150x150.jpg\" alt=\"\" width=\"150\" height=\"150\" srcset=\"https:\/\/bugatelier.eu\/wp-content\/uploads\/2019\/02\/moteur4-150x150.jpg 150w, https:\/\/bugatelier.eu\/wp-content\/uploads\/2019\/02\/moteur4-125x125.jpg 125w\" sizes=\"(max-width: 150px) 100vw, 150px\" \/><\/a><\/p>\n<\/div>\n<div class='grid_2'>\n<p><a href=\"http:\/\/bugatelier.eu\/wp-content\/uploads\/2019\/02\/moteur1.jpg\"><img decoding=\"async\" loading=\"lazy\" class=\"alignnone size-thumbnail wp-image-4417\" src=\"http:\/\/bugatelier.eu\/wp-content\/uploads\/2019\/02\/moteur1-150x150.jpg\" alt=\"\" width=\"150\" height=\"150\" srcset=\"https:\/\/bugatelier.eu\/wp-content\/uploads\/2019\/02\/moteur1-150x150.jpg 150w, https:\/\/bugatelier.eu\/wp-content\/uploads\/2019\/02\/moteur1-125x125.jpg 125w\" sizes=\"(max-width: 150px) 100vw, 150px\" \/><\/a><\/p>\n<\/div>\n<div class='grid_2'>\n<div id=\"attachment_4421\" style=\"width: 160px\" class=\"wp-caption alignnone\"><a href=\"http:\/\/bugatelier.eu\/wp-content\/uploads\/2019\/02\/moteur5.jpg\"><img aria-describedby=\"caption-attachment-4421\" decoding=\"async\" loading=\"lazy\" class=\"wp-image-4421 size-thumbnail\" src=\"http:\/\/bugatelier.eu\/wp-content\/uploads\/2019\/02\/moteur5-150x150.jpg\" alt=\"\" width=\"150\" height=\"150\" srcset=\"https:\/\/bugatelier.eu\/wp-content\/uploads\/2019\/02\/moteur5-150x150.jpg 150w, https:\/\/bugatelier.eu\/wp-content\/uploads\/2019\/02\/moteur5-125x125.jpg 125w\" sizes=\"(max-width: 150px) 100vw, 150px\" \/><\/a><p id=\"caption-attachment-4421\" class=\"wp-caption-text\">Pose des canalisations d&#8217;huile<\/p><\/div>\n<\/div>\n<div class='grid_2 omega'>\n<p><a href=\"http:\/\/bugatelier.eu\/wp-content\/uploads\/2019\/02\/moteur6.jpg\"><img decoding=\"async\" loading=\"lazy\" class=\"alignnone size-thumbnail wp-image-4422\" src=\"http:\/\/bugatelier.eu\/wp-content\/uploads\/2019\/02\/moteur6-150x150.jpg\" alt=\"\" width=\"150\" height=\"150\" srcset=\"https:\/\/bugatelier.eu\/wp-content\/uploads\/2019\/02\/moteur6-150x150.jpg 150w, https:\/\/bugatelier.eu\/wp-content\/uploads\/2019\/02\/moteur6-125x125.jpg 125w\" sizes=\"(max-width: 150px) 100vw, 150px\" \/><\/a><\/p>\n<\/div>\n<div class='clear'><\/div>\n<p><strong>\u00a0Zum Pr\u00fcfstand<br \/>\n<\/strong><\/p>\n<div class='grid_2 alpha'>\n<p><a href=\"http:\/\/bugatelier.eu\/wp-content\/uploads\/2019\/02\/banc5.jpg\"><img decoding=\"async\" loading=\"lazy\" class=\"alignnone size-thumbnail wp-image-4397\" src=\"http:\/\/bugatelier.eu\/wp-content\/uploads\/2019\/02\/banc5-150x150.jpg\" alt=\"\" width=\"150\" height=\"150\" srcset=\"https:\/\/bugatelier.eu\/wp-content\/uploads\/2019\/02\/banc5-150x150.jpg 150w, https:\/\/bugatelier.eu\/wp-content\/uploads\/2019\/02\/banc5-125x125.jpg 125w\" sizes=\"(max-width: 150px) 100vw, 150px\" \/><\/a><\/p>\n<\/div>\n<div class='grid_2'>\n<p><a href=\"http:\/\/bugatelier.eu\/wp-content\/uploads\/2019\/02\/banc4.jpg\"><img decoding=\"async\" loading=\"lazy\" class=\"alignnone size-thumbnail wp-image-4396\" src=\"http:\/\/bugatelier.eu\/wp-content\/uploads\/2019\/02\/banc4-150x150.jpg\" alt=\"\" width=\"150\" height=\"150\" srcset=\"https:\/\/bugatelier.eu\/wp-content\/uploads\/2019\/02\/banc4-150x150.jpg 150w, https:\/\/bugatelier.eu\/wp-content\/uploads\/2019\/02\/banc4-125x125.jpg 125w\" sizes=\"(max-width: 150px) 100vw, 150px\" \/><\/a><\/p>\n<\/div>\n<div class='grid_2'>\n<div id=\"attachment_4399\" style=\"width: 160px\" class=\"wp-caption alignnone\"><a href=\"http:\/\/bugatelier.eu\/wp-content\/uploads\/2019\/02\/banc7.jpg\"><img aria-describedby=\"caption-attachment-4399\" decoding=\"async\" loading=\"lazy\" class=\"wp-image-4399 size-thumbnail\" src=\"http:\/\/bugatelier.eu\/wp-content\/uploads\/2019\/02\/banc7-150x150.jpg\" alt=\"\" width=\"150\" height=\"150\" srcset=\"https:\/\/bugatelier.eu\/wp-content\/uploads\/2019\/02\/banc7-150x150.jpg 150w, https:\/\/bugatelier.eu\/wp-content\/uploads\/2019\/02\/banc7-125x125.jpg 125w\" sizes=\"(max-width: 150px) 100vw, 150px\" \/><\/a><p id=\"caption-attachment-4399\" class=\"wp-caption-text\">Entrainement du compresseur<\/p><\/div>\n<\/div>\n<div class='grid_2'>\n<div id=\"attachment_4398\" style=\"width: 160px\" class=\"wp-caption alignnone\"><a href=\"http:\/\/bugatelier.eu\/wp-content\/uploads\/2019\/02\/banc6.jpg\"><img aria-describedby=\"caption-attachment-4398\" decoding=\"async\" loading=\"lazy\" class=\"wp-image-4398 size-thumbnail\" src=\"http:\/\/bugatelier.eu\/wp-content\/uploads\/2019\/02\/banc6-150x150.jpg\" alt=\"\" width=\"150\" height=\"150\" srcset=\"https:\/\/bugatelier.eu\/wp-content\/uploads\/2019\/02\/banc6-150x150.jpg 150w, https:\/\/bugatelier.eu\/wp-content\/uploads\/2019\/02\/banc6-125x125.jpg 125w\" sizes=\"(max-width: 150px) 100vw, 150px\" \/><\/a><p id=\"caption-attachment-4398\" class=\"wp-caption-text\">Couvercle pour voir &#8220;dedans&#8221;<\/p><\/div>\n<\/div>\n<div class='grid_2'>\n<p><a href=\"http:\/\/bugatelier.eu\/wp-content\/uploads\/2019\/02\/banc2.jpg\"><img decoding=\"async\" loading=\"lazy\" class=\"alignnone wp-image-4394 size-thumbnail\" src=\"http:\/\/bugatelier.eu\/wp-content\/uploads\/2019\/02\/banc2-150x150.jpg\" alt=\"\" width=\"150\" height=\"150\" srcset=\"https:\/\/bugatelier.eu\/wp-content\/uploads\/2019\/02\/banc2-150x150.jpg 150w, https:\/\/bugatelier.eu\/wp-content\/uploads\/2019\/02\/banc2-125x125.jpg 125w\" sizes=\"(max-width: 150px) 100vw, 150px\" \/><\/a><\/p>\n<\/div>\n<div class='grid_2 omega'>\n<div id=\"attachment_4395\" style=\"width: 160px\" class=\"wp-caption alignnone\"><a href=\"http:\/\/bugatelier.eu\/wp-content\/uploads\/2019\/02\/banc3.jpg\"><img aria-describedby=\"caption-attachment-4395\" decoding=\"async\" loading=\"lazy\" class=\"wp-image-4395 size-thumbnail\" src=\"http:\/\/bugatelier.eu\/wp-content\/uploads\/2019\/02\/banc3-150x150.jpg\" alt=\"\" width=\"150\" height=\"150\" srcset=\"https:\/\/bugatelier.eu\/wp-content\/uploads\/2019\/02\/banc3-150x150.jpg 150w, https:\/\/bugatelier.eu\/wp-content\/uploads\/2019\/02\/banc3-125x125.jpg 125w\" sizes=\"(max-width: 150px) 100vw, 150px\" \/><\/a><p id=\"caption-attachment-4395\" class=\"wp-caption-text\">Support de montage de la magn\u00e9to<\/p><\/div>\n<\/div>\n<div class='clear'><\/div>\n<p><strong>Ein neuer \u00d6ltank !<\/strong><\/p>\n<div class='grid_5 alpha'>\n<div id=\"attachment_4431\" style=\"width: 310px\" class=\"wp-caption alignnone\"><a href=\"http:\/\/bugatelier.eu\/wp-content\/uploads\/2019\/02\/resrevoir_huile.jpg\"><img aria-describedby=\"caption-attachment-4431\" decoding=\"async\" loading=\"lazy\" class=\"wp-image-4431 size-medium\" src=\"http:\/\/bugatelier.eu\/wp-content\/uploads\/2019\/02\/resrevoir_huile-300x225.jpg\" alt=\"r\u00e9servoir neuf vs ancien\" width=\"300\" height=\"225\" srcset=\"https:\/\/bugatelier.eu\/wp-content\/uploads\/2019\/02\/resrevoir_huile-300x225.jpg 300w, https:\/\/bugatelier.eu\/wp-content\/uploads\/2019\/02\/resrevoir_huile-768x576.jpg 768w, https:\/\/bugatelier.eu\/wp-content\/uploads\/2019\/02\/resrevoir_huile-911x683.jpg 911w, https:\/\/bugatelier.eu\/wp-content\/uploads\/2019\/02\/resrevoir_huile-642x482.jpg 642w, https:\/\/bugatelier.eu\/wp-content\/uploads\/2019\/02\/resrevoir_huile-978x734.jpg 978w, https:\/\/bugatelier.eu\/wp-content\/uploads\/2019\/02\/resrevoir_huile.jpg 1200w\" sizes=\"(max-width: 300px) 100vw, 300px\" \/><\/a><p id=\"caption-attachment-4431\" class=\"wp-caption-text\">Remplacement du r\u00e9servoir d&#8217;huile du compresseur<\/p><\/div>\n<\/div>\n<div class='grid_5 omega'>\n<div id=\"attachment_4432\" style=\"width: 310px\" class=\"wp-caption alignnone\"><a href=\"http:\/\/bugatelier.eu\/wp-content\/uploads\/2019\/02\/resrevoir_huile2.jpg\"><img aria-describedby=\"caption-attachment-4432\" decoding=\"async\" loading=\"lazy\" class=\"wp-image-4432 size-medium\" src=\"http:\/\/bugatelier.eu\/wp-content\/uploads\/2019\/02\/resrevoir_huile2-300x225.jpg\" alt=\"\" width=\"300\" height=\"225\" srcset=\"https:\/\/bugatelier.eu\/wp-content\/uploads\/2019\/02\/resrevoir_huile2-300x225.jpg 300w, https:\/\/bugatelier.eu\/wp-content\/uploads\/2019\/02\/resrevoir_huile2-768x576.jpg 768w, https:\/\/bugatelier.eu\/wp-content\/uploads\/2019\/02\/resrevoir_huile2-642x482.jpg 642w, https:\/\/bugatelier.eu\/wp-content\/uploads\/2019\/02\/resrevoir_huile2.jpg 800w\" sizes=\"(max-width: 300px) 100vw, 300px\" \/><\/a><p id=\"caption-attachment-4432\" class=\"wp-caption-text\">Il n&#8217;y a pas photo !<\/p><\/div>\n<\/div>\n<div class='clear'><\/div>\n<p><strong>Bereit zum liefern<br \/>\n<\/strong><\/p>\n<p><a href=\"http:\/\/bugatelier.eu\/wp-content\/uploads\/2019\/02\/pret-a-livrer2.jpg\"><img decoding=\"async\" loading=\"lazy\" class=\"alignnone wp-image-4430 size-full\" src=\"http:\/\/bugatelier.eu\/wp-content\/uploads\/2019\/02\/pret-a-livrer2.jpg\" alt=\"\" width=\"800\" height=\"598\" srcset=\"https:\/\/bugatelier.eu\/wp-content\/uploads\/2019\/02\/pret-a-livrer2.jpg 800w, https:\/\/bugatelier.eu\/wp-content\/uploads\/2019\/02\/pret-a-livrer2-300x224.jpg 300w, https:\/\/bugatelier.eu\/wp-content\/uploads\/2019\/02\/pret-a-livrer2-768x574.jpg 768w, https:\/\/bugatelier.eu\/wp-content\/uploads\/2019\/02\/pret-a-livrer2-642x480.jpg 642w\" sizes=\"(max-width: 800px) 100vw, 800px\" \/><\/a><\/p>\n","protected":false},"excerpt":{"rendered":"<p>Reparatur eines Typ 35B Bugatti Motors Dieser Bugatti-Motor vom Typ 35B (R) wurde in Teilen zerlegt. Einige Spuren des Absturzes sind auf den Fotos zu sehen! Auftrag der Werkstatt: Reparatur des Bruchs, Vorbereitung der Teile, Einstellung und Wiedereinbau. Vor der Auslieferung an den Kunden wird der Motor auf die Werkbank gestellt, um die letzten Schnitte [&hellip;]<\/p>\n","protected":false},"author":2,"featured_media":0,"parent":0,"menu_order":0,"comment_status":"closed","ping_status":"closed","template":"page-fullwidth.php","meta":[],"_links":{"self":[{"href":"https:\/\/bugatelier.eu\/index.php?rest_route=\/wp\/v2\/pages\/4538"}],"collection":[{"href":"https:\/\/bugatelier.eu\/index.php?rest_route=\/wp\/v2\/pages"}],"about":[{"href":"https:\/\/bugatelier.eu\/index.php?rest_route=\/wp\/v2\/types\/page"}],"author":[{"embeddable":true,"href":"https:\/\/bugatelier.eu\/index.php?rest_route=\/wp\/v2\/users\/2"}],"replies":[{"embeddable":true,"href":"https:\/\/bugatelier.eu\/index.php?rest_route=%2Fwp%2Fv2%2Fcomments&post=4538"}],"version-history":[{"count":6,"href":"https:\/\/bugatelier.eu\/index.php?rest_route=\/wp\/v2\/pages\/4538\/revisions"}],"predecessor-version":[{"id":6458,"href":"https:\/\/bugatelier.eu\/index.php?rest_route=\/wp\/v2\/pages\/4538\/revisions\/6458"}],"wp:attachment":[{"href":"https:\/\/bugatelier.eu\/index.php?rest_route=%2Fwp%2Fv2%2Fmedia&parent=4538"}],"curies":[{"name":"wp","href":"https:\/\/api.w.org\/{rel}","templated":true}]}}