{"id":4242,"date":"2018-12-03T10:54:48","date_gmt":"2018-12-03T10:54:48","guid":{"rendered":"http:\/\/bugatelier.eu\/?page_id=4242"},"modified":"2019-11-12T09:28:01","modified_gmt":"2019-11-12T09:28:01","slug":"politique-de-confidentialite","status":"publish","type":"page","link":"https:\/\/bugatelier.eu\/?page_id=4242","title":{"rendered":"Politique de confidentialit\u00e9"},"content":{"rendered":"<h4><span style=\"color: #000080;\"><em>Bugatelier prend la protection de votre vie priv\u00e9e tr\u00e8s au s\u00e9rieux.<\/em><\/span><\/h4>\n<hr \/>\n<h3>Qui sommes-nous\u00a0?<\/h3>\n<p>L\u2019adresse de notre site Web est\u00a0: http:\/\/bugatelier.eu.<\/p>\n<h3>Commentaires:<\/h3>\n<p>Notre site ne permet pas de saisir des commentaires. Les possibilit\u00e9s d&#8217;interactions sont limit\u00e9es \u00e0 un module\u00a0 qui pointe sur\u00a0 notre page Facebook <a href=\"http:\/\/bugatelier.eu\/wp-content\/uploads\/2014\/12\/bouton-suivre-facebook.png\"><img decoding=\"async\" loading=\"lazy\" class=\"alignnone wp-image-1898\" src=\"http:\/\/bugatelier.eu\/wp-content\/uploads\/2014\/12\/bouton-suivre-facebook.png\" alt=\"\" width=\"126\" height=\"23\" \/><\/a><\/p>\n<h3>Formulaires de contact:<\/h3>\n<p>Les donn\u00e9es saisies dans notre formulaire de contact, en particulier vos noms, pr\u00e9noms et adresse mail, ne sont utilis\u00e9es que pour nous permettre de vous r\u00e9pondre. Elles ne sont, ni\u00a0 collect\u00e9es, ni conserv\u00e9es de fa\u00e7on num\u00e9rique.<\/p>\n<h3>Cookies:<\/h3>\n<p>La r\u00e9colte de donn\u00e9es se limite \u00e0 une mesure d&#8217;audience r\u00e9alis\u00e9e par Google. Dans\u00a0 ce cas , les donn\u00e9es sont trait\u00e9es de fa\u00e7on anonyme. Par contre le pistage Facebook est\u00a0 activ\u00e9 lorsque vous &#8220;likez&#8221;\u00a0 une page de notre site apr\u00e8s vous \u00eatre identifi\u00e9 avec votre compte sur ce r\u00e9seau social. Mais cela, vous le savez lorsque\u00a0 vous utilisez Facebook ! <a href=\"https:\/\/www.facebook.com\/terms\">cf politique de confidentialit\u00e9 de facebook<\/a><\/p>\n<h3>Contenu embarqu\u00e9 depuis d\u2019autres sites:<\/h3>\n<p>Les articles de ce site peuvent inclure des contenus int\u00e9gr\u00e9s (par exemple des vid\u00e9os, images, articles\u2026). Le contenu int\u00e9gr\u00e9 depuis d\u2019autres sites se comporte de la m\u00eame mani\u00e8re que si le visiteur se rendait sur cet autre site.<\/p>\n<p>Ces sites web pourraient collecter des donn\u00e9es sur vous, utiliser des cookies, embarquer des outils de suivis tiers, suivre vos interactions avec ces contenus embarqu\u00e9s si vous disposez d\u2019un compte connect\u00e9 sur leur site web.<\/p>\n<h3>Statistiques et mesures d\u2019audience<\/h3>\n<p>Les statistiques de fr\u00e9quentation\u00a0 de notre site sont r\u00e9alis\u00e9es \u00e0 partir de <strong>donn\u00e9es anonymes<\/strong> r\u00e9colt\u00e9es par Google (<a href=\"https:\/\/policies.google.com\/privacy?hl=fr\">politique de confidentialit\u00e9 de Google)<\/a><\/p>\n<h3>Informations de contact<\/h3>\n<p>Un compl\u00e9ment d&#8217;informations est publi\u00e9 dans nos <a href=\"http:\/\/bugatelier.eu\/?page_id=1249\">Mentions l\u00e9gales.<\/a><br \/>\nPour nous joindre, veuillez trouver les informations sur notre page <a href=\"http:\/\/bugatelier.eu\/?page_id=372\">Contacts<\/a><\/p>\n","protected":false},"excerpt":{"rendered":"<p>Bugatelier prend la protection de votre vie priv\u00e9e tr\u00e8s au s\u00e9rieux. Qui sommes-nous\u00a0? L\u2019adresse de notre site Web est\u00a0: http:\/\/bugatelier.eu. Commentaires: Notre site ne permet pas de saisir des commentaires. Les possibilit\u00e9s d&#8217;interactions sont limit\u00e9es \u00e0 un module\u00a0 qui pointe sur\u00a0 notre page Facebook Formulaires de contact: Les donn\u00e9es saisies dans notre formulaire de contact, [&hellip;]<\/p>\n","protected":false},"author":2,"featured_media":0,"parent":0,"menu_order":0,"comment_status":"closed","ping_status":"closed","template":"page-fullwidth.php","meta":[],"_links":{"self":[{"href":"https:\/\/bugatelier.eu\/index.php?rest_route=\/wp\/v2\/pages\/4242"}],"collection":[{"href":"https:\/\/bugatelier.eu\/index.php?rest_route=\/wp\/v2\/pages"}],"about":[{"href":"https:\/\/bugatelier.eu\/index.php?rest_route=\/wp\/v2\/types\/page"}],"author":[{"embeddable":true,"href":"https:\/\/bugatelier.eu\/index.php?rest_route=\/wp\/v2\/users\/2"}],"replies":[{"embeddable":true,"href":"https:\/\/bugatelier.eu\/index.php?rest_route=%2Fwp%2Fv2%2Fcomments&post=4242"}],"version-history":[{"count":9,"href":"https:\/\/bugatelier.eu\/index.php?rest_route=\/wp\/v2\/pages\/4242\/revisions"}],"predecessor-version":[{"id":6152,"href":"https:\/\/bugatelier.eu\/index.php?rest_route=\/wp\/v2\/pages\/4242\/revisions\/6152"}],"wp:attachment":[{"href":"https:\/\/bugatelier.eu\/index.php?rest_route=%2Fwp%2Fv2%2Fmedia&parent=4242"}],"curies":[{"name":"wp","href":"https:\/\/api.w.org\/{rel}","templated":true}]}}