{"id":4161,"date":"2017-10-30T11:09:44","date_gmt":"2017-10-30T11:09:44","guid":{"rendered":"http:\/\/bugatelier.eu\/?page_id=4161"},"modified":"2017-10-30T14:11:21","modified_gmt":"2017-10-30T14:11:21","slug":"folgen-sie-uns-auf-facebook","status":"publish","type":"page","link":"https:\/\/bugatelier.eu\/?page_id=4161","title":{"rendered":"Folgen Sie uns auf Facebook"},"content":{"rendered":"<p>Sehr geehrter Leser, unsere Seite auf Facebook ist nat\u00fcrlich in Franz\u00f6sisch geschrieben,aber ist f\u00fcr den Moment noch nicht \u00fcbersetzt!<br \/>\n[custom-facebook-feed]<\/p>\n","protected":false},"excerpt":{"rendered":"<p>Sehr geehrter Leser, unsere Seite auf Facebook ist nat\u00fcrlich in Franz\u00f6sisch geschrieben,aber ist f\u00fcr den Moment noch nicht \u00fcbersetzt! [custom-facebook-feed]<\/p>\n","protected":false},"author":2,"featured_media":0,"parent":0,"menu_order":0,"comment_status":"closed","ping_status":"closed","template":"","meta":[],"_links":{"self":[{"href":"https:\/\/bugatelier.eu\/index.php?rest_route=\/wp\/v2\/pages\/4161"}],"collection":[{"href":"https:\/\/bugatelier.eu\/index.php?rest_route=\/wp\/v2\/pages"}],"about":[{"href":"https:\/\/bugatelier.eu\/index.php?rest_route=\/wp\/v2\/types\/page"}],"author":[{"embeddable":true,"href":"https:\/\/bugatelier.eu\/index.php?rest_route=\/wp\/v2\/users\/2"}],"replies":[{"embeddable":true,"href":"https:\/\/bugatelier.eu\/index.php?rest_route=%2Fwp%2Fv2%2Fcomments&post=4161"}],"version-history":[{"count":3,"href":"https:\/\/bugatelier.eu\/index.php?rest_route=\/wp\/v2\/pages\/4161\/revisions"}],"predecessor-version":[{"id":4190,"href":"https:\/\/bugatelier.eu\/index.php?rest_route=\/wp\/v2\/pages\/4161\/revisions\/4190"}],"wp:attachment":[{"href":"https:\/\/bugatelier.eu\/index.php?rest_route=%2Fwp%2Fv2%2Fmedia&parent=4161"}],"curies":[{"name":"wp","href":"https:\/\/api.w.org\/{rel}","templated":true}]}}