{"id":4083,"date":"2017-10-27T20:54:54","date_gmt":"2017-10-27T20:54:54","guid":{"rendered":"http:\/\/bugatelier.eu\/?page_id=4083"},"modified":"2017-11-09T17:01:13","modified_gmt":"2017-11-09T17:01:13","slug":"pruefstand","status":"publish","type":"page","link":"https:\/\/bugatelier.eu\/?page_id=4083","title":{"rendered":"Pr\u00fcfstand"},"content":{"rendered":"<h1>Start des Motors, der Moment der Wahrheit!<\/h1>\n<div class='grid_4 alpha'>\n<p><strong>Erster Start<\/strong><\/p>\n<p>Dies ist ein 3-Liter-Achtzylindermotor, der in der Werkstatt komplett neu aufgebaut wurde: \u00dcberholte Kurbelwellenlager, neue Bl\u00f6cke, Nockenwellen sowie neue Ventile und F\u00fchrungen, neue \u00d6lpumpe und WasserPumpe.<br \/>\nF\u00fcr die ersten Drehungen war der Motor mit einer aus Plexi hergestellte Abdeckung der Nockenwelle ausgestattet. Das erm\u00f6glicht die Effizienz der Schmierung zu kontrollieren und einzustellen.<br \/>\nDer Motor ist noch nicht instabil, da er in dieser Testphase nicht eingestimmt ist!<br \/>\n<\/div><\/p>\n<div class='grid_8 alpha'>\n<div style=\"width: 640px;\" class=\"wp-video\"><!--[if lt IE 9]><script>document.createElement('video');<\/script><![endif]-->\n<video class=\"wp-video-shortcode\" id=\"video-4083-1\" width=\"640\" height=\"427\" poster=\"http:\/\/bugatelier.eu\/wp-content\/uploads\/2017\/10\/banc13-1.jpg\" preload=\"metadata\" controls=\"controls\"><source type=\"video\/mp4\" src=\"http:\/\/bugatelier.eu\/wp-content\/uploads\/2017\/10\/premiers_tours_bac_plexi_nb_V2.mp4?_=1\" \/><a href=\"http:\/\/bugatelier.eu\/wp-content\/uploads\/2017\/10\/premiers_tours_bac_plexi_nb_V2.mp4\">http:\/\/bugatelier.eu\/wp-content\/uploads\/2017\/10\/premiers_tours_bac_plexi_nb_V2.mp4<\/a><\/video><\/div>\n<p>&nbsp;<\/p>\n<\/div>\n<div class='clear'><\/div>\n<div class='grid_2 alpha'>\n<div id=\"attachment_3737\" style=\"width: 160px\" class=\"wp-caption alignnone\"><a href=\"http:\/\/bugatelier.eu\/wp-content\/uploads\/2017\/10\/banc1.jpg\"><img aria-describedby=\"caption-attachment-3737\" decoding=\"async\" loading=\"lazy\" class=\"wp-image-3737 size-thumbnail\" src=\"http:\/\/bugatelier.eu\/wp-content\/uploads\/2017\/10\/banc1-150x150.jpg\" alt=\"\" width=\"150\" height=\"150\" srcset=\"https:\/\/bugatelier.eu\/wp-content\/uploads\/2017\/10\/banc1-150x150.jpg 150w, https:\/\/bugatelier.eu\/wp-content\/uploads\/2017\/10\/banc1-125x125.jpg 125w\" sizes=\"(max-width: 150px) 100vw, 150px\" \/><\/a><p id=\"caption-attachment-3737\" class=\"wp-caption-text\">Banc Borghi et Saveri<\/p><\/div>\n<\/div>\n<div class='grid_2'>\n<div id=\"attachment_3738\" style=\"width: 160px\" class=\"wp-caption alignnone\"><a href=\"http:\/\/bugatelier.eu\/wp-content\/uploads\/2017\/10\/banc2.jpg\"><img aria-describedby=\"caption-attachment-3738\" decoding=\"async\" loading=\"lazy\" class=\"wp-image-3738 size-thumbnail\" src=\"http:\/\/bugatelier.eu\/wp-content\/uploads\/2017\/10\/banc2-150x150.jpg\" alt=\"\" width=\"150\" height=\"150\" srcset=\"https:\/\/bugatelier.eu\/wp-content\/uploads\/2017\/10\/banc2-150x150.jpg 150w, https:\/\/bugatelier.eu\/wp-content\/uploads\/2017\/10\/banc2-125x125.jpg 125w\" sizes=\"(max-width: 150px) 100vw, 150px\" \/><\/a><p id=\"caption-attachment-3738\" class=\"wp-caption-text\">Jusqu&#8217;\u00e0 200CV !<\/p><\/div>\n<\/div>\n<div class='grid_2'>\n<p><a href=\"http:\/\/bugatelier.eu\/wp-content\/uploads\/2017\/10\/banc7.jpg\"><img decoding=\"async\" loading=\"lazy\" class=\"alignnone wp-image-3739 size-thumbnail\" src=\"http:\/\/bugatelier.eu\/wp-content\/uploads\/2017\/10\/banc7-150x150.jpg\" alt=\"\" width=\"150\" height=\"150\" srcset=\"https:\/\/bugatelier.eu\/wp-content\/uploads\/2017\/10\/banc7-150x150.jpg 150w, https:\/\/bugatelier.eu\/wp-content\/uploads\/2017\/10\/banc7-125x125.jpg 125w\" sizes=\"(max-width: 150px) 100vw, 150px\" \/><\/a><\/p>\n<\/div>\n<div class='grid_2'>\n<div id=\"attachment_3740\" style=\"width: 160px\" class=\"wp-caption alignnone\"><a href=\"http:\/\/bugatelier.eu\/wp-content\/uploads\/2017\/10\/banc9.jpg\"><img aria-describedby=\"caption-attachment-3740\" decoding=\"async\" loading=\"lazy\" class=\"wp-image-3740 size-thumbnail\" src=\"http:\/\/bugatelier.eu\/wp-content\/uploads\/2017\/10\/banc9-150x150.jpg\" alt=\"Vue du dessus\" width=\"150\" height=\"150\" srcset=\"https:\/\/bugatelier.eu\/wp-content\/uploads\/2017\/10\/banc9-150x150.jpg 150w, https:\/\/bugatelier.eu\/wp-content\/uploads\/2017\/10\/banc9-125x125.jpg 125w\" sizes=\"(max-width: 150px) 100vw, 150px\" \/><\/a><p id=\"caption-attachment-3740\" class=\"wp-caption-text\">Vue du dessus<\/p><\/div>\n<\/div>\n<div class='grid_2'>\n<div id=\"attachment_3743\" style=\"width: 160px\" class=\"wp-caption alignnone\"><a href=\"http:\/\/bugatelier.eu\/wp-content\/uploads\/2017\/10\/banc13-1.jpg\"><img aria-describedby=\"caption-attachment-3743\" decoding=\"async\" loading=\"lazy\" class=\"wp-image-3743 size-thumbnail\" src=\"http:\/\/bugatelier.eu\/wp-content\/uploads\/2017\/10\/banc13-1-150x150.jpg\" alt=\"\" width=\"150\" height=\"150\" srcset=\"https:\/\/bugatelier.eu\/wp-content\/uploads\/2017\/10\/banc13-1-150x150.jpg 150w, https:\/\/bugatelier.eu\/wp-content\/uploads\/2017\/10\/banc13-1-125x125.jpg 125w\" sizes=\"(max-width: 150px) 100vw, 150px\" \/><\/a><p id=\"caption-attachment-3743\" class=\"wp-caption-text\">L&#8217;\u00e9clat du neuf, avec de l&#8217;ancien !<\/p><\/div>\n<\/div>\n<div class='grid_2 omega'>\n<p><a href=\"http:\/\/bugatelier.eu\/wp-content\/uploads\/2017\/10\/banc15.jpg\"><img decoding=\"async\" loading=\"lazy\" class=\"alignnone wp-image-3744 size-thumbnail\" src=\"http:\/\/bugatelier.eu\/wp-content\/uploads\/2017\/10\/banc15-150x150.jpg\" alt=\"\" width=\"150\" height=\"150\" srcset=\"https:\/\/bugatelier.eu\/wp-content\/uploads\/2017\/10\/banc15-150x150.jpg 150w, https:\/\/bugatelier.eu\/wp-content\/uploads\/2017\/10\/banc15-125x125.jpg 125w\" sizes=\"(max-width: 150px) 100vw, 150px\" \/><\/a><\/p>\n<\/div>\n<div class='clear'><\/div>\n<div class='grid_2 alpha'>\n<p><a href=\"http:\/\/bugatelier.eu\/wp-content\/uploads\/2017\/10\/banc17.jpg\"><img decoding=\"async\" loading=\"lazy\" class=\"alignnone wp-image-3745 size-thumbnail\" src=\"http:\/\/bugatelier.eu\/wp-content\/uploads\/2017\/10\/banc17-150x150.jpg\" alt=\"\" width=\"150\" height=\"150\" srcset=\"https:\/\/bugatelier.eu\/wp-content\/uploads\/2017\/10\/banc17-150x150.jpg 150w, https:\/\/bugatelier.eu\/wp-content\/uploads\/2017\/10\/banc17-125x125.jpg 125w\" sizes=\"(max-width: 150px) 100vw, 150px\" \/><\/a><\/p>\n<\/div>\n<div class='grid_2'>\n<p><a href=\"http:\/\/bugatelier.eu\/wp-content\/uploads\/2017\/10\/banc5.jpg\"><img decoding=\"async\" loading=\"lazy\" class=\"alignnone wp-image-3746 size-thumbnail\" src=\"http:\/\/bugatelier.eu\/wp-content\/uploads\/2017\/10\/banc5-150x150.jpg\" alt=\"\" width=\"150\" height=\"150\" srcset=\"https:\/\/bugatelier.eu\/wp-content\/uploads\/2017\/10\/banc5-150x150.jpg 150w, https:\/\/bugatelier.eu\/wp-content\/uploads\/2017\/10\/banc5-125x125.jpg 125w\" sizes=\"(max-width: 150px) 100vw, 150px\" \/><\/a><\/p>\n<\/div>\n<div class='grid_2'>\n<p><a href=\"http:\/\/bugatelier.eu\/wp-content\/uploads\/2017\/10\/banc11-1.jpg\"><img decoding=\"async\" loading=\"lazy\" class=\"alignnone wp-image-3748 size-thumbnail\" src=\"http:\/\/bugatelier.eu\/wp-content\/uploads\/2017\/10\/banc11-1-150x150.jpg\" alt=\"\" width=\"150\" height=\"150\" srcset=\"https:\/\/bugatelier.eu\/wp-content\/uploads\/2017\/10\/banc11-1-150x150.jpg 150w, https:\/\/bugatelier.eu\/wp-content\/uploads\/2017\/10\/banc11-1-125x125.jpg 125w\" sizes=\"(max-width: 150px) 100vw, 150px\" \/><\/a><\/p>\n<\/div>\n<div class='grid_2 omega'>\n<div id=\"attachment_3750\" style=\"width: 160px\" class=\"wp-caption alignnone\"><a href=\"http:\/\/bugatelier.eu\/wp-content\/uploads\/2017\/10\/banc3.jpg\"><img aria-describedby=\"caption-attachment-3750\" decoding=\"async\" loading=\"lazy\" class=\"wp-image-3750 size-thumbnail\" src=\"http:\/\/bugatelier.eu\/wp-content\/uploads\/2017\/10\/banc3-150x150.jpg\" alt=\"Alors Christian, satisfait ?\" width=\"150\" height=\"150\" srcset=\"https:\/\/bugatelier.eu\/wp-content\/uploads\/2017\/10\/banc3-150x150.jpg 150w, https:\/\/bugatelier.eu\/wp-content\/uploads\/2017\/10\/banc3-125x125.jpg 125w\" sizes=\"(max-width: 150px) 100vw, 150px\" \/><\/a><p id=\"caption-attachment-3750\" class=\"wp-caption-text\">Alors Christian, satisfait ?<\/p><\/div>\n<\/div>\n<div class='clear'><\/div>\n<div class='clear'><\/div>\n<p style=\"text-align: left;\"><strong>Premiers essais!<\/strong><\/p>\n<p>Der erste Start eines v\u00f6llig neu aufgebauten Motors ist immer ein Highlight im Leben der Werkstatt. Der Pr\u00fcfstand ist besonders wertvoll um die ersten Tests durchzuf\u00fchren: Er erleichtert das Hinh\u00f6ren auf den Klang der Zahnr\u00e4der und Ritzel, die Entwicklung der Z\u00fcndung, Vergaserbed\u00fcsung, den \u00d6ldruck \u00fcberpr\u00fcft , der \u00d6lstand in der Nockenwelle, die Beobachtung der verschiedenen Temperatursensoren (Ansaug-, Abgas-, Wassertemperatur), die \u00dcberpr\u00fcfung der Dichtigkeit der Bl\u00f6cke, das Gleichgewicht der Kompressionen in den Zylindern. Es hilft auch, den korrekten Betrieb von Zubeh\u00f6r, Wasserpumpe, \u00d6lpumpe, Anlasser, Dynamo zu gew\u00e4hrleisten &#8230;.<br \/>\nAlle diese \u00dcberpr\u00fcfungen und Anpassungen sind alle Garantien f\u00fcr einen ordnungsgem\u00e4\u00dfen Betrieb des Motors, wenn dieser wieder im Fahrgestell montiert wird.<\/p>\n","protected":false},"excerpt":{"rendered":"<p>Start des Motors, der Moment der Wahrheit! Erster Start Dies ist ein 3-Liter-Achtzylindermotor, der in der Werkstatt komplett neu aufgebaut wurde: \u00dcberholte Kurbelwellenlager, neue Bl\u00f6cke, Nockenwellen sowie neue Ventile und F\u00fchrungen, neue \u00d6lpumpe und WasserPumpe. F\u00fcr die ersten Drehungen war der Motor mit einer aus Plexi hergestellte Abdeckung der Nockenwelle ausgestattet. Das erm\u00f6glicht die Effizienz [&hellip;]<\/p>\n","protected":false},"author":2,"featured_media":0,"parent":0,"menu_order":0,"comment_status":"closed","ping_status":"closed","template":"page-fullwidth.php","meta":[],"_links":{"self":[{"href":"https:\/\/bugatelier.eu\/index.php?rest_route=\/wp\/v2\/pages\/4083"}],"collection":[{"href":"https:\/\/bugatelier.eu\/index.php?rest_route=\/wp\/v2\/pages"}],"about":[{"href":"https:\/\/bugatelier.eu\/index.php?rest_route=\/wp\/v2\/types\/page"}],"author":[{"embeddable":true,"href":"https:\/\/bugatelier.eu\/index.php?rest_route=\/wp\/v2\/users\/2"}],"replies":[{"embeddable":true,"href":"https:\/\/bugatelier.eu\/index.php?rest_route=%2Fwp%2Fv2%2Fcomments&post=4083"}],"version-history":[{"count":3,"href":"https:\/\/bugatelier.eu\/index.php?rest_route=\/wp\/v2\/pages\/4083\/revisions"}],"predecessor-version":[{"id":4086,"href":"https:\/\/bugatelier.eu\/index.php?rest_route=\/wp\/v2\/pages\/4083\/revisions\/4086"}],"wp:attachment":[{"href":"https:\/\/bugatelier.eu\/index.php?rest_route=%2Fwp%2Fv2%2Fmedia&parent=4083"}],"curies":[{"name":"wp","href":"https:\/\/api.w.org\/{rel}","templated":true}]}}