{"id":3788,"date":"2017-10-13T09:56:27","date_gmt":"2017-10-13T09:56:27","guid":{"rendered":"http:\/\/bugatelier.eu\/?page_id=3788"},"modified":"2019-03-05T08:51:28","modified_gmt":"2019-03-05T08:51:28","slug":"news","status":"publish","type":"page","link":"https:\/\/bugatelier.eu\/?page_id=3788","title":{"rendered":"News"},"content":{"rendered":"<div id=\"js_x\" class=\"_5pbx userContent _3576\" data-ft=\"{&quot;tn&quot;:&quot;K&quot;}\">\n<h3>Palmar\u00e8s du Festival 2017 \u00e0 Molsheim: Bugatelier sur le podium ?<\/h3>\n<p>Officiellement non, mais \u00e0 y regarder de plus pr\u00e8s&#8230;<br \/>Troph\u00e9e de la Fondation Bugatti: 1er prix pour la 57414&#8230; r\u00e9par\u00e9e chez Bugatelier.<span class=\"_5mfr _47e3\"><img decoding=\"async\" loading=\"lazy\" class=\"img\" role=\"presentation\" src=\"https:\/\/static.xx.fbcdn.net\/images\/emoji.php\/v9\/f57\/1\/16\/1f609.png\" alt=\"\" width=\"16\" height=\"16\"><span class=\"_7oe\">&#x1f609;<\/span><\/span><br \/>Troph\u00e9e Lalique: 1er prix pour la 38221&#8230; entretenue chez Bugatelier.<span class=\"_5mfr _47e3\"><img decoding=\"async\" loading=\"lazy\" class=\"img\" role=\"presentation\" src=\"https:\/\/static.xx.fbcdn.net\/images\/emoji.php\/v9\/f57\/1\/16\/1f609.png\" alt=\"\" width=\"16\" height=\"16\"><span class=\"_7oe\">&#x1f609;<\/span><\/span><br \/>Coupe des dames: 1er prix pour la 44547, restaur\u00e9e chez Bugatelier .<span class=\"_5mfr _47e3\"><img decoding=\"async\" loading=\"lazy\" class=\"img\" role=\"presentation\" src=\"https:\/\/static.xx.fbcdn.net\/images\/emoji.php\/v9\/f7f\/1\/16\/1f60a.png\" alt=\"\" width=\"16\" height=\"16\"><span class=\"_7oe\">&#x1f60a;<\/span><\/span><\/p>\n<\/div>\n<p><\/p>\n<div class=\"wp-block-image\">\n<figure class=\"aligncenter\"><img decoding=\"async\" loading=\"lazy\" width=\"960\" height=\"636\" src=\"http:\/\/bugatelier.eu\/wp-content\/uploads\/2019\/03\/57festival.jpg\" alt=\"\" class=\"wp-image-5250\" srcset=\"https:\/\/bugatelier.eu\/wp-content\/uploads\/2019\/03\/57festival.jpg 960w, https:\/\/bugatelier.eu\/wp-content\/uploads\/2019\/03\/57festival-300x199.jpg 300w, https:\/\/bugatelier.eu\/wp-content\/uploads\/2019\/03\/57festival-768x509.jpg 768w, https:\/\/bugatelier.eu\/wp-content\/uploads\/2019\/03\/57festival-642x425.jpg 642w\" sizes=\"(max-width: 960px) 100vw, 960px\" \/><\/figure>\n<\/div>\n<p><\/p>\n<p><\/p>\n<div class=\"wp-block-image\">\n<figure class=\"aligncenter\"><img decoding=\"async\" loading=\"lazy\" width=\"960\" height=\"636\" src=\"http:\/\/bugatelier.eu\/wp-content\/uploads\/2019\/03\/38festival.jpg\" alt=\"\" class=\"wp-image-5252\" srcset=\"https:\/\/bugatelier.eu\/wp-content\/uploads\/2019\/03\/38festival.jpg 960w, https:\/\/bugatelier.eu\/wp-content\/uploads\/2019\/03\/38festival-300x199.jpg 300w, https:\/\/bugatelier.eu\/wp-content\/uploads\/2019\/03\/38festival-768x509.jpg 768w, https:\/\/bugatelier.eu\/wp-content\/uploads\/2019\/03\/38festival-642x425.jpg 642w\" sizes=\"(max-width: 960px) 100vw, 960px\" \/><\/figure>\n<\/div>\n<p><\/p>\n<p><\/p>\n<div class=\"wp-block-image\">\n<figure class=\"aligncenter\"><img decoding=\"async\" loading=\"lazy\" width=\"960\" height=\"636\" src=\"http:\/\/bugatelier.eu\/wp-content\/uploads\/2019\/03\/44festival-2.jpg\" alt=\"\" class=\"wp-image-5260\" srcset=\"https:\/\/bugatelier.eu\/wp-content\/uploads\/2019\/03\/44festival-2.jpg 960w, https:\/\/bugatelier.eu\/wp-content\/uploads\/2019\/03\/44festival-2-300x199.jpg 300w, https:\/\/bugatelier.eu\/wp-content\/uploads\/2019\/03\/44festival-2-768x509.jpg 768w, https:\/\/bugatelier.eu\/wp-content\/uploads\/2019\/03\/44festival-2-642x425.jpg 642w\" sizes=\"(max-width: 960px) 100vw, 960px\" \/><\/figure>\n<\/div>\n<p><\/p>\n","protected":false},"excerpt":{"rendered":"<p>Palmar\u00e8s du Festival 2017 \u00e0 Molsheim: Bugatelier sur le podium ? Officiellement non, mais \u00e0 y regarder de plus pr\u00e8s&#8230;Troph\u00e9e de la Fondation Bugatti: 1er prix pour la 57414&#8230; r\u00e9par\u00e9e chez Bugatelier.&#x1f609;Troph\u00e9e Lalique: 1er prix pour la 38221&#8230; entretenue chez Bugatelier.&#x1f609;Coupe des dames: 1er prix pour la 44547, restaur\u00e9e chez Bugatelier .&#x1f60a;<\/p>\n","protected":false},"author":2,"featured_media":0,"parent":0,"menu_order":0,"comment_status":"closed","ping_status":"closed","template":"page-fullwidth.php","meta":[],"_links":{"self":[{"href":"https:\/\/bugatelier.eu\/index.php?rest_route=\/wp\/v2\/pages\/3788"}],"collection":[{"href":"https:\/\/bugatelier.eu\/index.php?rest_route=\/wp\/v2\/pages"}],"about":[{"href":"https:\/\/bugatelier.eu\/index.php?rest_route=\/wp\/v2\/types\/page"}],"author":[{"embeddable":true,"href":"https:\/\/bugatelier.eu\/index.php?rest_route=\/wp\/v2\/users\/2"}],"replies":[{"embeddable":true,"href":"https:\/\/bugatelier.eu\/index.php?rest_route=%2Fwp%2Fv2%2Fcomments&post=3788"}],"version-history":[{"count":11,"href":"https:\/\/bugatelier.eu\/index.php?rest_route=\/wp\/v2\/pages\/3788\/revisions"}],"predecessor-version":[{"id":5273,"href":"https:\/\/bugatelier.eu\/index.php?rest_route=\/wp\/v2\/pages\/3788\/revisions\/5273"}],"wp:attachment":[{"href":"https:\/\/bugatelier.eu\/index.php?rest_route=%2Fwp%2Fv2%2Fmedia&parent=3788"}],"curies":[{"name":"wp","href":"https:\/\/api.w.org\/{rel}","templated":true}]}}