{"id":372,"date":"2014-12-13T09:21:27","date_gmt":"2014-12-13T09:21:27","guid":{"rendered":"http:\/\/bugatelier.eu\/?page_id=372"},"modified":"2025-05-19T07:41:31","modified_gmt":"2025-05-19T07:41:31","slug":"contact-2","status":"publish","type":"page","link":"https:\/\/bugatelier.eu\/?page_id=372","title":{"rendered":"Contact"},"content":{"rendered":"<div class='grid_6 alpha'>\n<p><strong>Un renseignement, une question ?\u00a0 N&#8217;h\u00e9sitez pas !<\/strong><\/p>\n<h1><strong>Nous appeler:\u00a0<\/strong><\/h1>\n<p><strong>BUGATELIER (Antoine SCHANN) +33 6 89 91 31 59<\/strong><\/p>\n<h1><strong>Nous \u00e9crire:<\/strong><\/h1>\n<p><a href=\"mailto:bugatelier.sas@gmail.com\">Par mail<\/a> :<strong> bugatelier.sas@gmail.com<\/strong><\/p>\n<\/div>\n<div class='grid_6 omega'>\n<p><strong>O\u00f9 nous trouver?<\/strong><\/p>\n<p><strong><a href=\"http:\/\/bugatelier.eu\/wp-content\/uploads\/2014\/12\/plan-situation9.jpg\"><img decoding=\"async\" loading=\"lazy\" class=\"alignleft wp-image-2677 size-medium\" src=\"http:\/\/bugatelier.eu\/wp-content\/uploads\/2014\/12\/plan-situation9-296x300.jpg\" width=\"296\" height=\"300\" srcset=\"https:\/\/bugatelier.eu\/wp-content\/uploads\/2014\/12\/plan-situation9-296x300.jpg 296w, https:\/\/bugatelier.eu\/wp-content\/uploads\/2014\/12\/plan-situation9-674x683.jpg 674w, https:\/\/bugatelier.eu\/wp-content\/uploads\/2014\/12\/plan-situation9-642x650.jpg 642w, https:\/\/bugatelier.eu\/wp-content\/uploads\/2014\/12\/plan-situation9.jpg 761w\" sizes=\"(max-width: 296px) 100vw, 296px\" \/><\/a><\/strong>Bugatelier est install\u00e9 \u00e0 moins de 20 km de Molsheim, berceau historique de la marque.<br \/>\n<strong>1b rue du Boulanger<\/strong><br \/>\n<strong>F-67205 OBERHAUSBERGEN <\/strong><br \/>\n<strong> Christian SCHANN<\/strong><br \/>\n<strong> \u200bTel: +33 6 74 44 74 59<\/strong><\/p>\n<p><a href=\"https:\/\/www.facebook.com\/bugatelier\" target=\"_blank\" rel=\"noopener noreferrer\"><img decoding=\"async\" loading=\"lazy\" class=\"wp-image-1898 size-full alignleft\" src=\"http:\/\/bugatelier.eu\/wp-content\/uploads\/2014\/12\/bouton-suivre-facebook.png\" alt=\"bouton-suivre-facebook\" width=\"274\" height=\"50\" \/><\/a><\/p>\n<\/div>\n<div class='clear'><\/div>\n","protected":false},"excerpt":{"rendered":"<p>Un renseignement, une question ?\u00a0 N&#8217;h\u00e9sitez pas ! Nous appeler:\u00a0 BUGATELIER (Antoine SCHANN) +33 6 89 91 31 59 Nous \u00e9crire: Par mail : bugatelier.sas@gmail.com O\u00f9 nous trouver? Bugatelier est install\u00e9 \u00e0 moins de 20 km de Molsheim, berceau historique de la marque. 1b rue du Boulanger F-67205 OBERHAUSBERGEN Christian SCHANN \u200bTel: +33 6 74 [&hellip;]<\/p>\n","protected":false},"author":1,"featured_media":0,"parent":0,"menu_order":5,"comment_status":"closed","ping_status":"closed","template":"page-fullwidth.php","meta":[],"_links":{"self":[{"href":"https:\/\/bugatelier.eu\/index.php?rest_route=\/wp\/v2\/pages\/372"}],"collection":[{"href":"https:\/\/bugatelier.eu\/index.php?rest_route=\/wp\/v2\/pages"}],"about":[{"href":"https:\/\/bugatelier.eu\/index.php?rest_route=\/wp\/v2\/types\/page"}],"author":[{"embeddable":true,"href":"https:\/\/bugatelier.eu\/index.php?rest_route=\/wp\/v2\/users\/1"}],"replies":[{"embeddable":true,"href":"https:\/\/bugatelier.eu\/index.php?rest_route=%2Fwp%2Fv2%2Fcomments&post=372"}],"version-history":[{"count":68,"href":"https:\/\/bugatelier.eu\/index.php?rest_route=\/wp\/v2\/pages\/372\/revisions"}],"predecessor-version":[{"id":7558,"href":"https:\/\/bugatelier.eu\/index.php?rest_route=\/wp\/v2\/pages\/372\/revisions\/7558"}],"wp:attachment":[{"href":"https:\/\/bugatelier.eu\/index.php?rest_route=%2Fwp%2Fv2%2Fmedia&parent=372"}],"curies":[{"name":"wp","href":"https:\/\/api.w.org\/{rel}","templated":true}]}}