{"id":3699,"date":"2017-10-08T10:08:24","date_gmt":"2017-10-08T10:08:24","guid":{"rendered":"http:\/\/bugatelier.eu\/?page_id=3699"},"modified":"2019-01-28T15:44:02","modified_gmt":"2019-01-28T15:44:02","slug":"bugatti-t38221","status":"publish","type":"page","link":"https:\/\/bugatelier.eu\/?page_id=3699","title":{"rendered":"Bugatti T38 #1"},"content":{"rendered":"<div class='grid_4 alpha'>\n<p><strong>Sortie de l&#8217;atelier.<\/strong>&nbsp; D\u00e8s son arriv\u00e9e, tout l&#8217;atelier est tomb\u00e9 sous son charme !<\/p>\n<\/div>\n<div class='grid_8 alpha'>\n<div style=\"width: 1280px;\" class=\"wp-video\"><!--[if lt IE 9]><script>document.createElement('video');<\/script><![endif]-->\n<video class=\"wp-video-shortcode\" id=\"video-3699-1\" width=\"1280\" height=\"720\" poster=\"http:\/\/bugatelier.eu\/wp-content\/uploads\/2017\/10\/T38221_sur_remorque.jpg\" preload=\"metadata\" controls=\"controls\"><source type=\"video\/mp4\" src=\"http:\/\/bugatelier.eu\/wp-content\/uploads\/2017\/10\/T38-garage-marcheAR-version-fbk.mp4?_=1\" \/><a href=\"http:\/\/bugatelier.eu\/wp-content\/uploads\/2017\/10\/T38-garage-marcheAR-version-fbk.mp4\">http:\/\/bugatelier.eu\/wp-content\/uploads\/2017\/10\/T38-garage-marcheAR-version-fbk.mp4<\/a><\/video><\/div>\n<\/div>\n<div class='clear'><\/div>\n","protected":false},"excerpt":{"rendered":"<p>Sortie de l&#8217;atelier.&nbsp; D\u00e8s son arriv\u00e9e, tout l&#8217;atelier est tomb\u00e9 sous son charme !<\/p>\n","protected":false},"author":2,"featured_media":0,"parent":0,"menu_order":0,"comment_status":"closed","ping_status":"closed","template":"page-fullwidth.php","meta":[],"_links":{"self":[{"href":"https:\/\/bugatelier.eu\/index.php?rest_route=\/wp\/v2\/pages\/3699"}],"collection":[{"href":"https:\/\/bugatelier.eu\/index.php?rest_route=\/wp\/v2\/pages"}],"about":[{"href":"https:\/\/bugatelier.eu\/index.php?rest_route=\/wp\/v2\/types\/page"}],"author":[{"embeddable":true,"href":"https:\/\/bugatelier.eu\/index.php?rest_route=\/wp\/v2\/users\/2"}],"replies":[{"embeddable":true,"href":"https:\/\/bugatelier.eu\/index.php?rest_route=%2Fwp%2Fv2%2Fcomments&post=3699"}],"version-history":[{"count":14,"href":"https:\/\/bugatelier.eu\/index.php?rest_route=\/wp\/v2\/pages\/3699\/revisions"}],"predecessor-version":[{"id":4350,"href":"https:\/\/bugatelier.eu\/index.php?rest_route=\/wp\/v2\/pages\/3699\/revisions\/4350"}],"wp:attachment":[{"href":"https:\/\/bugatelier.eu\/index.php?rest_route=%2Fwp%2Fv2%2Fmedia&parent=3699"}],"curies":[{"name":"wp","href":"https:\/\/api.w.org\/{rel}","templated":true}]}}