{"id":3285,"date":"2017-04-07T14:58:58","date_gmt":"2017-04-07T14:58:58","guid":{"rendered":"http:\/\/bugatelier.eu\/?page_id=3285"},"modified":"2017-11-09T16:21:57","modified_gmt":"2017-11-09T16:21:57","slug":"repusseau-einstelbaredampfer","status":"publish","type":"page","link":"https:\/\/bugatelier.eu\/?page_id=3285","title":{"rendered":"Einstelbare D\u00e4mpfer von Repusseau"},"content":{"rendered":"<p><a href=\"http:\/\/bugatelier.eu\/wp-content\/uploads\/2017\/04\/remonte_tableau_bord.jpg\"><img decoding=\"async\" loading=\"lazy\" class=\"aligncenter wp-image-3128 size-medium\" src=\"http:\/\/bugatelier.eu\/wp-content\/uploads\/2017\/04\/remonte_tableau_bord-300x225.jpg\" alt=\"\" width=\"300\" height=\"225\" srcset=\"https:\/\/bugatelier.eu\/wp-content\/uploads\/2017\/04\/remonte_tableau_bord-300x225.jpg 300w, https:\/\/bugatelier.eu\/wp-content\/uploads\/2017\/04\/remonte_tableau_bord-768x576.jpg 768w, https:\/\/bugatelier.eu\/wp-content\/uploads\/2017\/04\/remonte_tableau_bord-642x482.jpg 642w, https:\/\/bugatelier.eu\/wp-content\/uploads\/2017\/04\/remonte_tableau_bord.jpg 800w\" sizes=\"(max-width: 300px) 100vw, 300px\" \/><\/a><\/p>\n<div class='grid_2 alpha'>\n<p><a href=\"http:\/\/bugatelier.eu\/wp-content\/uploads\/2017\/04\/demontage_repusseau2.jpg\"><img decoding=\"async\" loading=\"lazy\" class=\"alignnone size-thumbnail wp-image-3140\" src=\"http:\/\/bugatelier.eu\/wp-content\/uploads\/2017\/04\/demontage_repusseau2-150x150.jpg\" alt=\"\" width=\"150\" height=\"150\" srcset=\"https:\/\/bugatelier.eu\/wp-content\/uploads\/2017\/04\/demontage_repusseau2-150x150.jpg 150w, https:\/\/bugatelier.eu\/wp-content\/uploads\/2017\/04\/demontage_repusseau2-125x125.jpg 125w\" sizes=\"(max-width: 150px) 100vw, 150px\" \/><\/a><\/p>\n<\/div>\n<div class='grid_2 alpha'>\n<p><a href=\"http:\/\/bugatelier.eu\/wp-content\/uploads\/2017\/04\/demontage_repusseau3.jpg\"><img decoding=\"async\" loading=\"lazy\" class=\"alignnone size-thumbnail wp-image-3141\" src=\"http:\/\/bugatelier.eu\/wp-content\/uploads\/2017\/04\/demontage_repusseau3-150x150.jpg\" alt=\"\" width=\"150\" height=\"150\" srcset=\"https:\/\/bugatelier.eu\/wp-content\/uploads\/2017\/04\/demontage_repusseau3-150x150.jpg 150w, https:\/\/bugatelier.eu\/wp-content\/uploads\/2017\/04\/demontage_repusseau3-125x125.jpg 125w\" sizes=\"(max-width: 150px) 100vw, 150px\" \/><\/a><\/p>\n<\/div>\n<div class='grid_2 alpha'>\n<p><a href=\"http:\/\/bugatelier.eu\/wp-content\/uploads\/2017\/04\/cadran-sale.jpg\"><img decoding=\"async\" loading=\"lazy\" class=\"alignnone size-thumbnail wp-image-3138\" src=\"http:\/\/bugatelier.eu\/wp-content\/uploads\/2017\/04\/cadran-sale-150x150.jpg\" alt=\"\" width=\"150\" height=\"150\" srcset=\"https:\/\/bugatelier.eu\/wp-content\/uploads\/2017\/04\/cadran-sale-150x150.jpg 150w, https:\/\/bugatelier.eu\/wp-content\/uploads\/2017\/04\/cadran-sale-125x125.jpg 125w\" sizes=\"(max-width: 150px) 100vw, 150px\" \/><\/a><\/p>\n<\/div>\n<div class='grid_2 alpha'>\n<p><a href=\"http:\/\/bugatelier.eu\/wp-content\/uploads\/2017\/04\/cadran-demonte5.jpg\"><img decoding=\"async\" loading=\"lazy\" class=\"alignnone size-thumbnail wp-image-3136\" src=\"http:\/\/bugatelier.eu\/wp-content\/uploads\/2017\/04\/cadran-demonte5-150x150.jpg\" alt=\"\" width=\"150\" height=\"150\" srcset=\"https:\/\/bugatelier.eu\/wp-content\/uploads\/2017\/04\/cadran-demonte5-150x150.jpg 150w, https:\/\/bugatelier.eu\/wp-content\/uploads\/2017\/04\/cadran-demonte5-125x125.jpg 125w\" sizes=\"(max-width: 150px) 100vw, 150px\" \/><\/a><\/p>\n<\/div>\n<div class='grid_2 alpha'>\n<p><a href=\"http:\/\/bugatelier.eu\/wp-content\/uploads\/2017\/04\/cadran-demonte4.jpg\"><img decoding=\"async\" loading=\"lazy\" class=\"alignnone size-thumbnail wp-image-3135\" src=\"http:\/\/bugatelier.eu\/wp-content\/uploads\/2017\/04\/cadran-demonte4-150x150.jpg\" alt=\"\" width=\"150\" height=\"150\" srcset=\"https:\/\/bugatelier.eu\/wp-content\/uploads\/2017\/04\/cadran-demonte4-150x150.jpg 150w, https:\/\/bugatelier.eu\/wp-content\/uploads\/2017\/04\/cadran-demonte4-125x125.jpg 125w\" sizes=\"(max-width: 150px) 100vw, 150px\" \/><\/a><\/p>\n<\/div>\n<div class='clear'><\/div>\n<div class='grid_2 alpha'>\n<p><a href=\"http:\/\/bugatelier.eu\/wp-content\/uploads\/2017\/04\/cadran-demonte3.jpg\"><img decoding=\"async\" loading=\"lazy\" class=\"alignnone size-thumbnail wp-image-3134\" src=\"http:\/\/bugatelier.eu\/wp-content\/uploads\/2017\/04\/cadran-demonte3-150x150.jpg\" alt=\"\" width=\"150\" height=\"150\" srcset=\"https:\/\/bugatelier.eu\/wp-content\/uploads\/2017\/04\/cadran-demonte3-150x150.jpg 150w, https:\/\/bugatelier.eu\/wp-content\/uploads\/2017\/04\/cadran-demonte3-125x125.jpg 125w\" sizes=\"(max-width: 150px) 100vw, 150px\" \/><\/a><\/p>\n<\/div>\n<div class='grid_2 alpha'>\n<p><a href=\"http:\/\/bugatelier.eu\/wp-content\/uploads\/2017\/04\/cadran-demonte2-e1491560030754.jpg\"><img decoding=\"async\" loading=\"lazy\" class=\"alignnone size-thumbnail wp-image-3133\" src=\"http:\/\/bugatelier.eu\/wp-content\/uploads\/2017\/04\/cadran-demonte2-e1491560030754-150x150.jpg\" alt=\"\" width=\"150\" height=\"150\" srcset=\"https:\/\/bugatelier.eu\/wp-content\/uploads\/2017\/04\/cadran-demonte2-e1491560030754-150x150.jpg 150w, https:\/\/bugatelier.eu\/wp-content\/uploads\/2017\/04\/cadran-demonte2-e1491560030754-125x125.jpg 125w\" sizes=\"(max-width: 150px) 100vw, 150px\" \/><\/a><\/p>\n<\/div>\n<div class='grid_2 alpha'>\n<p><a href=\"http:\/\/bugatelier.eu\/wp-content\/uploads\/2017\/04\/gros-plan-e1491557879756.jpg\"><img decoding=\"async\" loading=\"lazy\" class=\"alignnone wp-image-3142 size-thumbnail\" src=\"http:\/\/bugatelier.eu\/wp-content\/uploads\/2017\/04\/gros-plan-e1491557879756-150x150.jpg\" alt=\"\" width=\"150\" height=\"150\" srcset=\"https:\/\/bugatelier.eu\/wp-content\/uploads\/2017\/04\/gros-plan-e1491557879756-150x150.jpg 150w, https:\/\/bugatelier.eu\/wp-content\/uploads\/2017\/04\/gros-plan-e1491557879756-125x125.jpg 125w\" sizes=\"(max-width: 150px) 100vw, 150px\" \/><\/a><\/p>\n<\/div>\n<div class='grid_2 alpha'>\n<p><a href=\"http:\/\/bugatelier.eu\/wp-content\/uploads\/2017\/04\/piece_refaite.jpg\"><img decoding=\"async\" loading=\"lazy\" class=\"alignnone size-thumbnail wp-image-3143\" src=\"http:\/\/bugatelier.eu\/wp-content\/uploads\/2017\/04\/piece_refaite-150x150.jpg\" alt=\"\" width=\"150\" height=\"150\" srcset=\"https:\/\/bugatelier.eu\/wp-content\/uploads\/2017\/04\/piece_refaite-150x150.jpg 150w, https:\/\/bugatelier.eu\/wp-content\/uploads\/2017\/04\/piece_refaite-125x125.jpg 125w\" sizes=\"(max-width: 150px) 100vw, 150px\" \/><\/a><\/p>\n<\/div>\n<div class='grid_2 alpha'>\n<p><a href=\"http:\/\/bugatelier.eu\/wp-content\/uploads\/2017\/04\/piece_refaite2.jpg\"><img decoding=\"async\" loading=\"lazy\" class=\"alignnone size-thumbnail wp-image-3144\" src=\"http:\/\/bugatelier.eu\/wp-content\/uploads\/2017\/04\/piece_refaite2-150x150.jpg\" alt=\"\" width=\"150\" height=\"150\" srcset=\"https:\/\/bugatelier.eu\/wp-content\/uploads\/2017\/04\/piece_refaite2-150x150.jpg 150w, https:\/\/bugatelier.eu\/wp-content\/uploads\/2017\/04\/piece_refaite2-125x125.jpg 125w\" sizes=\"(max-width: 150px) 100vw, 150px\" \/><\/a><\/p>\n<\/div>\n<div class='clear'><\/div>\n<div class='grid_2 alpha'>\n<p><a href=\"http:\/\/bugatelier.eu\/wp-content\/uploads\/2017\/04\/amortisseur_chassis.jpg\"><img decoding=\"async\" loading=\"lazy\" class=\"alignnone size-thumbnail wp-image-3130\" src=\"http:\/\/bugatelier.eu\/wp-content\/uploads\/2017\/04\/amortisseur_chassis-150x150.jpg\" alt=\"\" width=\"150\" height=\"150\" srcset=\"https:\/\/bugatelier.eu\/wp-content\/uploads\/2017\/04\/amortisseur_chassis-150x150.jpg 150w, https:\/\/bugatelier.eu\/wp-content\/uploads\/2017\/04\/amortisseur_chassis-125x125.jpg 125w\" sizes=\"(max-width: 150px) 100vw, 150px\" \/><\/a><\/p>\n<\/div>\n<div class='grid_2 alpha'>\n<p><a href=\"http:\/\/bugatelier.eu\/wp-content\/uploads\/2017\/04\/remonte_tableau_bord-1.jpg\"><img decoding=\"async\" loading=\"lazy\" class=\"alignnone size-thumbnail wp-image-3145\" src=\"http:\/\/bugatelier.eu\/wp-content\/uploads\/2017\/04\/remonte_tableau_bord-1-150x150.jpg\" alt=\"\" width=\"150\" height=\"150\" srcset=\"https:\/\/bugatelier.eu\/wp-content\/uploads\/2017\/04\/remonte_tableau_bord-1-150x150.jpg 150w, https:\/\/bugatelier.eu\/wp-content\/uploads\/2017\/04\/remonte_tableau_bord-1-125x125.jpg 125w\" sizes=\"(max-width: 150px) 100vw, 150px\" \/><\/a><\/p>\n<\/div>\n<div class='grid_2 alpha'>\n<p>&nbsp;<\/p>\n<\/div>\n<div class='grid_2 alpha'>\n<p>&nbsp;<\/p>\n<\/div>\n<div class='grid_2 alpha'>\n<p>&nbsp;<\/p>\n<\/div>\n<div class='clear'><\/div>\n<div class='grid_2 alpha'>\n<p>&nbsp;<\/p>\n<\/div>\n<div class='grid_2 alpha'>\n<p>&nbsp;<\/p>\n<\/div>\n<div class='grid_2 alpha'>\n<p>&nbsp;<\/p>\n<\/div>\n<div class='grid_2 alpha'>\n<p>&nbsp;<\/p>\n<\/div>\n<div class='grid_2 alpha'>\n<p>&nbsp;<\/p>\n<\/div>\n<p style=\"text-align: left;\"><div class='clear'><\/div><\/p>\n<p style=\"text-align: left;\"><strong>Eine einstellbare D\u00e4mpfung im Jahr 1925!<\/strong><\/p>\n<p>Die M\u00f6glichkeit, die Federungsh\u00e4rte aus dem Cockpit einstellen zu k\u00f6nnen ist f\u00fcr Luxusautos reserviert, auch heute noch. Aber die Idee stammt jedoch nicht von gestern.<\/p>\n<p>Tats\u00e4chlich berichtet im Jahr 1910 Fran\u00e7ois REPUSSEAU, Gr\u00fcnder der Firma REPUSSSEAU &amp; CIE in Levallois Perret. Er brachte eine Lizenz f\u00fbr Reibungsd\u00e4mpfer von seiner Reise aus USA zur\u00fcck. Armand DUFAUX, den Erfinder des einstellbaren D\u00e4mpfers, meldete seine Patente in Frankreich und England (1922\/1923) an. Aus der Kombination der beiden Ingenieure entstand ein Regelsystem\u00a0 f\u00fcr Reibungsd\u00e4mpfer, der auf dem Armaturenbrett eingebaut wurde.<\/p>\n<p>Die Wiederherstellung dieses Mechanismus war nicht einfach. Wir hatten eine Anzahl von Teilen neu erbaut: Kabel-Fallen, Uhrzeiger,\u00a0 Rutschen, Kabelklammer. Die Zahnkr\u00e4nze, sehr abgenutzt, wurden in Zusammenarbeit mit der Hochschule von Haut Barr und den BTS Abschnitt der Mikromechanik wiederaufbereitet.<\/p>\n","protected":false},"excerpt":{"rendered":"<p>&nbsp; &nbsp; &nbsp; &nbsp; &nbsp; &nbsp; &nbsp; &nbsp; Eine einstellbare D\u00e4mpfung im Jahr 1925! Die M\u00f6glichkeit, die Federungsh\u00e4rte aus dem Cockpit einstellen zu k\u00f6nnen ist f\u00fcr Luxusautos reserviert, auch heute noch. Aber die Idee stammt jedoch nicht von gestern. Tats\u00e4chlich berichtet im Jahr 1910 Fran\u00e7ois REPUSSEAU, Gr\u00fcnder der Firma REPUSSSEAU &amp; CIE in Levallois Perret. [&hellip;]<\/p>\n","protected":false},"author":1,"featured_media":0,"parent":0,"menu_order":0,"comment_status":"closed","ping_status":"closed","template":"page-fullwidth.php","meta":[],"_links":{"self":[{"href":"https:\/\/bugatelier.eu\/index.php?rest_route=\/wp\/v2\/pages\/3285"}],"collection":[{"href":"https:\/\/bugatelier.eu\/index.php?rest_route=\/wp\/v2\/pages"}],"about":[{"href":"https:\/\/bugatelier.eu\/index.php?rest_route=\/wp\/v2\/types\/page"}],"author":[{"embeddable":true,"href":"https:\/\/bugatelier.eu\/index.php?rest_route=\/wp\/v2\/users\/1"}],"replies":[{"embeddable":true,"href":"https:\/\/bugatelier.eu\/index.php?rest_route=%2Fwp%2Fv2%2Fcomments&post=3285"}],"version-history":[{"count":4,"href":"https:\/\/bugatelier.eu\/index.php?rest_route=\/wp\/v2\/pages\/3285\/revisions"}],"predecessor-version":[{"id":4215,"href":"https:\/\/bugatelier.eu\/index.php?rest_route=\/wp\/v2\/pages\/3285\/revisions\/4215"}],"wp:attachment":[{"href":"https:\/\/bugatelier.eu\/index.php?rest_route=%2Fwp%2Fv2%2Fmedia&parent=3285"}],"curies":[{"name":"wp","href":"https:\/\/api.w.org\/{rel}","templated":true}]}}