{"id":3166,"date":"2017-04-07T12:50:29","date_gmt":"2017-04-07T12:50:29","guid":{"rendered":"http:\/\/bugatelier.eu\/?page_id=3166"},"modified":"2019-02-07T17:29:28","modified_gmt":"2019-02-07T17:29:28","slug":"bugatti-type-13-brescia","status":"publish","type":"page","link":"https:\/\/bugatelier.eu\/?page_id=3166","title":{"rendered":"Bugatti Typ 23 Brescia"},"content":{"rendered":"<div class='grid_4 alpha'>\n<p><strong>Ausgang der Werkstadt. <\/strong> Nachdem die Sorgen mit der Magneto gel\u00f6st waren, schlug der Eigent\u00fcmer vor das Auto selbst auf der Strasse zu proben ! Tats\u00e4chlich ist das Vergn\u00fcgen des Autofahrens alterslos.<\/p>\n<\/div>\n<div class='grid_8 alpha'>\n<div style=\"width: 640px;\" class=\"wp-video\"><!--[if lt IE 9]><script>document.createElement('video');<\/script><![endif]-->\n<video class=\"wp-video-shortcode\" id=\"video-3166-1\" width=\"640\" height=\"427\" preload=\"metadata\" controls=\"controls\"><source type=\"video\/mp4\" src=\"http:\/\/bugatelier.eu\/wp-content\/uploads\/2017\/04\/sortie-Brescia.mp4?_=1\" \/><a href=\"http:\/\/bugatelier.eu\/wp-content\/uploads\/2017\/04\/sortie-Brescia.mp4\">http:\/\/bugatelier.eu\/wp-content\/uploads\/2017\/04\/sortie-Brescia.mp4<\/a><\/video><\/div>\n<p>&nbsp;<\/p>\n<\/div>\n<div class='clear'><\/div>\n","protected":false},"excerpt":{"rendered":"<p>Ausgang der Werkstadt. Nachdem die Sorgen mit der Magneto gel\u00f6st waren, schlug der Eigent\u00fcmer vor das Auto selbst auf der Strasse zu proben ! Tats\u00e4chlich ist das Vergn\u00fcgen des Autofahrens alterslos. &nbsp;<\/p>\n","protected":false},"author":1,"featured_media":0,"parent":0,"menu_order":0,"comment_status":"closed","ping_status":"closed","template":"page-fullwidth.php","meta":[],"_links":{"self":[{"href":"https:\/\/bugatelier.eu\/index.php?rest_route=\/wp\/v2\/pages\/3166"}],"collection":[{"href":"https:\/\/bugatelier.eu\/index.php?rest_route=\/wp\/v2\/pages"}],"about":[{"href":"https:\/\/bugatelier.eu\/index.php?rest_route=\/wp\/v2\/types\/page"}],"author":[{"embeddable":true,"href":"https:\/\/bugatelier.eu\/index.php?rest_route=\/wp\/v2\/users\/1"}],"replies":[{"embeddable":true,"href":"https:\/\/bugatelier.eu\/index.php?rest_route=%2Fwp%2Fv2%2Fcomments&post=3166"}],"version-history":[{"count":3,"href":"https:\/\/bugatelier.eu\/index.php?rest_route=\/wp\/v2\/pages\/3166\/revisions"}],"predecessor-version":[{"id":4904,"href":"https:\/\/bugatelier.eu\/index.php?rest_route=\/wp\/v2\/pages\/3166\/revisions\/4904"}],"wp:attachment":[{"href":"https:\/\/bugatelier.eu\/index.php?rest_route=%2Fwp%2Fv2%2Fmedia&parent=3166"}],"curies":[{"name":"wp","href":"https:\/\/api.w.org\/{rel}","templated":true}]}}