{"id":2309,"date":"2016-01-11T14:51:37","date_gmt":"2016-01-11T14:51:37","guid":{"rendered":"http:\/\/bugatelier.eu\/?page_id=2309"},"modified":"2019-01-28T16:02:57","modified_gmt":"2019-01-28T16:02:57","slug":"bugatti-t57250","status":"publish","type":"page","link":"https:\/\/bugatelier.eu\/?page_id=2309","title":{"rendered":"Bugatti T57 #1"},"content":{"rendered":"<p><a href=\"http:\/\/bugatelier.eu\/wp-content\/uploads\/2016\/01\/Fontana-\u00e9pave.jpg\"><img decoding=\"async\" loading=\"lazy\" class=\"aligncenter wp-image-2320 size-full\" src=\"http:\/\/bugatelier.eu\/wp-content\/uploads\/2016\/01\/Fontana-\u00e9pave.jpg\" alt=\"Fontana \u00e9pave\" width=\"407\" height=\"284\" srcset=\"https:\/\/bugatelier.eu\/wp-content\/uploads\/2016\/01\/Fontana-\u00e9pave.jpg 407w, https:\/\/bugatelier.eu\/wp-content\/uploads\/2016\/01\/Fontana-\u00e9pave-300x209.jpg 300w\" sizes=\"(max-width: 407px) 100vw, 407px\" \/><\/a><\/p>\n<p>La voiture &#8221; ex Dovaz &#8221; au d\u00e9but des ann\u00e9es 60&#8230;.<\/p>\n<div class='grid_2 alpha'>\n<p><a href=\"http:\/\/bugatelier.eu\/wp-content\/uploads\/2016\/01\/fontana0.jpg\"><img decoding=\"async\" loading=\"lazy\" class=\"alignnone wp-image-2321 size-thumbnail\" src=\"http:\/\/bugatelier.eu\/wp-content\/uploads\/2016\/01\/fontana0-150x150.jpg\" alt=\"fontana0\" width=\"150\" height=\"150\" srcset=\"https:\/\/bugatelier.eu\/wp-content\/uploads\/2016\/01\/fontana0-150x150.jpg 150w, https:\/\/bugatelier.eu\/wp-content\/uploads\/2016\/01\/fontana0-125x125.jpg 125w\" sizes=\"(max-width: 150px) 100vw, 150px\" \/><\/a><\/p>\n<\/div>\n<div class='grid_2'>\n<p><a href=\"http:\/\/bugatelier.eu\/wp-content\/uploads\/2016\/01\/roue.jpg\"><img decoding=\"async\" loading=\"lazy\" class=\"alignnone wp-image-2311 size-thumbnail\" src=\"http:\/\/bugatelier.eu\/wp-content\/uploads\/2016\/01\/roue-150x150.jpg\" alt=\"roue\" width=\"150\" height=\"150\" srcset=\"https:\/\/bugatelier.eu\/wp-content\/uploads\/2016\/01\/roue-150x150.jpg 150w, https:\/\/bugatelier.eu\/wp-content\/uploads\/2016\/01\/roue-125x125.jpg 125w\" sizes=\"(max-width: 150px) 100vw, 150px\" \/><\/a><\/p>\n<\/div>\n<div class='grid_2'>\n<p><a href=\"http:\/\/bugatelier.eu\/wp-content\/uploads\/2016\/01\/roue2.jpg\"><img decoding=\"async\" loading=\"lazy\" class=\"alignnone wp-image-2337 size-thumbnail\" src=\"http:\/\/bugatelier.eu\/wp-content\/uploads\/2016\/01\/roue2-150x150.jpg\" alt=\"roue2\" width=\"150\" height=\"150\" srcset=\"https:\/\/bugatelier.eu\/wp-content\/uploads\/2016\/01\/roue2-150x150.jpg 150w, https:\/\/bugatelier.eu\/wp-content\/uploads\/2016\/01\/roue2-125x125.jpg 125w\" sizes=\"(max-width: 150px) 100vw, 150px\" \/><\/a><\/p>\n<\/div>\n<div class='grid_2'>\n<p><a href=\"http:\/\/bugatelier.eu\/wp-content\/uploads\/2016\/01\/fontana2.jpg\"><img decoding=\"async\" loading=\"lazy\" class=\"alignnone wp-image-2342 size-thumbnail\" src=\"http:\/\/bugatelier.eu\/wp-content\/uploads\/2016\/01\/fontana2-150x150.jpg\" alt=\"fontana2\" width=\"150\" height=\"150\" srcset=\"https:\/\/bugatelier.eu\/wp-content\/uploads\/2016\/01\/fontana2-150x150.jpg 150w, https:\/\/bugatelier.eu\/wp-content\/uploads\/2016\/01\/fontana2-125x125.jpg 125w\" sizes=\"(max-width: 150px) 100vw, 150px\" \/><\/a><\/p>\n<\/div>\n<div class='grid_2 omega'>\n<p><a href=\"http:\/\/bugatelier.eu\/wp-content\/uploads\/2016\/01\/boite-cam91.jpg\"><img decoding=\"async\" loading=\"lazy\" class=\"alignnone wp-image-2343 size-thumbnail\" src=\"http:\/\/bugatelier.eu\/wp-content\/uploads\/2016\/01\/boite-cam91-150x150.jpg\" alt=\"boite cam9\" width=\"150\" height=\"150\" srcset=\"https:\/\/bugatelier.eu\/wp-content\/uploads\/2016\/01\/boite-cam91-150x150.jpg 150w, https:\/\/bugatelier.eu\/wp-content\/uploads\/2016\/01\/boite-cam91-125x125.jpg 125w\" sizes=\"(max-width: 150px) 100vw, 150px\" \/><\/a><\/p>\n<\/div>\n<div class='clear'><\/div>\n<div class='grid_2 alpha'>\n<p><a href=\"http:\/\/bugatelier.eu\/wp-content\/uploads\/2016\/01\/boite-cam3.jpg\"><img decoding=\"async\" loading=\"lazy\" class=\"alignnone wp-image-2346 size-thumbnail\" src=\"http:\/\/bugatelier.eu\/wp-content\/uploads\/2016\/01\/boite-cam3-150x150.jpg\" alt=\"boite cam3\" width=\"150\" height=\"150\" srcset=\"https:\/\/bugatelier.eu\/wp-content\/uploads\/2016\/01\/boite-cam3-150x150.jpg 150w, https:\/\/bugatelier.eu\/wp-content\/uploads\/2016\/01\/boite-cam3-125x125.jpg 125w\" sizes=\"(max-width: 150px) 100vw, 150px\" \/><\/a><\/p>\n<\/div>\n<div class='grid_2'>\n<p><a href=\"http:\/\/bugatelier.eu\/wp-content\/uploads\/2016\/01\/boite-cam4.jpg\"><img decoding=\"async\" loading=\"lazy\" class=\"alignnone wp-image-2312 size-thumbnail\" src=\"http:\/\/bugatelier.eu\/wp-content\/uploads\/2016\/01\/boite-cam4-150x150.jpg\" alt=\"boite cam4\" width=\"150\" height=\"150\" srcset=\"https:\/\/bugatelier.eu\/wp-content\/uploads\/2016\/01\/boite-cam4-150x150.jpg 150w, https:\/\/bugatelier.eu\/wp-content\/uploads\/2016\/01\/boite-cam4-125x125.jpg 125w\" sizes=\"(max-width: 150px) 100vw, 150px\" \/><\/a><\/p>\n<\/div>\n<div class='grid_2'>\n<p><a href=\"http:\/\/bugatelier.eu\/wp-content\/uploads\/2016\/01\/boite-cam2.jpg\"><img decoding=\"async\" loading=\"lazy\" class=\"alignnone wp-image-2338 size-thumbnail\" src=\"http:\/\/bugatelier.eu\/wp-content\/uploads\/2016\/01\/boite-cam2-150x150.jpg\" alt=\"boite cam2\" width=\"150\" height=\"150\" srcset=\"https:\/\/bugatelier.eu\/wp-content\/uploads\/2016\/01\/boite-cam2-150x150.jpg 150w, https:\/\/bugatelier.eu\/wp-content\/uploads\/2016\/01\/boite-cam2-125x125.jpg 125w\" sizes=\"(max-width: 150px) 100vw, 150px\" \/><\/a><\/p>\n<\/div>\n<div class='grid_2'>\n<p><a href=\"http:\/\/bugatelier.eu\/wp-content\/uploads\/2016\/01\/boite-cam1.jpg\"><img decoding=\"async\" loading=\"lazy\" class=\"alignnone wp-image-2313 size-thumbnail\" src=\"http:\/\/bugatelier.eu\/wp-content\/uploads\/2016\/01\/boite-cam1-150x150.jpg\" alt=\"boite cam1\" width=\"150\" height=\"150\" srcset=\"https:\/\/bugatelier.eu\/wp-content\/uploads\/2016\/01\/boite-cam1-150x150.jpg 150w, https:\/\/bugatelier.eu\/wp-content\/uploads\/2016\/01\/boite-cam1-125x125.jpg 125w\" sizes=\"(max-width: 150px) 100vw, 150px\" \/><\/a><\/p>\n<\/div>\n<div class='grid_2 omega'>\n<p><a href=\"http:\/\/bugatelier.eu\/wp-content\/uploads\/2016\/01\/carbu2.jpg\"><img decoding=\"async\" loading=\"lazy\" class=\"alignnone wp-image-2319 size-thumbnail\" src=\"http:\/\/bugatelier.eu\/wp-content\/uploads\/2016\/01\/carbu2-150x150.jpg\" alt=\"carbu2\" width=\"150\" height=\"150\" srcset=\"https:\/\/bugatelier.eu\/wp-content\/uploads\/2016\/01\/carbu2-150x150.jpg 150w, https:\/\/bugatelier.eu\/wp-content\/uploads\/2016\/01\/carbu2-125x125.jpg 125w\" sizes=\"(max-width: 150px) 100vw, 150px\" \/><\/a><\/p>\n<\/div>\n<div class='clear'><\/div>\n<div class='grid_2 alpha'>\n<p><a href=\"http:\/\/bugatelier.eu\/wp-content\/uploads\/2016\/01\/carbu1.jpg\"><img decoding=\"async\" loading=\"lazy\" class=\"alignnone wp-image-2318 size-thumbnail\" src=\"http:\/\/bugatelier.eu\/wp-content\/uploads\/2016\/01\/carbu1-150x150.jpg\" alt=\"carbu1\" width=\"150\" height=\"150\" srcset=\"https:\/\/bugatelier.eu\/wp-content\/uploads\/2016\/01\/carbu1-150x150.jpg 150w, https:\/\/bugatelier.eu\/wp-content\/uploads\/2016\/01\/carbu1-125x125.jpg 125w\" sizes=\"(max-width: 150px) 100vw, 150px\" \/><\/a><\/p>\n<\/div>\n<div class='grid_2'>\n<p><a href=\"http:\/\/bugatelier.eu\/wp-content\/uploads\/2016\/01\/fontana3.jpg\"><img decoding=\"async\" loading=\"lazy\" class=\"alignnone wp-image-2322 size-thumbnail\" src=\"http:\/\/bugatelier.eu\/wp-content\/uploads\/2016\/01\/fontana3-150x150.jpg\" alt=\"fontana3\" width=\"150\" height=\"150\" srcset=\"https:\/\/bugatelier.eu\/wp-content\/uploads\/2016\/01\/fontana3-150x150.jpg 150w, https:\/\/bugatelier.eu\/wp-content\/uploads\/2016\/01\/fontana3-125x125.jpg 125w\" sizes=\"(max-width: 150px) 100vw, 150px\" \/><\/a><\/p>\n<\/div>\n<div class='grid_2'>\n<p><a href=\"http:\/\/bugatelier.eu\/wp-content\/uploads\/2016\/01\/fontana8.jpg\"><img decoding=\"async\" loading=\"lazy\" class=\"alignnone wp-image-2323 size-thumbnail\" src=\"http:\/\/bugatelier.eu\/wp-content\/uploads\/2016\/01\/fontana8-150x150.jpg\" alt=\"fontana8\" width=\"150\" height=\"150\" srcset=\"https:\/\/bugatelier.eu\/wp-content\/uploads\/2016\/01\/fontana8-150x150.jpg 150w, https:\/\/bugatelier.eu\/wp-content\/uploads\/2016\/01\/fontana8-125x125.jpg 125w\" sizes=\"(max-width: 150px) 100vw, 150px\" \/><\/a><\/p>\n<\/div>\n<div class='grid_2'>\n<p><a href=\"http:\/\/bugatelier.eu\/wp-content\/uploads\/2016\/01\/fontana20.jpg\"><img decoding=\"async\" loading=\"lazy\" class=\"alignnone wp-image-2331 size-thumbnail\" src=\"http:\/\/bugatelier.eu\/wp-content\/uploads\/2016\/01\/fontana20-150x150.jpg\" alt=\"fontana20\" width=\"150\" height=\"150\" srcset=\"https:\/\/bugatelier.eu\/wp-content\/uploads\/2016\/01\/fontana20-150x150.jpg 150w, https:\/\/bugatelier.eu\/wp-content\/uploads\/2016\/01\/fontana20-125x125.jpg 125w\" sizes=\"(max-width: 150px) 100vw, 150px\" \/><\/a><\/p>\n<\/div>\n<div class='grid_2 omega'>\n<p><a href=\"http:\/\/bugatelier.eu\/wp-content\/uploads\/2016\/01\/coup\u00e9-Fontana-sortie-atelier.jpg\"><img decoding=\"async\" loading=\"lazy\" class=\"alignnone wp-image-2348 size-thumbnail\" src=\"http:\/\/bugatelier.eu\/wp-content\/uploads\/2016\/01\/coup\u00e9-Fontana-sortie-atelier-150x150.jpg\" alt=\"coup\u00e9 Fontana sortie atelier\" width=\"150\" height=\"150\" srcset=\"https:\/\/bugatelier.eu\/wp-content\/uploads\/2016\/01\/coup\u00e9-Fontana-sortie-atelier-150x150.jpg 150w, https:\/\/bugatelier.eu\/wp-content\/uploads\/2016\/01\/coup\u00e9-Fontana-sortie-atelier-125x125.jpg 125w\" sizes=\"(max-width: 150px) 100vw, 150px\" \/><\/a><\/p>\n<\/div>\n<div class='clear'><\/div>\n<p style=\"text-align: left;\"><strong>Arriv\u00e9e d&#8217;une&nbsp; belle !<\/strong><\/p>\n<p>Non, le cabriolet Fontana n&#8217;est pas&nbsp; entr\u00e9 chez Bugatelier \u00e0 l&#8217;\u00e9tat d&#8217;\u00e9pave, mais juste pour se refaire une petite beaut\u00e9 avant un concours d&#8217;\u00e9l\u00e9gance.<\/p>\n<p>Joliment restaur\u00e9e , il lui manquait cependant&nbsp; les&nbsp; flaques sur les roues . Le propri\u00e9taire souhaitait lui redonner&nbsp; son look d&#8217;origine.&nbsp; La belle&nbsp; 57250 porte maintenant de beaux flasques noirs qui lui si\u00e9ent parfaitement.<\/p>\n<p>Profitant de cette toilette, elle a subi une r\u00e9vision&nbsp; approfondie avec, entre autres, un r\u00e9glage du jeu de soupapes qui s&#8217;imposait !<\/p>\n<p>Un 8 cylindres en lignes qui tourne bien, cela se voit et s&#8217;entend ! Les&nbsp; Rolls Royce&nbsp; sont r\u00e9put\u00e9es pour avoir un fonctionnement particuli\u00e8rement doux . La l\u00e9gende dit qu&#8217; une pi\u00e8ce d&#8217;une livre pos\u00e9e sur un moteur tournant tient&nbsp; sur la tranche&#8230;<\/p>\n<p>Pour un moteur de 57 bien r\u00e9gl\u00e9, \u00e7a marche aussi !<\/p>\n<p>&nbsp;<\/p>\n","protected":false},"excerpt":{"rendered":"<p>La voiture &#8221; ex Dovaz &#8221; au d\u00e9but des ann\u00e9es 60&#8230;. Arriv\u00e9e d&#8217;une&nbsp; belle ! Non, le cabriolet Fontana n&#8217;est pas&nbsp; entr\u00e9 chez Bugatelier \u00e0 l&#8217;\u00e9tat d&#8217;\u00e9pave, mais juste pour se refaire une petite beaut\u00e9 avant un concours d&#8217;\u00e9l\u00e9gance. Joliment restaur\u00e9e , il lui manquait cependant&nbsp; les&nbsp; flaques sur les roues . Le propri\u00e9taire souhaitait [&hellip;]<\/p>\n","protected":false},"author":1,"featured_media":0,"parent":0,"menu_order":0,"comment_status":"closed","ping_status":"closed","template":"page-fullwidth.php","meta":[],"_links":{"self":[{"href":"https:\/\/bugatelier.eu\/index.php?rest_route=\/wp\/v2\/pages\/2309"}],"collection":[{"href":"https:\/\/bugatelier.eu\/index.php?rest_route=\/wp\/v2\/pages"}],"about":[{"href":"https:\/\/bugatelier.eu\/index.php?rest_route=\/wp\/v2\/types\/page"}],"author":[{"embeddable":true,"href":"https:\/\/bugatelier.eu\/index.php?rest_route=\/wp\/v2\/users\/1"}],"replies":[{"embeddable":true,"href":"https:\/\/bugatelier.eu\/index.php?rest_route=%2Fwp%2Fv2%2Fcomments&post=2309"}],"version-history":[{"count":13,"href":"https:\/\/bugatelier.eu\/index.php?rest_route=\/wp\/v2\/pages\/2309\/revisions"}],"predecessor-version":[{"id":4360,"href":"https:\/\/bugatelier.eu\/index.php?rest_route=\/wp\/v2\/pages\/2309\/revisions\/4360"}],"wp:attachment":[{"href":"https:\/\/bugatelier.eu\/index.php?rest_route=%2Fwp%2Fv2%2Fmedia&parent=2309"}],"curies":[{"name":"wp","href":"https:\/\/api.w.org\/{rel}","templated":true}]}}