{"id":2145,"date":"2015-12-16T23:00:07","date_gmt":"2015-12-16T23:00:07","guid":{"rendered":"http:\/\/bugatelier.eu\/?page_id=2145"},"modified":"2020-11-09T10:35:08","modified_gmt":"2020-11-09T10:35:08","slug":"projet-bugatti-t51","status":"publish","type":"page","link":"https:\/\/bugatelier.eu\/?page_id=2145","title":{"rendered":"Bugatti T51"},"content":{"rendered":"<div class='grid_2 alpha'>\n<p><a href=\"http:\/\/bugatelier.eu\/wp-content\/uploads\/2015\/12\/T51R-2.jpg\"><img decoding=\"async\" loading=\"lazy\" class=\"alignnone size-thumbnail wp-image-2147\" src=\"http:\/\/bugatelier.eu\/wp-content\/uploads\/2015\/12\/T51R-2-150x150.jpg\" alt=\"T51R-2\" width=\"150\" height=\"150\" srcset=\"https:\/\/bugatelier.eu\/wp-content\/uploads\/2015\/12\/T51R-2-150x150.jpg 150w, https:\/\/bugatelier.eu\/wp-content\/uploads\/2015\/12\/T51R-2-125x125.jpg 125w\" sizes=\"(max-width: 150px) 100vw, 150px\" \/><\/a><\/p>\n<\/div>\n<div class='grid_2 alpha'>\n<p><a href=\"http:\/\/bugatelier.eu\/wp-content\/uploads\/2015\/12\/T51R-1.jpg\"><img decoding=\"async\" loading=\"lazy\" class=\"alignnone size-thumbnail wp-image-2146\" src=\"http:\/\/bugatelier.eu\/wp-content\/uploads\/2015\/12\/T51R-1-150x150.jpg\" alt=\"T51R-1\" width=\"150\" height=\"150\" srcset=\"https:\/\/bugatelier.eu\/wp-content\/uploads\/2015\/12\/T51R-1-150x150.jpg 150w, https:\/\/bugatelier.eu\/wp-content\/uploads\/2015\/12\/T51R-1-125x125.jpg 125w\" sizes=\"(max-width: 150px) 100vw, 150px\" \/><\/a><\/p>\n<\/div>\n<div class='grid_2 alpha'>\n<p><a href=\"http:\/\/bugatelier.eu\/wp-content\/uploads\/2015\/12\/T51R-3.jpg\"><img decoding=\"async\" loading=\"lazy\" class=\"alignnone size-thumbnail wp-image-2148\" src=\"http:\/\/bugatelier.eu\/wp-content\/uploads\/2015\/12\/T51R-3-150x150.jpg\" alt=\"T51R-3\" width=\"150\" height=\"150\" srcset=\"https:\/\/bugatelier.eu\/wp-content\/uploads\/2015\/12\/T51R-3-150x150.jpg 150w, https:\/\/bugatelier.eu\/wp-content\/uploads\/2015\/12\/T51R-3-125x125.jpg 125w\" sizes=\"(max-width: 150px) 100vw, 150px\" \/><\/a><\/p>\n<\/div>\n<div class='grid_2 alpha'>\n<p><a href=\"http:\/\/bugatelier.eu\/wp-content\/uploads\/2015\/12\/T51R-6.jpg\"><img decoding=\"async\" loading=\"lazy\" class=\"alignnone size-thumbnail wp-image-2150\" src=\"http:\/\/bugatelier.eu\/wp-content\/uploads\/2015\/12\/T51R-6-150x150.jpg\" alt=\"T51R-6\" width=\"150\" height=\"150\" srcset=\"https:\/\/bugatelier.eu\/wp-content\/uploads\/2015\/12\/T51R-6-150x150.jpg 150w, https:\/\/bugatelier.eu\/wp-content\/uploads\/2015\/12\/T51R-6-125x125.jpg 125w\" sizes=\"(max-width: 150px) 100vw, 150px\" \/><\/a><\/p>\n<\/div>\n<div class='grid_2 alpha'>\n<p><a href=\"http:\/\/bugatelier.eu\/wp-content\/uploads\/2015\/12\/T51R-10.jpg\"><img decoding=\"async\" loading=\"lazy\" class=\"alignnone size-thumbnail wp-image-2154\" src=\"http:\/\/bugatelier.eu\/wp-content\/uploads\/2015\/12\/T51R-10-150x150.jpg\" alt=\"T51R-10\" width=\"150\" height=\"150\" srcset=\"https:\/\/bugatelier.eu\/wp-content\/uploads\/2015\/12\/T51R-10-150x150.jpg 150w, https:\/\/bugatelier.eu\/wp-content\/uploads\/2015\/12\/T51R-10-125x125.jpg 125w\" sizes=\"(max-width: 150px) 100vw, 150px\" \/><\/a><\/p>\n<\/div>\n<div class='clear'><\/div>\n<div class='grid_2 alpha'>\n<p><a href=\"http:\/\/bugatelier.eu\/wp-content\/uploads\/2015\/12\/T51R-11.jpg\"><img decoding=\"async\" loading=\"lazy\" class=\"alignnone size-thumbnail wp-image-2156\" src=\"http:\/\/bugatelier.eu\/wp-content\/uploads\/2015\/12\/T51R-11-150x150.jpg\" alt=\"T51R-11\" width=\"150\" height=\"150\" srcset=\"https:\/\/bugatelier.eu\/wp-content\/uploads\/2015\/12\/T51R-11-150x150.jpg 150w, https:\/\/bugatelier.eu\/wp-content\/uploads\/2015\/12\/T51R-11-125x125.jpg 125w\" sizes=\"(max-width: 150px) 100vw, 150px\" \/><\/a><\/p>\n<\/div>\n<div class='grid_2 alpha'>\n<p><a href=\"http:\/\/bugatelier.eu\/wp-content\/uploads\/2015\/12\/T51R-12.jpg\"><img decoding=\"async\" loading=\"lazy\" class=\"alignnone size-thumbnail wp-image-2157\" src=\"http:\/\/bugatelier.eu\/wp-content\/uploads\/2015\/12\/T51R-12-150x150.jpg\" alt=\"T51R-12\" width=\"150\" height=\"150\" srcset=\"https:\/\/bugatelier.eu\/wp-content\/uploads\/2015\/12\/T51R-12-150x150.jpg 150w, https:\/\/bugatelier.eu\/wp-content\/uploads\/2015\/12\/T51R-12-125x125.jpg 125w\" sizes=\"(max-width: 150px) 100vw, 150px\" \/><\/a><\/p>\n<\/div>\n<div class='grid_2 alpha'>\n<p><a href=\"http:\/\/bugatelier.eu\/wp-content\/uploads\/2015\/12\/T51R-14.jpg\"><img decoding=\"async\" loading=\"lazy\" class=\"alignnone size-thumbnail wp-image-2158\" src=\"http:\/\/bugatelier.eu\/wp-content\/uploads\/2015\/12\/T51R-14-150x150.jpg\" alt=\"T51R-14\" width=\"150\" height=\"150\" srcset=\"https:\/\/bugatelier.eu\/wp-content\/uploads\/2015\/12\/T51R-14-150x150.jpg 150w, https:\/\/bugatelier.eu\/wp-content\/uploads\/2015\/12\/T51R-14-125x125.jpg 125w\" sizes=\"(max-width: 150px) 100vw, 150px\" \/><\/a><\/p>\n<\/div>\n<div class='grid_2 alpha'>\n<p><a href=\"http:\/\/bugatelier.eu\/wp-content\/uploads\/2015\/12\/T51R-15.jpg\"><img decoding=\"async\" loading=\"lazy\" class=\"alignnone size-thumbnail wp-image-2159\" src=\"http:\/\/bugatelier.eu\/wp-content\/uploads\/2015\/12\/T51R-15-150x150.jpg\" alt=\"T51R-15\" width=\"150\" height=\"150\" srcset=\"https:\/\/bugatelier.eu\/wp-content\/uploads\/2015\/12\/T51R-15-150x150.jpg 150w, https:\/\/bugatelier.eu\/wp-content\/uploads\/2015\/12\/T51R-15-125x125.jpg 125w\" sizes=\"(max-width: 150px) 100vw, 150px\" \/><\/a><\/p>\n<\/div>\n<div class='grid_2 alpha'>\n<p><a href=\"http:\/\/bugatelier.eu\/wp-content\/uploads\/2015\/12\/T51R-16.jpg\"><img decoding=\"async\" loading=\"lazy\" class=\"alignnone size-thumbnail wp-image-2160\" src=\"http:\/\/bugatelier.eu\/wp-content\/uploads\/2015\/12\/T51R-16-150x150.jpg\" alt=\"T51R-16\" width=\"150\" height=\"150\" srcset=\"https:\/\/bugatelier.eu\/wp-content\/uploads\/2015\/12\/T51R-16-150x150.jpg 150w, https:\/\/bugatelier.eu\/wp-content\/uploads\/2015\/12\/T51R-16-125x125.jpg 125w\" sizes=\"(max-width: 150px) 100vw, 150px\" \/><\/a><\/p>\n<\/div>\n<div class='clear'><\/div>\n<div class='grid_2 alpha'>\n<p><a href=\"http:\/\/bugatelier.eu\/wp-content\/uploads\/2015\/12\/T51R-17.jpg\"><img decoding=\"async\" loading=\"lazy\" class=\"alignnone size-thumbnail wp-image-2161\" src=\"http:\/\/bugatelier.eu\/wp-content\/uploads\/2015\/12\/T51R-17-150x150.jpg\" alt=\"T51R-17\" width=\"150\" height=\"150\" srcset=\"https:\/\/bugatelier.eu\/wp-content\/uploads\/2015\/12\/T51R-17-150x150.jpg 150w, https:\/\/bugatelier.eu\/wp-content\/uploads\/2015\/12\/T51R-17-300x300.jpg 300w, https:\/\/bugatelier.eu\/wp-content\/uploads\/2015\/12\/T51R-17-125x125.jpg 125w, https:\/\/bugatelier.eu\/wp-content\/uploads\/2015\/12\/T51R-17-642x642.jpg 642w, https:\/\/bugatelier.eu\/wp-content\/uploads\/2015\/12\/T51R-17-978x978.jpg 978w, https:\/\/bugatelier.eu\/wp-content\/uploads\/2015\/12\/T51R-17.jpg 1024w\" sizes=\"(max-width: 150px) 100vw, 150px\" \/><\/a><\/p>\n<\/div>\n<div class='grid_2 alpha'>\n<p><a href=\"http:\/\/bugatelier.eu\/wp-content\/uploads\/2015\/12\/T51R-17Bjpg.jpg\"><img decoding=\"async\" loading=\"lazy\" class=\"alignnone size-thumbnail wp-image-2163\" src=\"http:\/\/bugatelier.eu\/wp-content\/uploads\/2015\/12\/T51R-17Bjpg-150x150.jpg\" alt=\"T51R-17Bjpg\" width=\"150\" height=\"150\" srcset=\"https:\/\/bugatelier.eu\/wp-content\/uploads\/2015\/12\/T51R-17Bjpg-150x150.jpg 150w, https:\/\/bugatelier.eu\/wp-content\/uploads\/2015\/12\/T51R-17Bjpg-125x125.jpg 125w\" sizes=\"(max-width: 150px) 100vw, 150px\" \/><\/a><\/p>\n<\/div>\n<div class='grid_2 alpha'>\n<p><a href=\"http:\/\/bugatelier.eu\/wp-content\/uploads\/2015\/12\/T51R-17C.jpg\"><img decoding=\"async\" loading=\"lazy\" class=\"alignnone size-thumbnail wp-image-2164\" src=\"http:\/\/bugatelier.eu\/wp-content\/uploads\/2015\/12\/T51R-17C-150x150.jpg\" alt=\"T51R-17C\" width=\"150\" height=\"150\" srcset=\"https:\/\/bugatelier.eu\/wp-content\/uploads\/2015\/12\/T51R-17C-150x150.jpg 150w, https:\/\/bugatelier.eu\/wp-content\/uploads\/2015\/12\/T51R-17C-300x300.jpg 300w, https:\/\/bugatelier.eu\/wp-content\/uploads\/2015\/12\/T51R-17C-125x125.jpg 125w, https:\/\/bugatelier.eu\/wp-content\/uploads\/2015\/12\/T51R-17C-642x642.jpg 642w, https:\/\/bugatelier.eu\/wp-content\/uploads\/2015\/12\/T51R-17C.jpg 768w\" sizes=\"(max-width: 150px) 100vw, 150px\" \/><\/a><\/p>\n<\/div>\n<div class='grid_2 alpha'>\n<p><a href=\"http:\/\/bugatelier.eu\/wp-content\/uploads\/2015\/12\/T51R-18.jpg\"><img decoding=\"async\" loading=\"lazy\" class=\"alignnone size-thumbnail wp-image-2165\" src=\"http:\/\/bugatelier.eu\/wp-content\/uploads\/2015\/12\/T51R-18-150x150.jpg\" alt=\"T51R-18\" width=\"150\" height=\"150\" srcset=\"https:\/\/bugatelier.eu\/wp-content\/uploads\/2015\/12\/T51R-18-150x150.jpg 150w, https:\/\/bugatelier.eu\/wp-content\/uploads\/2015\/12\/T51R-18-300x300.jpg 300w, https:\/\/bugatelier.eu\/wp-content\/uploads\/2015\/12\/T51R-18-125x125.jpg 125w, https:\/\/bugatelier.eu\/wp-content\/uploads\/2015\/12\/T51R-18-642x642.jpg 642w, https:\/\/bugatelier.eu\/wp-content\/uploads\/2015\/12\/T51R-18.jpg 768w\" sizes=\"(max-width: 150px) 100vw, 150px\" \/><\/a><\/p>\n<\/div>\n<div class='grid_2 alpha'>\n<p><a href=\"http:\/\/bugatelier.eu\/wp-content\/uploads\/2015\/12\/T51R-19.jpg\"><img decoding=\"async\" loading=\"lazy\" class=\"alignnone size-thumbnail wp-image-2166\" src=\"http:\/\/bugatelier.eu\/wp-content\/uploads\/2015\/12\/T51R-19-150x150.jpg\" alt=\"T51R-19\" width=\"150\" height=\"150\" srcset=\"https:\/\/bugatelier.eu\/wp-content\/uploads\/2015\/12\/T51R-19-150x150.jpg 150w, https:\/\/bugatelier.eu\/wp-content\/uploads\/2015\/12\/T51R-19-125x125.jpg 125w\" sizes=\"(max-width: 150px) 100vw, 150px\" \/><\/a><\/p>\n<\/div>\n<div class='clear'><\/div>\n<div class='grid_2 alpha'>\n<p><a href=\"http:\/\/bugatelier.eu\/wp-content\/uploads\/2015\/12\/T51R-20.jpg\"><img decoding=\"async\" loading=\"lazy\" class=\"alignnone size-thumbnail wp-image-2167\" src=\"http:\/\/bugatelier.eu\/wp-content\/uploads\/2015\/12\/T51R-20-150x150.jpg\" alt=\"T51R-20\" width=\"150\" height=\"150\" srcset=\"https:\/\/bugatelier.eu\/wp-content\/uploads\/2015\/12\/T51R-20-150x150.jpg 150w, https:\/\/bugatelier.eu\/wp-content\/uploads\/2015\/12\/T51R-20-125x125.jpg 125w\" sizes=\"(max-width: 150px) 100vw, 150px\" \/><\/a><\/p>\n<\/div>\n<div class='grid_2 alpha'>\n<p><a href=\"http:\/\/bugatelier.eu\/wp-content\/uploads\/2015\/12\/T51R-30.jpg\"><img decoding=\"async\" loading=\"lazy\" class=\"alignnone size-thumbnail wp-image-2169\" src=\"http:\/\/bugatelier.eu\/wp-content\/uploads\/2015\/12\/T51R-30-150x150.jpg\" alt=\"T51R-30\" width=\"150\" height=\"150\" srcset=\"https:\/\/bugatelier.eu\/wp-content\/uploads\/2015\/12\/T51R-30-150x150.jpg 150w, https:\/\/bugatelier.eu\/wp-content\/uploads\/2015\/12\/T51R-30-125x125.jpg 125w\" sizes=\"(max-width: 150px) 100vw, 150px\" \/><\/a><\/p>\n<\/div>\n<div class='grid_2 alpha'>\n<p><a href=\"http:\/\/bugatelier.eu\/wp-content\/uploads\/2015\/12\/T51R-31.jpg\"><img decoding=\"async\" loading=\"lazy\" class=\"alignnone size-thumbnail wp-image-2173\" src=\"http:\/\/bugatelier.eu\/wp-content\/uploads\/2015\/12\/T51R-31-150x150.jpg\" alt=\"T51R-31\" width=\"150\" height=\"150\" srcset=\"https:\/\/bugatelier.eu\/wp-content\/uploads\/2015\/12\/T51R-31-150x150.jpg 150w, https:\/\/bugatelier.eu\/wp-content\/uploads\/2015\/12\/T51R-31-125x125.jpg 125w\" sizes=\"(max-width: 150px) 100vw, 150px\" \/><\/a><\/p>\n<\/div>\n<div class='grid_2 alpha'>\n<p><a href=\"http:\/\/bugatelier.eu\/wp-content\/uploads\/2015\/12\/T51R-40.jpg\"><img decoding=\"async\" loading=\"lazy\" class=\"alignnone size-thumbnail wp-image-2170\" src=\"http:\/\/bugatelier.eu\/wp-content\/uploads\/2015\/12\/T51R-40-150x150.jpg\" alt=\"T51R-40\" width=\"150\" height=\"150\" srcset=\"https:\/\/bugatelier.eu\/wp-content\/uploads\/2015\/12\/T51R-40-150x150.jpg 150w, https:\/\/bugatelier.eu\/wp-content\/uploads\/2015\/12\/T51R-40-125x125.jpg 125w\" sizes=\"(max-width: 150px) 100vw, 150px\" \/><\/a><\/p>\n<\/div>\n<div class='grid_2 alpha'>\n<p><a href=\"http:\/\/bugatelier.eu\/wp-content\/uploads\/2015\/12\/T51R-41.jpg\"><img decoding=\"async\" loading=\"lazy\" class=\"alignnone size-thumbnail wp-image-2171\" src=\"http:\/\/bugatelier.eu\/wp-content\/uploads\/2015\/12\/T51R-41-150x150.jpg\" alt=\"T51R-41\" width=\"150\" height=\"150\" srcset=\"https:\/\/bugatelier.eu\/wp-content\/uploads\/2015\/12\/T51R-41-150x150.jpg 150w, https:\/\/bugatelier.eu\/wp-content\/uploads\/2015\/12\/T51R-41-125x125.jpg 125w\" sizes=\"(max-width: 150px) 100vw, 150px\" \/><\/a><\/p>\n<\/div>\n<div class='clear'><\/div>\n<p style=\"text-align: left;\"><strong>Une Bugatti de grand prix Type 51 chez Bugatelier, il va y avoir du sport !<\/strong><\/p>\n<p style=\"text-align: left;\">Arriv\u00e9e dans l&#8217;atelier pour un changement de pneus et quelques menues bricoles, elle va finalement\u00a0 y rester quelques temps. De fait , lors de l&#8217;essai sur\u00a0 route apr\u00e8s le\u00a0 changement de pneus et l\u2019installation de clignotants homologu\u00e9s, nous nous sommes vite rendus compte que la voiture \u00e9tait difficile \u00e0 conduire, tr\u00e8s instable et de ce fait presque dangereuse.<\/p>\n<p style=\"text-align: left;\">Il s&#8217;en est suivi un r\u00e9glage complet du train avant, le pincement, l&#8217;angle de chasse ainsi que le changement des roulements des roues AV. Ces derniers pr\u00e9sentaient un jeu trop important. Un soin particulier a \u00e9t\u00e9 port\u00e9 au tarage et r\u00e9glage des amortisseurs tant \u00e0 l&#8217;avant\u00a0 qu&#8217;\u00e0 l&#8217;arri\u00e8re. Le pont arri\u00e8re\u00a0 pr\u00e9sentait un d\u00e9faut\u00a0 d&#8217;alignement et de centrage qui a \u00e9t\u00e9 \u00e9galement corrig\u00e9.<\/p>\n<p style=\"text-align: left;\">Le moteur avait des rat\u00e9s \u00e0 l&#8217;acc\u00e9l\u00e9ration dus \u00e0 un probl\u00e8me d&#8217;alimentation en essence. Ce probl\u00e8me a \u00e9t\u00e9 \u00e9galement r\u00e9gl\u00e9.\u00a0 Pour finir, la m\u00e9canique moteur a b\u00e9n\u00e9fici\u00e9 d&#8217;un resserrage\u00a0 complet pour, sinon stopper les fuites d&#8217;huile, \u00e0 tout le moins les r\u00e9duire \u00e0 une proportion acceptable.<\/p>\n<p style=\"text-align: left;\">Cette r\u00e9plique Pur Sang de Bugatti T51 est maintenant une autre voiture et l&#8217;on prend bien du plaisir \u00e0 la conduire !<\/p>\n<p>&nbsp;<\/p>\n","protected":false},"excerpt":{"rendered":"<p>Une Bugatti de grand prix Type 51 chez Bugatelier, il va y avoir du sport ! Arriv\u00e9e dans l&#8217;atelier pour un changement de pneus et quelques menues bricoles, elle va finalement\u00a0 y rester quelques temps. De fait , lors de l&#8217;essai sur\u00a0 route apr\u00e8s le\u00a0 changement de pneus et l\u2019installation de clignotants homologu\u00e9s, nous nous [&hellip;]<\/p>\n","protected":false},"author":1,"featured_media":0,"parent":0,"menu_order":0,"comment_status":"closed","ping_status":"closed","template":"page-fullwidth.php","meta":[],"_links":{"self":[{"href":"https:\/\/bugatelier.eu\/index.php?rest_route=\/wp\/v2\/pages\/2145"}],"collection":[{"href":"https:\/\/bugatelier.eu\/index.php?rest_route=\/wp\/v2\/pages"}],"about":[{"href":"https:\/\/bugatelier.eu\/index.php?rest_route=\/wp\/v2\/types\/page"}],"author":[{"embeddable":true,"href":"https:\/\/bugatelier.eu\/index.php?rest_route=\/wp\/v2\/users\/1"}],"replies":[{"embeddable":true,"href":"https:\/\/bugatelier.eu\/index.php?rest_route=%2Fwp%2Fv2%2Fcomments&post=2145"}],"version-history":[{"count":11,"href":"https:\/\/bugatelier.eu\/index.php?rest_route=\/wp\/v2\/pages\/2145\/revisions"}],"predecessor-version":[{"id":2303,"href":"https:\/\/bugatelier.eu\/index.php?rest_route=\/wp\/v2\/pages\/2145\/revisions\/2303"}],"wp:attachment":[{"href":"https:\/\/bugatelier.eu\/index.php?rest_route=%2Fwp%2Fv2%2Fmedia&parent=2145"}],"curies":[{"name":"wp","href":"https:\/\/api.w.org\/{rel}","templated":true}]}}