{"id":2037,"date":"2015-12-08T17:01:42","date_gmt":"2015-12-08T17:01:42","guid":{"rendered":"http:\/\/bugatelier.eu\/?page_id=2037"},"modified":"2025-03-17T10:17:35","modified_gmt":"2025-03-17T10:17:35","slug":"technique","status":"publish","type":"page","link":"https:\/\/bugatelier.eu\/?page_id=2037","title":{"rendered":"Technique"},"content":{"rendered":"<p><\/p>\n<p><em>Vous \u00eates ici sur une page datant de la cr\u00e9ation de l&#8217;atelier. Cette page n&#8217;est plus actualis\u00e9e. Elle est n\u00e9anmoins conserv\u00e9e pour t\u00e9moigner de la vie et de l&#8217;\u00e9volution de Bugatelier<\/em>. <a href=\"https:\/\/shop.bugatelier.eu\" data-type=\"URL\" data-id=\"https:\/\/shop.bugatelier.eu\" target=\"_blank\" rel=\"noreferrer noopener\">( vers le site actuel )<\/a><\/p>\n<p><\/p>\n<h2>Quelques exemples de travaux r\u00e9alis\u00e9s \u00e0 l&#8217;atelier .<\/h2>\n<div class='grid_2 alpha'>\n<div id=\"attachment_2041\" style=\"width: 160px\" class=\"wp-caption alignnone\"><a href=\"http:\/\/bugatelier.eu\/?portfolio=restauration-dun-volant\"><img aria-describedby=\"caption-attachment-2041\" decoding=\"async\" loading=\"lazy\" class=\"wp-image-2041 size-thumbnail\" src=\"http:\/\/bugatelier.eu\/wp-content\/uploads\/2015\/12\/volant1-150x150.jpg\" alt=\"volant1\" width=\"150\" height=\"150\" srcset=\"https:\/\/bugatelier.eu\/wp-content\/uploads\/2015\/12\/volant1-150x150.jpg 150w, https:\/\/bugatelier.eu\/wp-content\/uploads\/2015\/12\/volant1-125x125.jpg 125w\" sizes=\"(max-width: 150px) 100vw, 150px\" \/><\/a><p id=\"caption-attachment-2041\" class=\"wp-caption-text\">Restauration d&#8217;un volant<\/p><\/div>\n<\/div>\n<div class='grid_2'>\n<div id=\"attachment_2063\" style=\"width: 160px\" class=\"wp-caption alignnone\"><a href=\"http:\/\/bugatelier.eu\/?p=2055\"><img aria-describedby=\"caption-attachment-2063\" decoding=\"async\" loading=\"lazy\" class=\"wp-image-2063 size-thumbnail\" src=\"http:\/\/bugatelier.eu\/wp-content\/uploads\/2015\/12\/pont8-150x150.jpg\" alt=\"R\u00e9glage du couple conique\" width=\"150\" height=\"150\"><\/a><p id=\"caption-attachment-2063\" class=\"wp-caption-text\">Remise en \u00e9tat d&#8217;un pont arri\u00e8re<\/p><\/div>\n<\/div>\n<div class='grid_2'>\n<div id=\"attachment_2112\" style=\"width: 160px\" class=\"wp-caption alignnone\"><a href=\"http:\/\/bugatelier.eu\/?portfolio=embrayage\"><img aria-describedby=\"caption-attachment-2112\" decoding=\"async\" loading=\"lazy\" class=\"wp-image-2112 size-thumbnail\" src=\"http:\/\/bugatelier.eu\/wp-content\/uploads\/2015\/12\/embrayage10-150x150.jpg\" alt=\"Et voil\u00e0 un bel embrayage qui fonctionne bien.\" width=\"150\" height=\"150\"><\/a><p id=\"caption-attachment-2112\" class=\"wp-caption-text\">Refection embrayage<\/p><\/div>\n<\/div>\n<div class='grid_2'>\n<div id=\"attachment_2206\" style=\"width: 160px\" class=\"wp-caption alignnone\"><a href=\"http:\/\/bugatelier.eu\/?p=2191\"><img aria-describedby=\"caption-attachment-2206\" decoding=\"async\" loading=\"lazy\" class=\"wp-image-2206 size-thumbnail\" src=\"http:\/\/bugatelier.eu\/wp-content\/uploads\/2015\/12\/essieu22-150x150.jpg\" alt=\"essieu22\" width=\"150\" height=\"150\" srcset=\"https:\/\/bugatelier.eu\/wp-content\/uploads\/2015\/12\/essieu22-150x150.jpg 150w, https:\/\/bugatelier.eu\/wp-content\/uploads\/2015\/12\/essieu22-125x125.jpg 125w\" sizes=\"(max-width: 150px) 100vw, 150px\" \/><\/a><p id=\"caption-attachment-2206\" class=\"wp-caption-text\">Essieu Avant<\/p><\/div>\n<\/div>\n<div class='grid_2'>\n<div id=\"attachment_2280\" style=\"width: 160px\" class=\"wp-caption alignnone\"><a href=\"http:\/\/bugatelier.eu\/?p=2275\"><img aria-describedby=\"caption-attachment-2280\" decoding=\"async\" loading=\"lazy\" class=\"wp-image-2280 size-thumbnail\" src=\"http:\/\/bugatelier.eu\/wp-content\/uploads\/2015\/12\/frein4-150x150.jpg\" alt=\"frein4\" width=\"150\" height=\"150\" srcset=\"https:\/\/bugatelier.eu\/wp-content\/uploads\/2015\/12\/frein4-150x150.jpg 150w, https:\/\/bugatelier.eu\/wp-content\/uploads\/2015\/12\/frein4-125x125.jpg 125w\" sizes=\"(max-width: 150px) 100vw, 150px\" \/><\/a><p id=\"caption-attachment-2280\" class=\"wp-caption-text\">Frein<\/p><\/div>\n<\/div>\n<div class='grid_2 omega'>\n<div id=\"attachment_3050\" style=\"width: 160px\" class=\"wp-caption alignnone\"><a href=\"http:\/\/bugatelier.eu\/?portfolio=Bas-moteur\"><img aria-describedby=\"caption-attachment-3050\" decoding=\"async\" loading=\"lazy\" class=\"wp-image-3050 size-thumbnail\" src=\"http:\/\/bugatelier.eu\/wp-content\/uploads\/2017\/04\/ligne_villebrequin-150x150.jpg\" alt=\"\" width=\"150\" height=\"150\" srcset=\"https:\/\/bugatelier.eu\/wp-content\/uploads\/2017\/04\/ligne_villebrequin-150x150.jpg 150w, https:\/\/bugatelier.eu\/wp-content\/uploads\/2017\/04\/ligne_villebrequin-125x125.jpg 125w\" sizes=\"(max-width: 150px) 100vw, 150px\" \/><\/a><p id=\"caption-attachment-3050\" class=\"wp-caption-text\">Bas moteur<\/p><\/div>\n<\/div>\n<div class='clear'><\/div>\n<div class='grid_2 alpha'>\n<div id=\"attachment_3208\" style=\"width: 160px\" class=\"wp-caption alignnone\"><a href=\"http:\/\/bugatelier.eu\/?portfolio=haut-moteur\"><img aria-describedby=\"caption-attachment-3208\" decoding=\"async\" loading=\"lazy\" class=\"wp-image-3208 size-thumbnail\" src=\"http:\/\/bugatelier.eu\/wp-content\/uploads\/2017\/04\/bloc_cylindre-1-150x150.jpg\" alt=\"\" width=\"150\" height=\"150\" srcset=\"https:\/\/bugatelier.eu\/wp-content\/uploads\/2017\/04\/bloc_cylindre-1-150x150.jpg 150w, https:\/\/bugatelier.eu\/wp-content\/uploads\/2017\/04\/bloc_cylindre-1-125x125.jpg 125w\" sizes=\"(max-width: 150px) 100vw, 150px\" \/><\/a><p id=\"caption-attachment-3208\" class=\"wp-caption-text\">Haut moteur<\/p><\/div>\n<\/div>\n<div class='grid_2'>\n<div id=\"attachment_3083\" style=\"width: 160px\" class=\"wp-caption alignnone\"><a href=\"http:\/\/bugatelier.eu\/?portfolio=assemblage-du-moteur\"><img aria-describedby=\"caption-attachment-3083\" decoding=\"async\" loading=\"lazy\" class=\"wp-image-3083 size-thumbnail\" src=\"http:\/\/bugatelier.eu\/wp-content\/uploads\/2017\/04\/moteur_complet1-150x150.jpg\" alt=\"\" width=\"150\" height=\"150\" srcset=\"https:\/\/bugatelier.eu\/wp-content\/uploads\/2017\/04\/moteur_complet1-150x150.jpg 150w, https:\/\/bugatelier.eu\/wp-content\/uploads\/2017\/04\/moteur_complet1-125x125.jpg 125w\" sizes=\"(max-width: 150px) 100vw, 150px\" \/><\/a><p id=\"caption-attachment-3083\" class=\"wp-caption-text\">Remontage Moteur<\/p><\/div>\n<\/div>\n<div class='grid_2'>\n<div id=\"attachment_3088\" style=\"width: 160px\" class=\"wp-caption alignnone\"><a href=\"http:\/\/bugatelier.eu\/?portfolio=reparation-dun-carter\"><img aria-describedby=\"caption-attachment-3088\" decoding=\"async\" loading=\"lazy\" class=\"wp-image-3088 size-thumbnail\" src=\"http:\/\/bugatelier.eu\/wp-content\/uploads\/2017\/04\/bas-carter1-150x150.jpg\" alt=\"\" width=\"150\" height=\"150\" srcset=\"https:\/\/bugatelier.eu\/wp-content\/uploads\/2017\/04\/bas-carter1-150x150.jpg 150w, https:\/\/bugatelier.eu\/wp-content\/uploads\/2017\/04\/bas-carter1-125x125.jpg 125w\" sizes=\"(max-width: 150px) 100vw, 150px\" \/><\/a><p id=\"caption-attachment-3088\" class=\"wp-caption-text\">R\u00e9paration d&#8217;un carter<\/p><\/div>\n<\/div>\n<div class='grid_2'>\n<div id=\"attachment_3072\" style=\"width: 160px\" class=\"wp-caption alignnone\"><a href=\"http:\/\/bugatelier.eu\/?page_id=3734\"><img aria-describedby=\"caption-attachment-3072\" decoding=\"async\" loading=\"lazy\" class=\"wp-image-3072 size-thumbnail\" src=\"http:\/\/bugatelier.eu\/wp-content\/uploads\/2017\/04\/Banc2-150x150.jpg\" alt=\"\" width=\"150\" height=\"150\" srcset=\"https:\/\/bugatelier.eu\/wp-content\/uploads\/2017\/04\/Banc2-150x150.jpg 150w, https:\/\/bugatelier.eu\/wp-content\/uploads\/2017\/04\/Banc2-125x125.jpg 125w\" sizes=\"(max-width: 150px) 100vw, 150px\" \/><\/a><p id=\"caption-attachment-3072\" class=\"wp-caption-text\">Essai moteur<\/p><\/div>\n<\/div>\n<div class='grid_2'>\n<div id=\"attachment_3128\" style=\"width: 160px\" class=\"wp-caption alignnone\"><a href=\"http:\/\/bugatelier.eu\/?page_id=3127\"><img aria-describedby=\"caption-attachment-3128\" decoding=\"async\" loading=\"lazy\" class=\"wp-image-3128 size-thumbnail\" src=\"http:\/\/bugatelier.eu\/wp-content\/uploads\/2017\/04\/remonte_tableau_bord-150x150.jpg\" alt=\"\" width=\"150\" height=\"150\" srcset=\"https:\/\/bugatelier.eu\/wp-content\/uploads\/2017\/04\/remonte_tableau_bord-150x150.jpg 150w, https:\/\/bugatelier.eu\/wp-content\/uploads\/2017\/04\/remonte_tableau_bord-125x125.jpg 125w\" sizes=\"(max-width: 150px) 100vw, 150px\" \/><\/a><p id=\"caption-attachment-3128\" class=\"wp-caption-text\">Amortisseur t\u00e9l\u00e9r\u00e8glable Repusseau<\/p><\/div>\n<\/div>\n<div class='clear'><\/div>\n","protected":false},"excerpt":{"rendered":"<p>Vous \u00eates ici sur une page datant de la cr\u00e9ation de l&#8217;atelier. Cette page n&#8217;est plus actualis\u00e9e. Elle est n\u00e9anmoins conserv\u00e9e pour t\u00e9moigner de la vie et de l&#8217;\u00e9volution de Bugatelier. ( vers le site actuel ) Quelques exemples de travaux r\u00e9alis\u00e9s \u00e0 l&#8217;atelier .<\/p>\n","protected":false},"author":1,"featured_media":0,"parent":0,"menu_order":0,"comment_status":"closed","ping_status":"closed","template":"page-fullwidth.php","meta":[],"_links":{"self":[{"href":"https:\/\/bugatelier.eu\/index.php?rest_route=\/wp\/v2\/pages\/2037"}],"collection":[{"href":"https:\/\/bugatelier.eu\/index.php?rest_route=\/wp\/v2\/pages"}],"about":[{"href":"https:\/\/bugatelier.eu\/index.php?rest_route=\/wp\/v2\/types\/page"}],"author":[{"embeddable":true,"href":"https:\/\/bugatelier.eu\/index.php?rest_route=\/wp\/v2\/users\/1"}],"replies":[{"embeddable":true,"href":"https:\/\/bugatelier.eu\/index.php?rest_route=%2Fwp%2Fv2%2Fcomments&post=2037"}],"version-history":[{"count":50,"href":"https:\/\/bugatelier.eu\/index.php?rest_route=\/wp\/v2\/pages\/2037\/revisions"}],"predecessor-version":[{"id":7553,"href":"https:\/\/bugatelier.eu\/index.php?rest_route=\/wp\/v2\/pages\/2037\/revisions\/7553"}],"wp:attachment":[{"href":"https:\/\/bugatelier.eu\/index.php?rest_route=%2Fwp%2Fv2%2Fmedia&parent=2037"}],"curies":[{"name":"wp","href":"https:\/\/api.w.org\/{rel}","templated":true}]}}