{"id":1894,"date":"2015-09-17T14:16:36","date_gmt":"2015-09-17T14:16:36","guid":{"rendered":"http:\/\/bugatelier.eu\/?page_id=1894"},"modified":"2015-09-17T14:23:13","modified_gmt":"2015-09-17T14:23:13","slug":"nous-suivre-sur-facebook","status":"publish","type":"page","link":"https:\/\/bugatelier.eu\/?page_id=1894","title":{"rendered":"Nous suivre sur facebook"},"content":{"rendered":"<p>L&#8217;actualit\u00e9, les nouvelles et la vie de l&#8217;atelier sont aussi sur Facebook . N&#8217;h\u00e9sitez pas \u00e0 nous suivre !<br \/>\n[custom-facebook-feed]<\/p>\n","protected":false},"excerpt":{"rendered":"<p>L&#8217;actualit\u00e9, les nouvelles et la vie de l&#8217;atelier sont aussi sur Facebook . N&#8217;h\u00e9sitez pas \u00e0 nous suivre ! [custom-facebook-feed]<\/p>\n","protected":false},"author":1,"featured_media":0,"parent":0,"menu_order":0,"comment_status":"closed","ping_status":"closed","template":"","meta":[],"_links":{"self":[{"href":"https:\/\/bugatelier.eu\/index.php?rest_route=\/wp\/v2\/pages\/1894"}],"collection":[{"href":"https:\/\/bugatelier.eu\/index.php?rest_route=\/wp\/v2\/pages"}],"about":[{"href":"https:\/\/bugatelier.eu\/index.php?rest_route=\/wp\/v2\/types\/page"}],"author":[{"embeddable":true,"href":"https:\/\/bugatelier.eu\/index.php?rest_route=\/wp\/v2\/users\/1"}],"replies":[{"embeddable":true,"href":"https:\/\/bugatelier.eu\/index.php?rest_route=%2Fwp%2Fv2%2Fcomments&post=1894"}],"version-history":[{"count":3,"href":"https:\/\/bugatelier.eu\/index.php?rest_route=\/wp\/v2\/pages\/1894\/revisions"}],"predecessor-version":[{"id":1907,"href":"https:\/\/bugatelier.eu\/index.php?rest_route=\/wp\/v2\/pages\/1894\/revisions\/1907"}],"wp:attachment":[{"href":"https:\/\/bugatelier.eu\/index.php?rest_route=%2Fwp%2Fv2%2Fmedia&parent=1894"}],"curies":[{"name":"wp","href":"https:\/\/api.w.org\/{rel}","templated":true}]}}