{"id":1735,"date":"2015-05-06T20:47:15","date_gmt":"2015-05-06T20:47:15","guid":{"rendered":"http:\/\/bugatelier.eu\/?page_id=1735"},"modified":"2020-02-01T09:44:43","modified_gmt":"2020-02-01T09:44:43","slug":"press-review","status":"publish","type":"page","link":"https:\/\/bugatelier.eu\/?page_id=1735","title":{"rendered":"Press review"},"content":{"rendered":"<div class='grid_4 alpha'>\n<p class='promo_text'>&nbsp;<a href=\"http:\/\/bugatelier.eu\/wp-content\/uploads\/2015\/02\/article_lva_2014.pdf\">Revue LVA &nbsp;d\u00e9cembre 2014<\/a>&nbsp;<\/p>\n<p><a href=\"http:\/\/bugatelier.eu\/wp-content\/uploads\/2015\/02\/article_lva_2014.pdf\"><img decoding=\"async\" loading=\"lazy\" class=\"alignnone wp-image-1404 size-full\" src=\"http:\/\/bugatelier.eu\/wp-content\/uploads\/2015\/02\/bandeau_LVA.jpg\" alt=\"bandeau_LVA\" width=\"200\" height=\"74\"><\/a><\/p>\n<p>Un bel article dans LVA<\/p>\n<\/div>\n<div class='grid_4 alpha'>\n<p class='promo_text'>&nbsp;<a href=\"http:\/\/bugatelier.eu\/wp-content\/uploads\/2015\/02\/20140610_Neuenmarkt_Bugatti_Treffen_DDM_NK.pdf\">Neuenmark Zeitung juin 2014<\/a> <\/p>\n<p>Extrait&nbsp; de la publication du journal local lors du rallye international Bamberg 2015<\/p>\n<\/div>\n<div class='grid_4 omega'>\n<p class='promo_text'> <a href=\"http:\/\/bugatelier.eu\/wp-content\/uploads\/2015\/02\/EBA_revue_num_80.pdf\" target=\"_blank\" rel=\"noopener noreferrer\">Bulletin EBA d\u00e9cembre 2014<\/a> <\/p>\n<p><a href=\"http:\/\/bugatelier.eu\/wp-content\/uploads\/2015\/02\/EBA_revue_num_80.pdf\"><img decoding=\"async\" loading=\"lazy\" class=\"wp-image-1407 size-full alignnone\" src=\"http:\/\/bugatelier.eu\/wp-content\/uploads\/2015\/02\/bandeau_bulletin_bugatti.jpg\" alt=\"bandeau_bulletin_bugatti\" width=\"200\" height=\"60\"><\/a><\/p>\n<p>Le&nbsp; bulletin des Enthousiastes Bugatti d&#8217;Alsace<\/p>\n<\/div>\n<div class='clear'><\/div>\n<div class='grid_4 alpha'>\n<p class='promo_text'> <a href=\"http:\/\/bugatelier.eu\/wp-content\/uploads\/2015\/02\/retro_mai_2015_V2.pdf\">Autoretro mai 2015<\/a> <\/p>\n<p><a href=\"http:\/\/bugatelier.eu\/wp-content\/uploads\/2015\/02\/retro_mai_2015_V2.pdf\" target=\"_blank\" rel=\"noopener noreferrer\"><img decoding=\"async\" loading=\"lazy\" class=\"alignnone wp-image-1867 size-full\" src=\"http:\/\/bugatelier.eu\/wp-content\/uploads\/2015\/02\/bandeau_AUTORETRO_mai_2015.jpeg\" alt=\"bandeau_AUTORETRO_mai_2015\" width=\"300\" height=\"61\"><\/a><\/p>\n<p>Autor\u00e9tro parle de nous.<\/p>\n<\/div>\n<div class='grid_4 alpha'>\n<p class='promo_text'> <a href=\"http:\/\/www.classiccourses.fr\/2015\/09\/renaissance-dune-bugatti\/\">Classic Courses octobre 2015<\/a>&nbsp; <\/p>\n<p><a href=\"http:\/\/classiccourses.hautetfort.com\/archive\/2015\/09\/19\/bugatelier-2-titre-provisoire-5687359.html\" target=\"_blank\" rel=\"noopener noreferrer\"><img decoding=\"async\" loading=\"lazy\" class=\"alignnone wp-image-2002 size-full\" src=\"http:\/\/bugatelier.eu\/wp-content\/uploads\/2015\/02\/bandeau_classicourses.jpg\" alt=\"\" width=\"200\" height=\"63\"><\/a><\/p>\n<p>Un bel article sur la gen\u00e8se du Bugatelier.<\/p>\n<\/div>\n<div class='grid_4 alpha'>\n<p class='promo_text'> <a href=\"http:\/\/bugatelier.eu\/wp-content\/uploads\/2015\/02\/article-DNA-06-11-2016-11-11.pdf\" target=\"_blank\" rel=\"noopener noreferrer\">DNA novembre 2016<\/a>&nbsp; <\/p>\n<p><a href=\"http:\/\/bugatelier.eu\/wp-content\/uploads\/2015\/02\/article-DNA-06-11-2016-11-11.pdf\"><img decoding=\"async\" loading=\"lazy\" class=\"alignnone wp-image-2656 size-full\" src=\"http:\/\/bugatelier.eu\/wp-content\/uploads\/2015\/02\/Logo-DNA-e1480279508790.jpg\" alt=\"logo-dna\" width=\"200\" height=\"72\"><\/a><\/p>\n<p>Portrait de Christian Schann dans notre grand quotidien r\u00e9gional .<\/p>\n<\/div>\n<div class='grid_6 alpha'>\n<p class='promo_text'> <a href=\"\/wp-content\/uploads\/2020\/02\/le-reve_bugatti.mp4\" target=\"_blank\" rel=\"noopener noreferrer\">Emission de FR3 D\u00e9cembre 2016<\/a>&nbsp; <\/p>\n<p><a href=\"http:\/\/bugatelier.eu\/wp-content\/uploads\/2020\/02\/le-reve_bugatti.mp4\"><img decoding=\"async\" loading=\"lazy\" class=\"alignnone wp-image-2988 size-full\" src=\"http:\/\/bugatelier.eu\/wp-content\/uploads\/2015\/02\/bandeau_pourquoi_chercher_plus_loin_moyen.jpg\" alt=\"\" width=\"400\" height=\"234\" srcset=\"https:\/\/bugatelier.eu\/wp-content\/uploads\/2015\/02\/bandeau_pourquoi_chercher_plus_loin_moyen.jpg 400w, https:\/\/bugatelier.eu\/wp-content\/uploads\/2015\/02\/bandeau_pourquoi_chercher_plus_loin_moyen-300x176.jpg 300w\" sizes=\"(max-width: 400px) 100vw, 400px\" \/><\/a><\/p>\n<p>Il s&#8217;agit&nbsp; d&#8217;un excellent reportage sur l&#8217;\u00e9pop\u00e9e Bugatti en Alsace avec un&nbsp; passage remarqu\u00e9 chez Bugatelier. Apr\u00e8s sa diffusion, ce documentaire de 26 minutes a \u00e9t\u00e9 publi\u00e9 sur Youtube.&nbsp; Son visionnage est un r\u00e9el moment&nbsp; de plaisir !<\/p>\n<p><\/div><br \/>\n<div class='grid_6 alpha'><\/p>\n<p class='promo_text'> <a href=\"http:\/\/bugatelier.eu\/wp-content\/uploads\/2019\/05\/Video_TF1_Petite taille.mp4\" target=\"_blank\" rel=\"noopener noreferrer\" data-wplink-url-error=\"true\">TF1&nbsp; journal de 13h00 avril 2019<\/a> <\/p>\n<p><a href=\"http:\/\/bugatelier.eu\/wp-content\/uploads\/2019\/05\/Video_TF1_Petite taille.mp4\"><img decoding=\"async\" loading=\"lazy\" class=\"alignnone wp-image-6078 size-medium\" src=\"http:\/\/bugatelier.eu\/wp-content\/uploads\/2019\/04\/Icone-reportage_tf1-300x169.jpg\" alt=\"\" width=\"300\" height=\"169\" srcset=\"https:\/\/bugatelier.eu\/wp-content\/uploads\/2019\/04\/Icone-reportage_tf1-300x169.jpg 300w, https:\/\/bugatelier.eu\/wp-content\/uploads\/2019\/04\/Icone-reportage_tf1-768x432.jpg 768w, https:\/\/bugatelier.eu\/wp-content\/uploads\/2019\/04\/Icone-reportage_tf1-642x361.jpg 642w, https:\/\/bugatelier.eu\/wp-content\/uploads\/2019\/04\/Icone-reportage_tf1.jpg 960w\" sizes=\"(max-width: 300px) 100vw, 300px\" \/><\/a><\/p>\n<p>Extrait&nbsp; d&#8217;un beau reportage sur l&#8217;\u00e9pop\u00e9e Bugatti en Alsace, diffus\u00e9 sur TF1 dans le cadre du journal de 13H00.&nbsp;Suivez nous, montez \u00e0 bord d&#8217;un superbe roadster Bugatti Type 40 ! D\u00e9part de Bugatelier en direction de Molsheim avec Christian SCHANN.<\/p>\n<p><\/div><br \/>\n<div class='clear'><\/div><\/p>\n","protected":false},"excerpt":{"rendered":"<p>Un bel article dans LVA Extrait&nbsp; de la publication du journal local lors du rallye international Bamberg 2015 Le&nbsp; bulletin des Enthousiastes Bugatti d&#8217;Alsace Autor\u00e9tro parle de nous. Un bel article sur la gen\u00e8se du Bugatelier. Portrait de Christian Schann dans notre grand quotidien r\u00e9gional . Il s&#8217;agit&nbsp; d&#8217;un excellent reportage sur l&#8217;\u00e9pop\u00e9e Bugatti en [&hellip;]<\/p>\n","protected":false},"author":1,"featured_media":0,"parent":1602,"menu_order":0,"comment_status":"closed","ping_status":"closed","template":"page-fullwidth.php","meta":[],"_links":{"self":[{"href":"https:\/\/bugatelier.eu\/index.php?rest_route=\/wp\/v2\/pages\/1735"}],"collection":[{"href":"https:\/\/bugatelier.eu\/index.php?rest_route=\/wp\/v2\/pages"}],"about":[{"href":"https:\/\/bugatelier.eu\/index.php?rest_route=\/wp\/v2\/types\/page"}],"author":[{"embeddable":true,"href":"https:\/\/bugatelier.eu\/index.php?rest_route=\/wp\/v2\/users\/1"}],"replies":[{"embeddable":true,"href":"https:\/\/bugatelier.eu\/index.php?rest_route=%2Fwp%2Fv2%2Fcomments&post=1735"}],"version-history":[{"count":6,"href":"https:\/\/bugatelier.eu\/index.php?rest_route=\/wp\/v2\/pages\/1735\/revisions"}],"predecessor-version":[{"id":6378,"href":"https:\/\/bugatelier.eu\/index.php?rest_route=\/wp\/v2\/pages\/1735\/revisions\/6378"}],"up":[{"embeddable":true,"href":"https:\/\/bugatelier.eu\/index.php?rest_route=\/wp\/v2\/pages\/1602"}],"wp:attachment":[{"href":"https:\/\/bugatelier.eu\/index.php?rest_route=%2Fwp%2Fv2%2Fmedia&parent=1735"}],"curies":[{"name":"wp","href":"https:\/\/api.w.org\/{rel}","templated":true}]}}