{"id":1704,"date":"2015-02-27T18:23:22","date_gmt":"2015-02-27T18:23:22","guid":{"rendered":"http:\/\/bugatelier.eu\/?page_id=1704"},"modified":"2025-05-19T08:06:47","modified_gmt":"2025-05-19T08:06:47","slug":"die-werkstadt","status":"publish","type":"page","link":"https:\/\/bugatelier.eu\/?page_id=1704","title":{"rendered":"Werkstatt"},"content":{"rendered":"<p><em>Sie befinden sich hier auf der alte Website aus der Zeit der Entstehung der Werkstadt. Diese Seite wird nicht mehr aktualisiert. Dennoch ist es erhalten geblieben und zeugt vom Leben und der Entwicklung von Bugatelier. <a href=\"https:\/\/shop.bugatelier.eu\/de\/startseite\/\" target=\"_blank\" rel=\"noreferrer noopener\">( Zur aktuelle Seite )<\/a><\/em><\/p>\n<div class='grid_4 alpha'>\n<p><strong>Eine kurtze Besichtigung von Bugatelier. <\/strong>Das Unternehmen befindet sich in einem Els\u00e4ssischen Bauernhof aus dem fr\u00fchen 19. Jahrhundert, der mit alten Werkstoffen total renoviert wurde. Aus der Scheune wurde eine ger\u00e4umige und funktionelle Werkstatt.<\/p>\n<\/div>\n<div class='grid_6 omega'>\n<div style=\"width: 640px;\" class=\"wp-video\"><!--[if lt IE 9]><script>document.createElement('video');<\/script><![endif]-->\n<video class=\"wp-video-shortcode\" id=\"video-1704-1\" width=\"640\" height=\"427\" poster=\"http:\/\/bugatelier.eu\/wp-content\/uploads\/2015\/01\/Presentation-Bugatelier_480-m4v-image.jpg\" preload=\"metadata\" controls=\"controls\"><source type=\"video\/mp4\" src=\"http:\/\/bugatelier.eu\/wp-content\/uploads\/2011\/07\/Presentation-Bugatelier_480.m4v?_=1\" \/><a href=\"http:\/\/bugatelier.eu\/wp-content\/uploads\/2011\/07\/Presentation-Bugatelier_480.m4v\">http:\/\/bugatelier.eu\/wp-content\/uploads\/2011\/07\/Presentation-Bugatelier_480.m4v<\/a><\/video><\/div>\n<\/div>\n<div class='clear'><\/div>\n<hr>\n<div class='grid_4 alpha'>\n<p><strong>Motoreninstandsetzung<\/strong><br \/>\n<a href=\"http:\/\/bugatelier.eu\/?portfolio=der-motor\"><img decoding=\"async\" loading=\"lazy\" class=\"alignnone wp-image-742 size-medium\" src=\"http:\/\/bugatelier.eu\/wp-content\/uploads\/2014\/12\/Bugatelier_Acceuil_Moteur_T44-300x200.jpg\" alt=\"\" width=\"300\" height=\"200\" srcset=\"https:\/\/bugatelier.eu\/wp-content\/uploads\/2014\/12\/Bugatelier_Acceuil_Moteur_T44-300x200.jpg 300w, https:\/\/bugatelier.eu\/wp-content\/uploads\/2014\/12\/Bugatelier_Acceuil_Moteur_T44-642x428.jpg 642w, https:\/\/bugatelier.eu\/wp-content\/uploads\/2014\/12\/Bugatelier_Acceuil_Moteur_T44-978x652.jpg 978w, https:\/\/bugatelier.eu\/wp-content\/uploads\/2014\/12\/Bugatelier_Acceuil_Moteur_T44.jpg 1023w\" sizes=\"(max-width: 300px) 100vw, 300px\" \/><\/a><\/p>\n<\/div>\n<div class='grid_4'>\n<p><strong>Metallbearbeitung.<\/strong><br \/>\n<a href=\"http:\/\/bugatelier.eu\/?portfolio=bearbeitung-der-teilen\"><img decoding=\"async\" loading=\"lazy\" class=\"alignnone wp-image-747 size-medium\" src=\"http:\/\/bugatelier.eu\/wp-content\/uploads\/2014\/12\/Bugatelier_Atelier_machines_outil-300x200.jpg\" alt=\"Bugatelier_Atelier_machines_outil\" width=\"300\" height=\"200\" srcset=\"https:\/\/bugatelier.eu\/wp-content\/uploads\/2014\/12\/Bugatelier_Atelier_machines_outil-300x200.jpg 300w, https:\/\/bugatelier.eu\/wp-content\/uploads\/2014\/12\/Bugatelier_Atelier_machines_outil-642x428.jpg 642w, https:\/\/bugatelier.eu\/wp-content\/uploads\/2014\/12\/Bugatelier_Atelier_machines_outil-978x652.jpg 978w, https:\/\/bugatelier.eu\/wp-content\/uploads\/2014\/12\/Bugatelier_Atelier_machines_outil.jpg 1024w\" sizes=\"(max-width: 300px) 100vw, 300px\" \/><\/a><\/p>\n<\/div>\n<div class='grid_4 omega'>\n<p><strong>Montage<\/strong><br \/>\n<a href=\"http:\/\/bugatelier.eu\/?portfolio=verlegung-und-montage\"><img decoding=\"async\" loading=\"lazy\" class=\"alignnone wp-image-764 size-medium\" src=\"http:\/\/bugatelier.eu\/wp-content\/uploads\/2014\/12\/Bugatelier_Atelier_hall_assemblage_2-300x200.jpg\" alt=\"Bugatelier_Atelier_hall_assemblage_2\" width=\"300\" height=\"200\" srcset=\"https:\/\/bugatelier.eu\/wp-content\/uploads\/2014\/12\/Bugatelier_Atelier_hall_assemblage_2-300x200.jpg 300w, https:\/\/bugatelier.eu\/wp-content\/uploads\/2014\/12\/Bugatelier_Atelier_hall_assemblage_2-642x428.jpg 642w, https:\/\/bugatelier.eu\/wp-content\/uploads\/2014\/12\/Bugatelier_Atelier_hall_assemblage_2-978x652.jpg 978w, https:\/\/bugatelier.eu\/wp-content\/uploads\/2014\/12\/Bugatelier_Atelier_hall_assemblage_2.jpg 1024w\" sizes=\"(max-width: 300px) 100vw, 300px\" \/><\/a><\/p>\n<\/div>\n<div class='clear'><\/div>\n<div class='grid_4 alpha'>\n<p><strong>Messtechnick<\/strong><br \/>\n<a href=\"http:\/\/bugatelier.eu\/?portfolio=messtechnik\"><img decoding=\"async\" loading=\"lazy\" class=\"alignnone wp-image-759 size-medium\" src=\"http:\/\/bugatelier.eu\/wp-content\/uploads\/2014\/12\/Bugatelier_Services_Metrologie-200x300.jpg\" alt=\"Bugatelier_Services_Metrologie\" width=\"200\" height=\"300\" srcset=\"https:\/\/bugatelier.eu\/wp-content\/uploads\/2014\/12\/Bugatelier_Services_Metrologie-200x300.jpg 200w, https:\/\/bugatelier.eu\/wp-content\/uploads\/2014\/12\/Bugatelier_Services_Metrologie.jpg 534w\" sizes=\"(max-width: 200px) 100vw, 200px\" \/><\/a><\/p>\n<\/div>\n<div class='grid_4'>\n<p><strong>Schreinerei<\/strong><\/p>\n<p><a href=\"http:\/\/bugatelier.eu\/?portfolio=schreinerei\"><img decoding=\"async\" loading=\"lazy\" class=\"alignnone wp-image-928 size-medium\" src=\"http:\/\/bugatelier.eu\/wp-content\/uploads\/2015\/01\/menuiserie-300x199.jpg\" alt=\"menuiserie\" width=\"300\" height=\"199\" srcset=\"https:\/\/bugatelier.eu\/wp-content\/uploads\/2015\/01\/menuiserie-300x199.jpg 300w, https:\/\/bugatelier.eu\/wp-content\/uploads\/2015\/01\/menuiserie-642x427.jpg 642w, https:\/\/bugatelier.eu\/wp-content\/uploads\/2015\/01\/menuiserie.jpg 800w\" sizes=\"(max-width: 300px) 100vw, 300px\" \/><\/a><\/p>\n<\/div>\n<div class='clear'><\/div>\n<a href='#' class='scroll-top'>Hinauf?<\/a>\n","protected":false},"excerpt":{"rendered":"<p>Sie befinden sich hier auf der alte Website aus der Zeit der Entstehung der Werkstadt. Diese Seite wird nicht mehr aktualisiert. Dennoch ist es erhalten geblieben und zeugt vom Leben und der Entwicklung von Bugatelier. ( Zur aktuelle Seite ) Eine kurtze Besichtigung von Bugatelier. Das Unternehmen befindet sich in einem Els\u00e4ssischen Bauernhof aus dem [&hellip;]<\/p>\n","protected":false},"author":1,"featured_media":0,"parent":0,"menu_order":0,"comment_status":"closed","ping_status":"closed","template":"page-fullwidth.php","meta":[],"_links":{"self":[{"href":"https:\/\/bugatelier.eu\/index.php?rest_route=\/wp\/v2\/pages\/1704"}],"collection":[{"href":"https:\/\/bugatelier.eu\/index.php?rest_route=\/wp\/v2\/pages"}],"about":[{"href":"https:\/\/bugatelier.eu\/index.php?rest_route=\/wp\/v2\/types\/page"}],"author":[{"embeddable":true,"href":"https:\/\/bugatelier.eu\/index.php?rest_route=\/wp\/v2\/users\/1"}],"replies":[{"embeddable":true,"href":"https:\/\/bugatelier.eu\/index.php?rest_route=%2Fwp%2Fv2%2Fcomments&post=1704"}],"version-history":[{"count":20,"href":"https:\/\/bugatelier.eu\/index.php?rest_route=\/wp\/v2\/pages\/1704\/revisions"}],"predecessor-version":[{"id":7570,"href":"https:\/\/bugatelier.eu\/index.php?rest_route=\/wp\/v2\/pages\/1704\/revisions\/7570"}],"wp:attachment":[{"href":"https:\/\/bugatelier.eu\/index.php?rest_route=%2Fwp%2Fv2%2Fmedia&parent=1704"}],"curies":[{"name":"wp","href":"https:\/\/api.w.org\/{rel}","templated":true}]}}