{"id":1468,"date":"2015-02-17T17:05:29","date_gmt":"2015-02-17T17:05:29","guid":{"rendered":"http:\/\/bugatelier.eu\/?page_id=1468"},"modified":"2026-03-03T11:18:14","modified_gmt":"2026-03-03T11:18:14","slug":"heim","status":"publish","type":"page","link":"https:\/\/bugatelier.eu\/?page_id=1468","title":{"rendered":"Startseite"},"content":{"rendered":"<p><\/p>\n<h2 class=\"wp-block-heading\">Die alte Version der Website<\/h2>\n<p><\/p>\n<p><\/p>\n<p>Sie befinden sich hier auf der alte Website aus der Zeit der Entstehung der Werkstadt. Diese Seite wird nicht mehr aktualisiert. Dennoch ist es erhalten geblieben und zeugt vom Leben und der Entwicklung von Bugatelier. <a rel=\"noreferrer noopener\" href=\"https:\/\/shop.bugatelier.eu\/de\/startseite\/\" target=\"_blank\">Zur aktuelle Version<\/a><\/p>\n<p><\/p>\n<p><\/p>\n<h2 class=\"wp-block-heading\">Bugatti, in Els\u00e4ssich<\/h2>\n<p><\/p>\n<p><\/p>\n<p class=\"has-drop-cap\">Jeder wei\u00df, wie wichtig der Herkunftsgedanke ist, wenn es um prestigetr\u00e4chtige Autos wie den Bugatti geht. Sie wurden im Elsass in Molsheim gebaut und von Ingenieuren, Vorarbeitern und Arbeitern zusammengebaut, die sich auf Els\u00e4ssisch verst\u00e4ndigten. Diese sch\u00f6ne Sprache, die manche Dialekt nennen, wird bei uns, im Bugatelier, noch t\u00e4glich gesprochen! So sieht es in einem Auszug aus Rund Um aus, einer Sendung in els\u00e4ssischem Dialekt, die von France 3 Grand Est gedreht und w\u00e4hrend des Bugatti-Festivals in Molsheim 2022 ausgestrahlt wurde.  <\/p>\n<p><\/p>\n<p><\/p>\n<figure class=\"wp-block-video\"><video controls src=\"http:\/\/bugatelier.eu\/wp-content\/uploads\/2022\/09\/extrait_rund_um_15_sept_2022.mp4\"><\/video><figcaption class=\"wp-element-caption\">Rund Um dreht bei Bugatelier \ud83d\ude42<\/p>\n<\/figcaption><\/figure>\n<p><\/p>\n<p><\/p>\n<figure class=\"wp-block-image\"><img decoding=\"async\" loading=\"lazy\" width=\"911\" height=\"683\" src=\"http:\/\/bugatelier.eu\/wp-content\/uploads\/2022\/08\/t44-vue-plongeante-V2-911x683.jpg\" alt=\"\" class=\"wp-image-7429\" srcset=\"https:\/\/bugatelier.eu\/wp-content\/uploads\/2022\/08\/t44-vue-plongeante-V2-911x683.jpg 911w, https:\/\/bugatelier.eu\/wp-content\/uploads\/2022\/08\/t44-vue-plongeante-V2-300x225.jpg 300w, https:\/\/bugatelier.eu\/wp-content\/uploads\/2022\/08\/t44-vue-plongeante-V2-768x576.jpg 768w, https:\/\/bugatelier.eu\/wp-content\/uploads\/2022\/08\/t44-vue-plongeante-V2-642x482.jpg 642w, https:\/\/bugatelier.eu\/wp-content\/uploads\/2022\/08\/t44-vue-plongeante-V2-978x734.jpg 978w, https:\/\/bugatelier.eu\/wp-content\/uploads\/2022\/08\/t44-vue-plongeante-V2.jpg 1024w\" sizes=\"(max-width: 911px) 100vw, 911px\" \/><\/figure>\n<p><\/p>\n<p><\/p>\n<h2 class=\"wp-block-heading\">Neue Ersatzteile !<\/h2>\n<p><\/p>\n<p><\/p>\n<figure class=\"wp-block-image\"><a href=\"https:\/\/shop.bugatelier.eu\/de\/startseite\/\" target=\"_blank\" rel=\"noopener noreferrer\"><img decoding=\"async\" loading=\"lazy\" width=\"960\" height=\"520\" src=\"http:\/\/bugatelier.eu\/wp-content\/uploads\/2021\/07\/compo_comm_shop3_de.jpg\" alt=\"\" class=\"wp-image-7126\" srcset=\"https:\/\/bugatelier.eu\/wp-content\/uploads\/2021\/07\/compo_comm_shop3_de.jpg 960w, https:\/\/bugatelier.eu\/wp-content\/uploads\/2021\/07\/compo_comm_shop3_de-300x163.jpg 300w, https:\/\/bugatelier.eu\/wp-content\/uploads\/2021\/07\/compo_comm_shop3_de-768x416.jpg 768w, https:\/\/bugatelier.eu\/wp-content\/uploads\/2021\/07\/compo_comm_shop3_de-642x348.jpg 642w\" sizes=\"(max-width: 960px) 100vw, 960px\" \/><\/a><figcaption class=\"wp-element-caption\">Bugatti Ersatzteile, Schrauben und Muttern  sind jetzt  verf\u00fcgbar bei Bugatelier on line !<\/figcaption><\/figure>\n<p><\/p>\n<p><\/p>\n<h2 class=\"wp-block-heading\">Die letzten vid\u00e9os<\/h2>\n<p><\/p>\n<p>\n<table id=\"tablepress-49\" class=\"tablepress tablepress-id-49\">\n<tbody>\n<tr class=\"row-1\">\n\t<td class=\"column-1\"><div style=\"width: 480px;\" class=\"wp-video\"><video class=\"wp-video-shortcode\" id=\"video-43-5\" width=\"480\" height=\"270\" preload=\"metadata\" controls=\"controls\"><source type=\"video\/mp4\" src=\"http:\/\/bugatelier.eu\/wp-content\/uploads\/2021\/12\/usinage-carter-pont.mp4?_=5\" \/><a href=\"http:\/\/bugatelier.eu\/wp-content\/uploads\/2021\/12\/usinage-carter-pont.mp4\">http:\/\/bugatelier.eu\/wp-content\/uploads\/2021\/12\/usinage-carter-pont.mp4<\/a><\/video><\/div><\/td><td class=\"column-2\"><div style=\"width: 480px;\" class=\"wp-video\"><video class=\"wp-video-shortcode\" id=\"video-43-4\" width=\"480\" height=\"270\" preload=\"metadata\" controls=\"controls\"><source type=\"video\/mp4\" src=\"http:\/\/bugatelier.eu\/wp-content\/uploads\/2022\/01\/com_puzzle_pieces.mp4?_=4\" \/><a href=\"http:\/\/bugatelier.eu\/wp-content\/uploads\/2022\/01\/com_puzzle_pieces.mp4\">http:\/\/bugatelier.eu\/wp-content\/uploads\/2022\/01\/com_puzzle_pieces.mp4<\/a><\/video><\/div><\/td>\n<\/tr>\n<tr class=\"row-2\">\n\t<td class=\"column-1\"><div style=\"width: 480px;\" class=\"wp-video\"><video class=\"wp-video-shortcode\" id=\"video-43-3\" width=\"480\" height=\"270\" preload=\"metadata\" controls=\"controls\"><source type=\"video\/mp4\" src=\"http:\/\/bugatelier.eu\/wp-content\/uploads\/2021\/09\/moyeu-rudge3.mp4?_=3\" \/><a href=\"http:\/\/bugatelier.eu\/wp-content\/uploads\/2021\/09\/moyeu-rudge3.mp4\">http:\/\/bugatelier.eu\/wp-content\/uploads\/2021\/09\/moyeu-rudge3.mp4<\/a><\/video><\/div><\/td><td class=\"column-2\"><div style=\"width: 480px;\" class=\"wp-video\"><video class=\"wp-video-shortcode\" id=\"video-43-2\" width=\"480\" height=\"270\" preload=\"metadata\" controls=\"controls\"><source type=\"video\/mp4\" src=\"http:\/\/bugatelier.eu\/wp-content\/uploads\/2021\/03\/T37A-essai-route.mp4?_=2\" \/><a href=\"http:\/\/bugatelier.eu\/wp-content\/uploads\/2021\/03\/T37A-essai-route.mp4\">http:\/\/bugatelier.eu\/wp-content\/uploads\/2021\/03\/T37A-essai-route.mp4<\/a><\/video><\/div><\/td>\n<\/tr>\n<tr class=\"row-3\">\n\t<td class=\"column-1\"><div style=\"width: 480px;\" class=\"wp-video\"><!--[if lt IE 9]><script>document.createElement('video');<\/script><![endif]-->\n<video class=\"wp-video-shortcode\" id=\"video-43-1\" width=\"480\" height=\"270\" preload=\"metadata\" controls=\"controls\"><source type=\"video\/mp4\" src=\"http:\/\/bugatelier.eu\/wp-content\/uploads\/2021\/05\/Diaporama-pompe-\u00e0-eau.mp4?_=1\" \/><a href=\"http:\/\/bugatelier.eu\/wp-content\/uploads\/2021\/05\/Diaporama-pompe-\u00e0-eau.mp4\">http:\/\/bugatelier.eu\/wp-content\/uploads\/2021\/05\/Diaporama-pompe-\u00e0-eau.mp4<\/a><\/video><\/div><\/td><td class=\"column-2\"><\/td>\n<\/tr>\n<\/tbody>\n<\/table>\n<!-- #tablepress-49 from cache -->\n<\/p>\n<p><\/p>\n<p><\/p>\n<p><\/p>\n<div class=\"wp-block-media-text alignwide has-media-on-the-right\" style=\"grid-template-columns:auto 67%\">\n<figure class=\"wp-block-media-text__media\"><img decoding=\"async\" loading=\"lazy\" width=\"920\" height=\"683\" src=\"http:\/\/bugatelier.eu\/wp-content\/uploads\/2021\/01\/chrisant-920x683.jpg\" alt=\"\" class=\"wp-image-6984\" srcset=\"https:\/\/bugatelier.eu\/wp-content\/uploads\/2021\/01\/chrisant-920x683.jpg 920w, https:\/\/bugatelier.eu\/wp-content\/uploads\/2021\/01\/chrisant-300x223.jpg 300w, https:\/\/bugatelier.eu\/wp-content\/uploads\/2021\/01\/chrisant-768x570.jpg 768w, https:\/\/bugatelier.eu\/wp-content\/uploads\/2021\/01\/chrisant-642x477.jpg 642w, https:\/\/bugatelier.eu\/wp-content\/uploads\/2021\/01\/chrisant-978x726.jpg 978w, https:\/\/bugatelier.eu\/wp-content\/uploads\/2021\/01\/chrisant.jpg 2048w\" sizes=\"(max-width: 920px) 100vw, 920px\" \/><\/figure>\n<div class=\"wp-block-media-text__content\">\n<\/p>\n<h2 class=\"wp-block-heading\">Eine tolle Verst\u00e4rkung<\/h2>\n<p><br \/>\n<\/p>\n<p><br \/>\n<\/p>\n<p>BUGATELIER freut sich bekannt zu geben, dass Antoine, Sohn des Gr\u00fcnders Christian SCHANN, am 1. September in das Unternehmen eingetreten ist.<\/p>\n<p>\n<\/div>\n<\/div>\n<p><\/p>\n<h3 style=\"text-align: left;\">Ersatzteile&#8230;.. neu und auf Lager!<\/h3>\n<div class='grid_2 alpha'>\n<div id=\"attachment_6409\" style=\"width: 160px\" class=\"wp-caption alignnone\"><a href=\"http:\/\/bugatelier.eu\/?page_id=5549\"><img aria-describedby=\"caption-attachment-6409\" decoding=\"async\" loading=\"lazy\" class=\"wp-image-6409 size-thumbnail\" src=\"http:\/\/bugatelier.eu\/wp-content\/uploads\/2020\/02\/ensemble-soupape-150x150.jpg\" alt=\"\" width=\"150\" height=\"150\" srcset=\"https:\/\/bugatelier.eu\/wp-content\/uploads\/2020\/02\/ensemble-soupape-150x150.jpg 150w, https:\/\/bugatelier.eu\/wp-content\/uploads\/2020\/02\/ensemble-soupape-125x125.jpg 125w\" sizes=\"(max-width: 150px) 100vw, 150px\" \/><\/a><p id=\"caption-attachment-6409\" class=\"wp-caption-text\">Ensemble soupapes +guides<\/p><\/div>\n<\/div>\n<div class='grid_2'>\n<div id=\"attachment_6481\" style=\"width: 160px\" class=\"wp-caption alignnone\"><a href=\"http:\/\/bugatelier.eu\/?page_id=581\"><img aria-describedby=\"caption-attachment-6481\" decoding=\"async\" loading=\"lazy\" class=\"wp-image-6481 size-thumbnail\" src=\"http:\/\/bugatelier.eu\/wp-content\/uploads\/2020\/06\/Goujon_pont_ar_folio_41-1-et-41-2-1-150x150.jpg\" alt=\"\" width=\"150\" height=\"150\" srcset=\"https:\/\/bugatelier.eu\/wp-content\/uploads\/2020\/06\/Goujon_pont_ar_folio_41-1-et-41-2-1-150x150.jpg 150w, https:\/\/bugatelier.eu\/wp-content\/uploads\/2020\/06\/Goujon_pont_ar_folio_41-1-et-41-2-1-125x125.jpg 125w\" sizes=\"(max-width: 150px) 100vw, 150px\" \/><\/a><p id=\"caption-attachment-6481\" class=\"wp-caption-text\">Goujons pont AR<\/p><\/div>\n<\/div>\n<div class='clear'><\/div>\n<h3>Letzte Projecte<\/h3>\n<div class='grid_4 alpha'>\n<p><a href=\"http:\/\/bugatelier.eu\/?page_id=4524\" target=\"_blank\" rel=\"noopener noreferrer\"><img decoding=\"async\" loading=\"lazy\" class=\"alignnone wp-image-4944 size-medium\" src=\"http:\/\/bugatelier.eu\/wp-content\/uploads\/2019\/02\/moteur1-1-300x200.jpg\" alt=\"\" width=\"300\" height=\"200\" srcset=\"https:\/\/bugatelier.eu\/wp-content\/uploads\/2019\/02\/moteur1-1-300x200.jpg 300w, https:\/\/bugatelier.eu\/wp-content\/uploads\/2019\/02\/moteur1-1-768x512.jpg 768w, https:\/\/bugatelier.eu\/wp-content\/uploads\/2019\/02\/moteur1-1-642x428.jpg 642w, https:\/\/bugatelier.eu\/wp-content\/uploads\/2019\/02\/moteur1-1.jpg 800w\" sizes=\"(max-width: 300px) 100vw, 300px\" \/><\/a><\/p>\n<\/div>\n<div class='grid_4'>\n<p><a href=\"http:\/\/bugatelier.eu\/?portfolio=numerisation-carrosserie\" target=\"_blank\" rel=\"noopener noreferrer\"><img decoding=\"async\" loading=\"lazy\" class=\"alignnone wp-image-6273 size-medium\" src=\"http:\/\/bugatelier.eu\/wp-content\/uploads\/2020\/01\/num-Atalante-MNA-28042017-031-300x200.jpg\" alt=\"\" width=\"300\" height=\"200\" srcset=\"https:\/\/bugatelier.eu\/wp-content\/uploads\/2020\/01\/num-Atalante-MNA-28042017-031-300x200.jpg 300w, https:\/\/bugatelier.eu\/wp-content\/uploads\/2020\/01\/num-Atalante-MNA-28042017-031-768x512.jpg 768w, https:\/\/bugatelier.eu\/wp-content\/uploads\/2020\/01\/num-Atalante-MNA-28042017-031-642x428.jpg 642w, https:\/\/bugatelier.eu\/wp-content\/uploads\/2020\/01\/num-Atalante-MNA-28042017-031.jpg 800w\" sizes=\"(max-width: 300px) 100vw, 300px\" \/><\/a><\/p>\n<\/div>\n<div class='grid_4 omega'>\n<p><a href=\"http:\/\/bugatelier.eu\/?page_id=4947\" target=\"_blank\" rel=\"noopener noreferrer\"><img decoding=\"async\" loading=\"lazy\" class=\"alignnone wp-image-4963 size-medium\" src=\"http:\/\/bugatelier.eu\/wp-content\/uploads\/2019\/02\/IMG_3841-300x200.jpg\" alt=\"\" width=\"300\" height=\"200\" srcset=\"https:\/\/bugatelier.eu\/wp-content\/uploads\/2019\/02\/IMG_3841-300x200.jpg 300w, https:\/\/bugatelier.eu\/wp-content\/uploads\/2019\/02\/IMG_3841-768x512.jpg 768w, https:\/\/bugatelier.eu\/wp-content\/uploads\/2019\/02\/IMG_3841-1024x683.jpg 1024w, https:\/\/bugatelier.eu\/wp-content\/uploads\/2019\/02\/IMG_3841-642x428.jpg 642w, https:\/\/bugatelier.eu\/wp-content\/uploads\/2019\/02\/IMG_3841-978x652.jpg 978w\" sizes=\"(max-width: 300px) 100vw, 300px\" \/><\/a><\/p>\n<\/div>\n<div class='clear'><\/div>\n","protected":false},"excerpt":{"rendered":"<p>Die alte Version der Website Sie befinden sich hier auf der alte Website aus der Zeit der Entstehung der Werkstadt. Diese Seite wird nicht mehr aktualisiert. Dennoch ist es erhalten geblieben und zeugt vom Leben und der Entwicklung von Bugatelier. Zur aktuelle Version Bugatti, in Els\u00e4ssich Jeder wei\u00df, wie wichtig der Herkunftsgedanke ist, wenn es [&hellip;]<\/p>\n","protected":false},"author":1,"featured_media":0,"parent":0,"menu_order":0,"comment_status":"closed","ping_status":"closed","template":"page-fullwidth.php","meta":[],"_links":{"self":[{"href":"https:\/\/bugatelier.eu\/index.php?rest_route=\/wp\/v2\/pages\/1468"}],"collection":[{"href":"https:\/\/bugatelier.eu\/index.php?rest_route=\/wp\/v2\/pages"}],"about":[{"href":"https:\/\/bugatelier.eu\/index.php?rest_route=\/wp\/v2\/types\/page"}],"author":[{"embeddable":true,"href":"https:\/\/bugatelier.eu\/index.php?rest_route=\/wp\/v2\/users\/1"}],"replies":[{"embeddable":true,"href":"https:\/\/bugatelier.eu\/index.php?rest_route=%2Fwp%2Fv2%2Fcomments&post=1468"}],"version-history":[{"count":54,"href":"https:\/\/bugatelier.eu\/index.php?rest_route=\/wp\/v2\/pages\/1468\/revisions"}],"predecessor-version":[{"id":7585,"href":"https:\/\/bugatelier.eu\/index.php?rest_route=\/wp\/v2\/pages\/1468\/revisions\/7585"}],"wp:attachment":[{"href":"https:\/\/bugatelier.eu\/index.php?rest_route=%2Fwp%2Fv2%2Fmedia&parent=1468"}],"curies":[{"name":"wp","href":"https:\/\/api.w.org\/{rel}","templated":true}]}}