{"id":1249,"date":"2015-02-02T20:41:09","date_gmt":"2015-02-02T20:41:09","guid":{"rendered":"http:\/\/bugatelier.eu\/?page_id=1249"},"modified":"2015-02-19T20:35:54","modified_gmt":"2015-02-19T20:35:54","slug":"mentions-legales","status":"publish","type":"page","link":"https:\/\/bugatelier.eu\/?page_id=1249","title":{"rendered":"Mentions l\u00e9gales"},"content":{"rendered":"<p>Les documents et photographies publi\u00e9s sur ce site sont prot\u00e9g\u00e9s par un copyright \u00a9. Ils ne peuvent \u00eatre reproduits sans l&#8217;accord express de leur auteur.<\/p>\n<hr \/>\n<div class='grid_6 alpha'>\n<h3>Directeur de publication<\/h3>\n<p>Christian SCHANN, rue des Perdrix 67205 OBERHAUSBERGEN<\/p>\n<h3>Cr\u00e9dits photographiques<\/h3>\n<p>Fr\u00e9d\u00e9ric BAJARD, Op der Ton, L6188 Gonderange Luxembourg<br \/>\nBarbara CORDIALE <a href=\"http:\/\/www.barbara-cordiale.com\" target=\"_blank\">http:\/\/www.barbara-cordiale.com<\/a><\/p>\n<h3>Site Internet<\/h3>\n<p>Le site Internet bugatelier.eu est h\u00e9berg\u00e9 chez <a href=\"https:\/\/www.ovh.com\/fr\/support\/documents_legaux\/\" target=\"_blank\">OVH<\/a><br \/>\nIl est propuls\u00e9 avec un th\u00e8me <a href=\"http:\/\/www.cudazi.com\/\" target=\"_blank\">Cudazi<\/a><\/p>\n<\/div>\n<div class='grid_6 omega'>\n<h3>L&#8217;entreprise<\/h3>\n<p>Bugatelier est une entreprise inscrite au registre de commerce de Strasbourg.<\/p>\n<h3>Nos partenaires<\/h3>\n<p><a href=\"http:\/\/www.enthousiastes-bugatti-alsace.com\/\" target=\"_blank\"><img decoding=\"async\" loading=\"lazy\" class=\"alignnone wp-image-1273 size-full\" src=\"http:\/\/bugatelier.eu\/wp-content\/uploads\/2015\/02\/pt_logoEBA.png\" alt=\"pt_logoEBA\" width=\"100\" height=\"59\" \/><\/a> <a href=\"http:\/\/www.bugattipage.com\/\" target=\"_blank\"><img decoding=\"async\" loading=\"lazy\" class=\"alignnone wp-image-1567 size-full\" src=\"http:\/\/bugatelier.eu\/wp-content\/uploads\/2015\/02\/bugattipage.png\" alt=\"bugattipage\" width=\"100\" height=\"31\" \/><\/a><a href=\"http:\/\/www.bugattiaircraft.com\" target=\"_blank\"><img decoding=\"async\" loading=\"lazy\" class=\"alignnone wp-image-1566 size-full\" src=\"http:\/\/bugatelier.eu\/wp-content\/uploads\/2015\/02\/bugatti_aircraft.png\" alt=\"bugatti_aircraft\" width=\"100\" height=\"100\" \/><\/a> <a href=\"http:\/\/www.bugattirevue.com\" target=\"_blank\"><img decoding=\"async\" loading=\"lazy\" class=\"alignnone wp-image-1565 size-full\" src=\"http:\/\/bugatelier.eu\/wp-content\/uploads\/2015\/02\/the_bugatti_revue.png\" alt=\"the_bugatti_revue\" width=\"150\" height=\"33\" \/><\/a><\/p>\n<h3>Nous sommes pr\u00e9sents sur les r\u00e9seaux sociaux<\/h3>\n\r\n<a href='#custom-link' class='social-icon' title='Add a hover title!'><img src='https:\/\/bugatelier.eu\/wp-content\/themes\/mono\/images\/social_icons\/picons03.png' alt='Add a hover title!' \/><\/a>\r\n<a href='#custom-link' class='social-icon' title='Add a hover title!'><img src='https:\/\/bugatelier.eu\/wp-content\/themes\/mono\/images\/social_icons\/picons05.png' alt='Add a hover title!' \/><\/a>\r\n<a href='#custom-link' class='social-icon' title='Add a hover title!'><img src='https:\/\/bugatelier.eu\/wp-content\/themes\/mono\/images\/social_icons\/picons06.png' alt='Add a hover title!' \/><\/a>\r\n<a href='#custom-link' class='social-icon' title='Add a hover title!'><img src='https:\/\/bugatelier.eu\/wp-content\/themes\/mono\/images\/social_icons\/picons07.png' alt='Add a hover title!' \/><\/a>\r\n<a href='#custom-link' class='social-icon' title='Add a hover title!'><img src='https:\/\/bugatelier.eu\/wp-content\/themes\/mono\/images\/social_icons\/picons09.png' alt='Add a hover title!' \/><\/a>\r\n<\/div>\n","protected":false},"excerpt":{"rendered":"<p>Les documents et photographies publi\u00e9s sur ce site sont prot\u00e9g\u00e9s par un copyright \u00a9. Ils ne peuvent \u00eatre reproduits sans l&#8217;accord express de leur auteur. Directeur de publication Christian SCHANN, rue des Perdrix 67205 OBERHAUSBERGEN Cr\u00e9dits photographiques Fr\u00e9d\u00e9ric BAJARD, Op der Ton, L6188 Gonderange Luxembourg Barbara CORDIALE http:\/\/www.barbara-cordiale.com Site Internet Le site Internet bugatelier.eu est [&hellip;]<\/p>\n","protected":false},"author":2,"featured_media":0,"parent":372,"menu_order":0,"comment_status":"closed","ping_status":"closed","template":"page-fullwidth.php","meta":[],"_links":{"self":[{"href":"https:\/\/bugatelier.eu\/index.php?rest_route=\/wp\/v2\/pages\/1249"}],"collection":[{"href":"https:\/\/bugatelier.eu\/index.php?rest_route=\/wp\/v2\/pages"}],"about":[{"href":"https:\/\/bugatelier.eu\/index.php?rest_route=\/wp\/v2\/types\/page"}],"author":[{"embeddable":true,"href":"https:\/\/bugatelier.eu\/index.php?rest_route=\/wp\/v2\/users\/2"}],"replies":[{"embeddable":true,"href":"https:\/\/bugatelier.eu\/index.php?rest_route=%2Fwp%2Fv2%2Fcomments&post=1249"}],"version-history":[{"count":31,"href":"https:\/\/bugatelier.eu\/index.php?rest_route=\/wp\/v2\/pages\/1249\/revisions"}],"predecessor-version":[{"id":1571,"href":"https:\/\/bugatelier.eu\/index.php?rest_route=\/wp\/v2\/pages\/1249\/revisions\/1571"}],"up":[{"embeddable":true,"href":"https:\/\/bugatelier.eu\/index.php?rest_route=\/wp\/v2\/pages\/372"}],"wp:attachment":[{"href":"https:\/\/bugatelier.eu\/index.php?rest_route=%2Fwp%2Fv2%2Fmedia&parent=1249"}],"curies":[{"name":"wp","href":"https:\/\/api.w.org\/{rel}","templated":true}]}}