{"id":1134,"date":"2015-01-26T21:40:33","date_gmt":"2015-01-26T21:40:33","guid":{"rendered":"http:\/\/bugatelier.eu\/?page_id=1134"},"modified":"2025-03-17T10:13:08","modified_gmt":"2025-03-17T10:13:08","slug":"realisations","status":"publish","type":"page","link":"https:\/\/bugatelier.eu\/?page_id=1134","title":{"rendered":"R\u00e9alisations"},"content":{"rendered":"<p><\/p>\n<p><em>Vous \u00eates ici sur une page datant de la cr\u00e9ation de l&#8217;atelier. Cette page n&#8217;est plus actualis\u00e9e. Elle est n\u00e9anmoins conserv\u00e9e pour t\u00e9moigner de la vie et de l&#8217;\u00e9volution de Bugatelier<\/em>. <a href=\"https:\/\/shop.bugatelier.eu\" data-type=\"URL\" data-id=\"https:\/\/shop.bugatelier.eu\" target=\"_blank\" rel=\"noreferrer noopener\">( vers le site actuel )<\/a><\/p>\n<p><\/p>\n<div class='grid_4 alpha'>\n<div id=\"attachment_3104\" style=\"width: 310px\" class=\"wp-caption alignnone\"><a href=\"http:\/\/bugatelier.eu\/?page_id=3102\"><img aria-describedby=\"caption-attachment-3104\" decoding=\"async\" loading=\"lazy\" class=\"wp-image-3104\" src=\"http:\/\/bugatelier.eu\/wp-content\/uploads\/2017\/04\/sortie_brescia-300x170.jpg\" alt=\"Bugatti type 23 Brescia\" width=\"300\" height=\"200\"><\/a><p id=\"caption-attachment-3104\" class=\"wp-caption-text\">Bugatti type 23<\/p><\/div>\n<\/div>\n<div class='grid_4 alpha'>\n<div id=\"attachment_4890\" style=\"width: 310px\" class=\"wp-caption alignnone\"><a href=\"http:\/\/bugatelier.eu\/?page_id=4757\"><img aria-describedby=\"caption-attachment-4890\" decoding=\"async\" loading=\"lazy\" class=\"wp-image-4890 size-medium\" src=\"http:\/\/bugatelier.eu\/wp-content\/uploads\/2019\/02\/Brescia-1318-XF-001-300x200.jpg\" alt=\"Bugatti type 13 Brescia rouge\" width=\"300\" height=\"200\" srcset=\"https:\/\/bugatelier.eu\/wp-content\/uploads\/2019\/02\/Brescia-1318-XF-001-300x200.jpg 300w, https:\/\/bugatelier.eu\/wp-content\/uploads\/2019\/02\/Brescia-1318-XF-001-768x512.jpg 768w, https:\/\/bugatelier.eu\/wp-content\/uploads\/2019\/02\/Brescia-1318-XF-001-1024x683.jpg 1024w, https:\/\/bugatelier.eu\/wp-content\/uploads\/2019\/02\/Brescia-1318-XF-001-642x428.jpg 642w, https:\/\/bugatelier.eu\/wp-content\/uploads\/2019\/02\/Brescia-1318-XF-001-978x652.jpg 978w\" sizes=\"(max-width: 300px) 100vw, 300px\" \/><\/a><p id=\"caption-attachment-4890\" class=\"wp-caption-text\">Bugatti type 13 Brescia<\/p><\/div>\n<\/div>\n<div class='grid_4 omega'>\n<div id=\"attachment_4422\" style=\"width: 310px\" class=\"wp-caption alignnone\"><a href=\"http:\/\/bugatelier.eu\/?page_id=4370\"><img aria-describedby=\"caption-attachment-4422\" decoding=\"async\" loading=\"lazy\" class=\"wp-image-4422 size-medium\" src=\"http:\/\/bugatelier.eu\/wp-content\/uploads\/2019\/02\/moteur6-300x200.jpg\" alt=\"Moteur Bugatti type 35 B\" width=\"300\" height=\"200\" srcset=\"https:\/\/bugatelier.eu\/wp-content\/uploads\/2019\/02\/moteur6-300x200.jpg 300w, https:\/\/bugatelier.eu\/wp-content\/uploads\/2019\/02\/moteur6-768x512.jpg 768w, https:\/\/bugatelier.eu\/wp-content\/uploads\/2019\/02\/moteur6-642x428.jpg 642w, https:\/\/bugatelier.eu\/wp-content\/uploads\/2019\/02\/moteur6.jpg 800w\" sizes=\"(max-width: 300px) 100vw, 300px\" \/><\/a><p id=\"caption-attachment-4422\" class=\"wp-caption-text\">Moteur T35B (R)<\/p><\/div>\n<\/div>\n<div class='clear'><\/div>\n<div class='grid_4 alpha'>\n<div id=\"attachment_3877\" style=\"width: 310px\" class=\"wp-caption alignnone\"><a href=\"http:\/\/bugatelier.eu\/?page_id=3699\"><img aria-describedby=\"caption-attachment-3877\" decoding=\"async\" loading=\"lazy\" class=\"wp-image-3877 size-medium\" src=\"http:\/\/bugatelier.eu\/wp-content\/uploads\/2015\/01\/reduit_cour_de_face-300x225.jpg\" alt=\"Bugatti type 38  1927 ( carrosserie Lavocat et Marsot )\" width=\"300\" height=\"225\" srcset=\"https:\/\/bugatelier.eu\/wp-content\/uploads\/2015\/01\/reduit_cour_de_face-300x225.jpg 300w, https:\/\/bugatelier.eu\/wp-content\/uploads\/2015\/01\/reduit_cour_de_face-768x576.jpg 768w, https:\/\/bugatelier.eu\/wp-content\/uploads\/2015\/01\/reduit_cour_de_face-642x482.jpg 642w, https:\/\/bugatelier.eu\/wp-content\/uploads\/2015\/01\/reduit_cour_de_face.jpg 800w\" sizes=\"(max-width: 300px) 100vw, 300px\" \/><\/a><p id=\"caption-attachment-3877\" class=\"wp-caption-text\">Bugatti Type 38<\/p><\/div>\n<\/div>\n<div class='grid_4 alpha'>\n<div id=\"attachment_3802\" style=\"width: 310px\" class=\"wp-caption alignnone\"><a href=\"http:\/\/bugatelier.eu\/?page_id=3800\"><img aria-describedby=\"caption-attachment-3802\" decoding=\"async\" loading=\"lazy\" class=\"wp-image-3802 size-medium\" src=\"http:\/\/bugatelier.eu\/wp-content\/uploads\/2017\/10\/T40930_cour-300x225.jpg\" alt=\"Bugatti  Type 40  roadster 1930 \" width=\"300\" height=\"225\" srcset=\"https:\/\/bugatelier.eu\/wp-content\/uploads\/2017\/10\/T40930_cour-300x225.jpg 300w, https:\/\/bugatelier.eu\/wp-content\/uploads\/2017\/10\/T40930_cour-768x576.jpg 768w, https:\/\/bugatelier.eu\/wp-content\/uploads\/2017\/10\/T40930_cour-642x482.jpg 642w, https:\/\/bugatelier.eu\/wp-content\/uploads\/2017\/10\/T40930_cour.jpg 800w\" sizes=\"(max-width: 300px) 100vw, 300px\" \/><\/a><p id=\"caption-attachment-3802\" class=\"wp-caption-text\">Bugatti Type 40<\/p><\/div>\n<\/div>\n<div class='grid_4 omega'>\n<div id=\"attachment_3695\" style=\"width: 310px\" class=\"wp-caption alignnone\"><a href=\"http:\/\/bugatelier.eu\/?portfolio=40107\"><img aria-describedby=\"caption-attachment-3695\" decoding=\"async\" loading=\"lazy\" class=\"wp-image-3695 size-medium\" src=\"http:\/\/bugatelier.eu\/wp-content\/uploads\/2017\/10\/40001_cour-1-300x225.jpg\" alt=\"Bugatti type 40 roadster 1930\" width=\"300\" height=\"225\" srcset=\"https:\/\/bugatelier.eu\/wp-content\/uploads\/2017\/10\/40001_cour-1-300x225.jpg 300w, https:\/\/bugatelier.eu\/wp-content\/uploads\/2017\/10\/40001_cour-1-768x576.jpg 768w, https:\/\/bugatelier.eu\/wp-content\/uploads\/2017\/10\/40001_cour-1-642x482.jpg 642w, https:\/\/bugatelier.eu\/wp-content\/uploads\/2017\/10\/40001_cour-1.jpg 800w\" sizes=\"(max-width: 300px) 100vw, 300px\" \/><\/a><p id=\"caption-attachment-3695\" class=\"wp-caption-text\">Bugatti Type 40<\/p><\/div>\n<\/div>\n<div class='clear'><\/div>\n<div class='grid_4 alpha'>\n<div id=\"attachment_10\" style=\"width: 310px\" class=\"wp-caption alignnone\"><a href=\"http:\/\/bugatelier.eu\/?portfolio=projet-bugatti-t44\"><img aria-describedby=\"caption-attachment-10\" decoding=\"async\" loading=\"lazy\" class=\"wp-image-10 size-medium\" src=\"http:\/\/bugatelier.eu\/wp-content\/uploads\/2014\/12\/photo-une-300x199.jpg\" alt=\"Bugatti type 44 1926 chassis roulant\" width=\"300\" height=\"199\" srcset=\"https:\/\/bugatelier.eu\/wp-content\/uploads\/2014\/12\/photo-une-300x199.jpg 300w, https:\/\/bugatelier.eu\/wp-content\/uploads\/2014\/12\/photo-une-1024x682.jpg 1024w, https:\/\/bugatelier.eu\/wp-content\/uploads\/2014\/12\/photo-une.jpg 1118w\" sizes=\"(max-width: 300px) 100vw, 300px\" \/><\/a><p id=\"caption-attachment-10\" class=\"wp-caption-text\">Bugatti Type 44<\/p><\/div>\n<\/div>\n<div class='grid_4 alpha'>\n<div id=\"attachment_3673\" style=\"width: 310px\" class=\"wp-caption alignnone\"><a href=\"http:\/\/bugatelier.eu\/?page_id=3698\"><img aria-describedby=\"caption-attachment-3673\" decoding=\"async\" loading=\"lazy\" class=\"wp-image-3673 size-medium\" src=\"http:\/\/bugatelier.eu\/wp-content\/uploads\/2017\/10\/IMG_2623-300x225.jpg\" alt=\"Bugatti Type 44 roadster\" width=\"300\" height=\"225\" srcset=\"https:\/\/bugatelier.eu\/wp-content\/uploads\/2017\/10\/IMG_2623-300x225.jpg 300w, https:\/\/bugatelier.eu\/wp-content\/uploads\/2017\/10\/IMG_2623-768x576.jpg 768w, https:\/\/bugatelier.eu\/wp-content\/uploads\/2017\/10\/IMG_2623-911x683.jpg 911w, https:\/\/bugatelier.eu\/wp-content\/uploads\/2017\/10\/IMG_2623-642x482.jpg 642w, https:\/\/bugatelier.eu\/wp-content\/uploads\/2017\/10\/IMG_2623-978x734.jpg 978w\" sizes=\"(max-width: 300px) 100vw, 300px\" \/><\/a><p id=\"caption-attachment-3673\" class=\"wp-caption-text\">Bugatti Type 44<\/p><\/div>\n<\/div>\n<div class='grid_4 omega'>\n<div id=\"attachment_4963\" style=\"width: 310px\" class=\"wp-caption alignnone\"><a href=\"http:\/\/bugatelier.eu\/?page_id=4947\"><img aria-describedby=\"caption-attachment-4963\" decoding=\"async\" loading=\"lazy\" class=\"wp-image-4963 size-medium\" src=\"http:\/\/bugatelier.eu\/wp-content\/uploads\/2019\/02\/IMG_3841-300x200.jpg\" alt=\"Bugatti type 49 roadster\" width=\"300\" height=\"200\" srcset=\"https:\/\/bugatelier.eu\/wp-content\/uploads\/2019\/02\/IMG_3841-300x200.jpg 300w, https:\/\/bugatelier.eu\/wp-content\/uploads\/2019\/02\/IMG_3841-768x512.jpg 768w, https:\/\/bugatelier.eu\/wp-content\/uploads\/2019\/02\/IMG_3841-1024x683.jpg 1024w, https:\/\/bugatelier.eu\/wp-content\/uploads\/2019\/02\/IMG_3841-642x428.jpg 642w, https:\/\/bugatelier.eu\/wp-content\/uploads\/2019\/02\/IMG_3841-978x652.jpg 978w\" sizes=\"(max-width: 300px) 100vw, 300px\" \/><\/a><p id=\"caption-attachment-4963\" class=\"wp-caption-text\">Bugatti Type 49<\/p><\/div>\n<\/div>\n<div class='clear'><\/div>\n<div class='grid_4 alpha'>\n<div id=\"attachment_4975\" style=\"width: 310px\" class=\"wp-caption alignnone\"><a href=\"http:\/\/bugatelier.eu\/?portfolio=bugatti-t492\"><img aria-describedby=\"caption-attachment-4975\" decoding=\"async\" loading=\"lazy\" class=\"wp-image-4975 size-medium\" src=\"http:\/\/bugatelier.eu\/wp-content\/uploads\/2019\/02\/voiture_cour2-300x200.jpg\" alt=\"Bugatti type 49\" width=\"300\" height=\"200\" srcset=\"https:\/\/bugatelier.eu\/wp-content\/uploads\/2019\/02\/voiture_cour2-300x200.jpg 300w, https:\/\/bugatelier.eu\/wp-content\/uploads\/2019\/02\/voiture_cour2-768x512.jpg 768w, https:\/\/bugatelier.eu\/wp-content\/uploads\/2019\/02\/voiture_cour2-642x428.jpg 642w, https:\/\/bugatelier.eu\/wp-content\/uploads\/2019\/02\/voiture_cour2.jpg 800w\" sizes=\"(max-width: 300px) 100vw, 300px\" \/><\/a><p id=\"caption-attachment-4975\" class=\"wp-caption-text\">Bugatti type 49<\/p><\/div>\n<\/div>\n<div class='grid_4 alpha'>\n<div id=\"attachment_5052\" style=\"width: 310px\" class=\"wp-caption alignnone\"><a href=\"http:\/\/bugatelier.eu\/?page_id=2145\"><img aria-describedby=\"caption-attachment-5052\" decoding=\"async\" loading=\"lazy\" class=\"wp-image-5052 size-medium\" src=\"http:\/\/bugatelier.eu\/wp-content\/uploads\/2019\/02\/Fichier_002-1-e1549959457468-300x225.jpg\" alt=\"Bugatti Type 51(R)\" width=\"300\" height=\"225\" srcset=\"https:\/\/bugatelier.eu\/wp-content\/uploads\/2019\/02\/Fichier_002-1-e1549959457468-300x225.jpg 300w, https:\/\/bugatelier.eu\/wp-content\/uploads\/2019\/02\/Fichier_002-1-e1549959457468.jpg 768w, https:\/\/bugatelier.eu\/wp-content\/uploads\/2019\/02\/Fichier_002-1-e1549959457468-642x482.jpg 642w\" sizes=\"(max-width: 300px) 100vw, 300px\" \/><\/a><p id=\"caption-attachment-5052\" class=\"wp-caption-text\">Bugatti Type 51(R)<\/p><\/div>\n<\/div>\n<div class='grid_4 omega'>\n<div id=\"attachment_2295\" style=\"width: 310px\" class=\"wp-caption alignnone\"><a href=\"http:\/\/bugatelier.eu\/?page_id=2309\"><img aria-describedby=\"caption-attachment-2295\" decoding=\"async\" loading=\"lazy\" class=\"wp-image-2295 size-medium\" src=\"http:\/\/bugatelier.eu\/wp-content\/uploads\/2015\/01\/coup\u00e9-Fontana-sortie-atelier-300x224.jpg\" alt=\"Bugatti type 57 ( carrosserie Fontana )\" width=\"300\" height=\"224\" srcset=\"https:\/\/bugatelier.eu\/wp-content\/uploads\/2015\/01\/coup\u00e9-Fontana-sortie-atelier-300x224.jpg 300w, https:\/\/bugatelier.eu\/wp-content\/uploads\/2015\/01\/coup\u00e9-Fontana-sortie-atelier-642x481.jpg 642w, https:\/\/bugatelier.eu\/wp-content\/uploads\/2015\/01\/coup\u00e9-Fontana-sortie-atelier.jpg 911w\" sizes=\"(max-width: 300px) 100vw, 300px\" \/><\/a><p id=\"caption-attachment-2295\" class=\"wp-caption-text\">Bugatti Type 57<\/p><\/div>\n<\/div>\n<div class='clear'><\/div>\n<div class='grid_4 alpha'>\n<div id=\"attachment_3122\" style=\"width: 310px\" class=\"wp-caption alignnone\"><a href=\"http:\/\/bugatelier.eu\/?page_id=3113\"><img aria-describedby=\"caption-attachment-3122\" decoding=\"async\" loading=\"lazy\" class=\"wp-image-3122 size-medium\" src=\"http:\/\/bugatelier.eu\/wp-content\/uploads\/2015\/01\/sortie_atelier_galibier_wurmser2-300x171.jpg\" alt=\"Bugatti Type 57 Galibier\" width=\"300\" height=\"171\" srcset=\"https:\/\/bugatelier.eu\/wp-content\/uploads\/2015\/01\/sortie_atelier_galibier_wurmser2-300x171.jpg 300w, https:\/\/bugatelier.eu\/wp-content\/uploads\/2015\/01\/sortie_atelier_galibier_wurmser2-768x438.jpg 768w, https:\/\/bugatelier.eu\/wp-content\/uploads\/2015\/01\/sortie_atelier_galibier_wurmser2-306x175.jpg 306w, https:\/\/bugatelier.eu\/wp-content\/uploads\/2015\/01\/sortie_atelier_galibier_wurmser2-642x366.jpg 642w, https:\/\/bugatelier.eu\/wp-content\/uploads\/2015\/01\/sortie_atelier_galibier_wurmser2.jpg 855w\" sizes=\"(max-width: 300px) 100vw, 300px\" \/><\/a><p id=\"caption-attachment-3122\" class=\"wp-caption-text\">Bugatti Type 57<\/p><\/div>\n<\/div>\n<div class='grid_4 alpha'>\n<div id=\"attachment_4997\" style=\"width: 310px\" class=\"wp-caption alignnone\"><a href=\"http:\/\/bugatelier.eu\/?page_id=4951\"><img aria-describedby=\"caption-attachment-4997\" decoding=\"async\" loading=\"lazy\" class=\"wp-image-4997 size-medium\" src=\"http:\/\/bugatelier.eu\/wp-content\/uploads\/2019\/02\/voiture_garage-300x200.jpg\" alt=\"Bugatti Type 57 ( Carrosserie Letourneur et Marchand )\" width=\"300\" height=\"200\" srcset=\"https:\/\/bugatelier.eu\/wp-content\/uploads\/2019\/02\/voiture_garage-300x200.jpg 300w, https:\/\/bugatelier.eu\/wp-content\/uploads\/2019\/02\/voiture_garage-768x512.jpg 768w, https:\/\/bugatelier.eu\/wp-content\/uploads\/2019\/02\/voiture_garage-642x428.jpg 642w, https:\/\/bugatelier.eu\/wp-content\/uploads\/2019\/02\/voiture_garage.jpg 800w\" sizes=\"(max-width: 300px) 100vw, 300px\" \/><\/a><p id=\"caption-attachment-4997\" class=\"wp-caption-text\">Bugatti Type 57<\/p><\/div>\n<\/div>\n<div class='grid_4 omega'>\n<div class='clear'><\/div>\n<div class='grid_4 alpha'>\n<\/div>\n<div class='grid_4 alpha'>\n<\/div>\n<div class='grid_4 omega'>\n<\/div>\n<div class='clear'><\/div>\n<div class='grid_4 alpha'>\n<\/div>\n<div class='grid_4 alpha'>\n<\/div>\n<div class='grid_4 omega'>\n<\/div>\n<div class='clear'><\/div>\n","protected":false},"excerpt":{"rendered":"<p>Vous \u00eates ici sur une page datant de la cr\u00e9ation de l&#8217;atelier. Cette page n&#8217;est plus actualis\u00e9e. Elle est n\u00e9anmoins conserv\u00e9e pour t\u00e9moigner de la vie et de l&#8217;\u00e9volution de Bugatelier. ( vers le site actuel )<\/p>\n","protected":false},"author":1,"featured_media":0,"parent":0,"menu_order":0,"comment_status":"closed","ping_status":"closed","template":"page-fullwidth.php","meta":[],"_links":{"self":[{"href":"https:\/\/bugatelier.eu\/index.php?rest_route=\/wp\/v2\/pages\/1134"}],"collection":[{"href":"https:\/\/bugatelier.eu\/index.php?rest_route=\/wp\/v2\/pages"}],"about":[{"href":"https:\/\/bugatelier.eu\/index.php?rest_route=\/wp\/v2\/types\/page"}],"author":[{"embeddable":true,"href":"https:\/\/bugatelier.eu\/index.php?rest_route=\/wp\/v2\/users\/1"}],"replies":[{"embeddable":true,"href":"https:\/\/bugatelier.eu\/index.php?rest_route=%2Fwp%2Fv2%2Fcomments&post=1134"}],"version-history":[{"count":55,"href":"https:\/\/bugatelier.eu\/index.php?rest_route=\/wp\/v2\/pages\/1134\/revisions"}],"predecessor-version":[{"id":7551,"href":"https:\/\/bugatelier.eu\/index.php?rest_route=\/wp\/v2\/pages\/1134\/revisions\/7551"}],"wp:attachment":[{"href":"https:\/\/bugatelier.eu\/index.php?rest_route=%2Fwp%2Fv2%2Fmedia&parent=1134"}],"curies":[{"name":"wp","href":"https:\/\/api.w.org\/{rel}","templated":true}]}}